{"id":282,"date":"2021-06-15T08:27:42","date_gmt":"2021-06-15T08:27:42","guid":{"rendered":"https:\/\/deliforyou.com\/?page_id=282"},"modified":"2026-01-05T10:22:46","modified_gmt":"2026-01-05T16:22:46","slug":"o-nas","status":"publish","type":"page","link":"https:\/\/deliforyou.com\/pl\/o-nas\/","title":{"rendered":"O nas"},"content":{"rendered":"\r\n<p>&nbsp;<\/p>\r\n\r\n\r\n\r\n<p class=\"has-medium-font-size\"><strong>Poznaj Nas<\/strong>!<\/p>\r\n\r\n\r\n\r\n<p>Deli 4 You Market to co\u015b wi\u0119cej ni\u017c tylko sklep spo\u017cywczy \u2014 to rodzinna pasja. Za\u0142o\u017cony i prowadzony przez <strong>Margaret Antonik<\/strong>, Deli 4 You Market od ponad dekady dostarcza mieszka\u0144com aglomeracji chicagowskiej autentyczne polskie i europejskie smaki. Od jednego ma\u0142ego sklepu po pi\u0119\u0107 pr\u0119\u017cnie dzia\u0142aj\u0105cych lokalizacji, Margaret stworzy\u0142a wyj\u0105tkowe miejsce na zakupy, kt\u00f3re \u0142\u0105czy w sobie urok europejskiego targu z nowoczesnym, eleganckim stylem, jakiego nie znajdziesz nigdzie indziej.<\/p>\r\n<p>U jej boku stoi c\u00f3rka, <strong>Joanna<\/strong>, prawa r\u0119ka Margaret w realizacji tej wizji. Razem zbudowa\u0142y firm\u0119 opart\u0105 na tradycji, jako\u015bci i trosce o ka\u017cdego klienta, kt\u00f3ry przekracza pr\u00f3g naszych sklep\u00f3w.<\/p>\r\n\r\n\r\n\r\n<p>&nbsp;<\/p>\r\n\r\n\r\n\r\n<figure class=\"wp-block-image size-full\"><img decoding=\"async\" class=\"wp-image-802 imgfloatleft\" src=\"https:\/\/deliforyou.com\/wp-content\/uploads\/2021\/10\/deli-onas-1.jpg\" alt=\"\" \/><\/figure>\r\n\r\n<p>&nbsp;<\/p>\r\n\r\n<p><strong>Pe\u0142na Oferta Europejskiego Sklepu<\/strong><\/p>\r\n\r\n\r\n\r\n<p>Wchodz\u0105c do Deli 4 You Market, znajdziesz \u015bwie\u017ce owoce i warzywa, pe\u0142ny dzia\u0142 mi\u0119sny oraz jeden z najwi\u0119kszych w aglomeracji chicagowskiej dzia\u0142\u00f3w delikatesowych, oferuj\u0105cy ponad 100 rodzaj\u00f3w w\u0119dlin krojonych na wag\u0119. Oferujemy tak\u017ce gotowe dania na gor\u0105co, sa\u0142atki i zupy przygotowywane codziennie w naszej w\u0142asnej kuchni, a tak\u017ce piekarni\u0119 z domowym chlebem, sernikami, p\u0105czkami, ciasteczkami i dro\u017cd\u017c\u00f3wkami.<\/p>\r\n<p>Jeste\u015bmy dumni, \u017ce jako jedyni umo\u017cliwiamy naszym klientom podziwianie na \u017cywo procesu lepienia pierog\u00f3w. Opr\u00f3cz \u017cywno\u015bci znajdziesz u nas r\u00f3wnie\u017c produkty importowane, nabia\u0142, mro\u017conki, kosmetyki, sezonowe artyku\u0142y przemys\u0142owe oraz alkohol.<\/p>\r\n\r\n<p>&nbsp;<\/p>\r\n\r\n<p><strong>Catering, kt\u00f3ry Zachwyca<\/strong><\/p>\r\n\r\n\r\n\r\n<p>Planujesz przyj\u0119cie? Oddaj to w nasze r\u0119ce. Od wesel i chrzt\u00f3w po urodziny i graduacje \u2014 nasze zestawy cateringowe przygotowywane s\u0105 z t\u0105 sam\u0105 staranno\u015bci\u0105 i jako\u015bci\u0105, kt\u00f3re kochasz w naszych sklepach. Niezale\u017cnie od tego, czy zapraszasz 20 os\u00f3b, czy 300, sprawimy, \u017ce b\u0119dzie to niezapomniane wydarzenie.<\/p>\r\n<p>Odwied\u017a nasz profil na Facebooku i zobacz <a href=\"https:\/\/www.facebook.com\/media\/set\/?set=a.1713629948714669&amp;type=3\" target=\"_blank\" rel=\"noreferrer noopener\">Album Cateringowy<\/a> z przyk\u0142adami naszych realizacji. Gdy b\u0119dziesz gotowy do zam\u00f3wienia, wystarczy zadzwoni\u0107 do najbli\u017cszego sklepu Deli 4 You Market, a my zajmiemy si\u0119 reszt\u0105. Nasze menu cateringowe znajdziesz <a href=\"https:\/\/deliforyou.com\/en\/category\/catering\/\">tutaj<\/a> .<\/p>\r\n\r\n\r\n\r\n<p>&nbsp;<\/p>\r\n\r\n\r\n\r\n<p><strong>Dlaczego Warto Wybra\u0107 Produkty Europejskie?<\/strong><\/p>\r\n\r\n\r\n\r\n<p>Produkty europejskie s\u0105 znane na ca\u0142ym \u015bwiecie ze swoich wyj\u0105tkowych standard\u00f3w i dba\u0142o\u015bci o jako\u015b\u0107. Wiele z nich powstaje pod \u015bcis\u0142ymi regulacjami, kt\u00f3re gwarantuj\u0105 autentyczno\u015b\u0107, bezpiecze\u0144stwo i powtarzalno\u015b\u0107. Wybieraj\u0105c towary z Europy, cz\u0119sto si\u0119gasz po \u017cywno\u015b\u0107 przygotowan\u0105 z mniejsz\u0105 ilo\u015bci\u0105 dodatk\u00f3w, z lepszej jako\u015bci sk\u0142adnik\u00f3w oraz wed\u0142ug tradycyjnych metod, kt\u00f3re zachowuj\u0105 zar\u00f3wno smak, jak i warto\u015bci od\u017cywcze.<\/p>\r\n<p>Od nabia\u0142u i pieczywa, przez w\u0119dliny i wyroby cukiernicze, a\u017c po czekolady \u2014 europejscy producenci stawiaj\u0105 na rzemios\u0142o, a nie na masow\u0105 produkcj\u0119. Dzi\u0119ki temu \u017cywno\u015b\u0107 nie tylko smakuje lepiej, ale te\u017c pozostaje bli\u017csza swojej naturalnej formie. Dla naszych klient\u00f3w oznacza to produkty czystsze, bardziej autentyczne i pe\u0142ne prawdziwego smaku.<\/p>\r\n<p>Oferuj\u0105c je w Deli 4 You Market, dajemy naszej spo\u0142eczno\u015bci mo\u017cliwo\u015b\u0107 si\u0119gni\u0119cia po artyku\u0142y, kt\u00f3re s\u0105 cenione w Europie i uznawane na ca\u0142ym \u015bwiecie za najwy\u017csze standardy jako\u015bci. Robi\u0105c u nas zakupy, nie kupujesz po prostu jedzenia \u2014 wybierasz produkty, kt\u00f3re stawiaj\u0105 <strong>jako\u015b\u0107 na pierwszym miejscu<\/strong>.<\/p>\r\n\r\n<p>&nbsp;<\/p>\r\n\r\n<figure class=\"wp-block-image size-large\"><a href=\"https:\/\/deliforyou.com\/en\/category\/katering\/\"><img decoding=\"async\" class=\"wp-image-281 img100\" src=\"https:\/\/deliforyou.com\/wp-content\/uploads\/2023\/02\/8031_2023_02_baner-na-strone_Catering_Menu-1-scaled.jpg\" alt=\"\" \/><\/a><\/figure>\r\n\r\n\r\n\r\n<p class=\"has-text-align-center\">\u00a0<\/p>\r\n","protected":false},"excerpt":{"rendered":"<p>Przeczytaj wi\u0119cej o dzia\u0142alno\u015bci Deli 4 You! <\/p>\n","protected":false},"author":1,"featured_media":636,"parent":0,"menu_order":0,"comment_status":"closed","ping_status":"closed","template":"","meta":{"_acf_changed":false,"_pl_post_content":"<!-- wp:paragraph -->\r\n<p>&nbsp;<\/p>\r\n<!-- \/wp:paragraph -->\r\n\r\n<!-- wp:paragraph {\"fontSize\":\"medium\"} -->\r\n<p class=\"has-medium-font-size\"><strong>Poznaj Nas<\/strong>!<\/p>\r\n<!-- \/wp:paragraph -->\r\n\r\n<!-- wp:paragraph -->\r\n<p>Deli 4 You Market to co\u015b wi\u0119cej ni\u017c tylko sklep spo\u017cywczy \u2014 to rodzinna pasja. Za\u0142o\u017cony i prowadzony przez <strong>Margaret Antonik<\/strong>, Deli 4 You Market od ponad dekady dostarcza mieszka\u0144com aglomeracji chicagowskiej autentyczne polskie i europejskie smaki. Od jednego ma\u0142ego sklepu po pi\u0119\u0107 pr\u0119\u017cnie dzia\u0142aj\u0105cych lokalizacji, Margaret stworzy\u0142a wyj\u0105tkowe miejsce na zakupy, kt\u00f3re \u0142\u0105czy w sobie urok europejskiego targu z nowoczesnym, eleganckim stylem, jakiego nie znajdziesz nigdzie indziej.<\/p>\r\n<p>U jej boku stoi c\u00f3rka, <strong>Joanna<\/strong>, prawa r\u0119ka Margaret w realizacji tej wizji. Razem zbudowa\u0142y firm\u0119 opart\u0105 na tradycji, jako\u015bci i trosce o ka\u017cdego klienta, kt\u00f3ry przekracza pr\u00f3g naszych sklep\u00f3w.<\/p>\r\n<!-- \/wp:paragraph -->\r\n\r\n<!-- wp:html -->\r\n<p>&nbsp;<\/p>\r\n<!-- \/wp:html -->\r\n\r\n<!-- wp:html -->\r\n<figure class=\"wp-block-image size-full\"><img class=\"wp-image-802 imgfloatleft\" src=\"https:\/\/deliforyou.com\/wp-content\/uploads\/2021\/10\/deli-onas-1.jpg\" alt=\"\" \/><\/figure>\r\n<!-- \/wp:html -->\r\n<p>&nbsp;<\/p>\r\n<!-- wp:paragraph -->\r\n<p><strong>Pe\u0142na Oferta Europejskiego Sklepu<\/strong><\/p>\r\n<!-- \/wp:paragraph -->\r\n\r\n<!-- wp:paragraph -->\r\n<p>Wchodz\u0105c do Deli 4 You Market, znajdziesz \u015bwie\u017ce owoce i warzywa, pe\u0142ny dzia\u0142 mi\u0119sny oraz jeden z najwi\u0119kszych w aglomeracji chicagowskiej dzia\u0142\u00f3w delikatesowych, oferuj\u0105cy ponad 100 rodzaj\u00f3w w\u0119dlin krojonych na wag\u0119. Oferujemy tak\u017ce gotowe dania na gor\u0105co, sa\u0142atki i zupy przygotowywane codziennie w naszej w\u0142asnej kuchni, a tak\u017ce piekarni\u0119 z domowym chlebem, sernikami, p\u0105czkami, ciasteczkami i dro\u017cd\u017c\u00f3wkami.<\/p>\r\n<p>Jeste\u015bmy dumni, \u017ce jako jedyni umo\u017cliwiamy naszym klientom podziwianie na \u017cywo procesu lepienia pierog\u00f3w. Opr\u00f3cz \u017cywno\u015bci znajdziesz u nas r\u00f3wnie\u017c produkty importowane, nabia\u0142, mro\u017conki, kosmetyki, sezonowe artyku\u0142y przemys\u0142owe oraz alkohol.<\/p>\r\n<!-- \/wp:paragraph -->\r\n<p>&nbsp;<\/p>\r\n<!-- wp:paragraph -->\r\n<p><strong>Catering, kt\u00f3ry Zachwyca<\/strong><\/p>\r\n<!-- \/wp:paragraph -->\r\n\r\n<!-- wp:paragraph -->\r\n<p>Planujesz przyj\u0119cie? Oddaj to w nasze r\u0119ce. Od wesel i chrzt\u00f3w po urodziny i graduacje \u2014 nasze zestawy cateringowe przygotowywane s\u0105 z t\u0105 sam\u0105 staranno\u015bci\u0105 i jako\u015bci\u0105, kt\u00f3re kochasz w naszych sklepach. Niezale\u017cnie od tego, czy zapraszasz 20 os\u00f3b, czy 300, sprawimy, \u017ce b\u0119dzie to niezapomniane wydarzenie.<\/p>\r\n<p>Odwied\u017a nasz profil na Facebooku i zobacz <a href=\"https:\/\/www.facebook.com\/media\/set\/?set=a.1713629948714669&amp;type=3\" target=\"_blank\" rel=\"noreferrer noopener\">Album Cateringowy<\/a> z przyk\u0142adami naszych realizacji. Gdy b\u0119dziesz gotowy do zam\u00f3wienia, wystarczy zadzwoni\u0107 do najbli\u017cszego sklepu Deli 4 You Market, a my zajmiemy si\u0119 reszt\u0105. Nasze menu cateringowe znajdziesz <a href=\"https:\/\/deliforyou.com\/en\/category\/catering\/\">tutaj<\/a> .<\/p>\r\n<!-- \/wp:paragraph -->\r\n\r\n<!-- wp:html -->\r\n<p>&nbsp;<\/p>\r\n<!-- \/wp:html -->\r\n\r\n<!-- wp:paragraph -->\r\n<p><strong>Dlaczego Warto Wybra\u0107 Produkty Europejskie?<\/strong><\/p>\r\n<!-- \/wp:paragraph -->\r\n\r\n<!-- wp:paragraph -->\r\n<p>Produkty europejskie s\u0105 znane na ca\u0142ym \u015bwiecie ze swoich wyj\u0105tkowych standard\u00f3w i dba\u0142o\u015bci o jako\u015b\u0107. Wiele z nich powstaje pod \u015bcis\u0142ymi regulacjami, kt\u00f3re gwarantuj\u0105 autentyczno\u015b\u0107, bezpiecze\u0144stwo i powtarzalno\u015b\u0107. Wybieraj\u0105c towary z Europy, cz\u0119sto si\u0119gasz po \u017cywno\u015b\u0107 przygotowan\u0105 z mniejsz\u0105 ilo\u015bci\u0105 dodatk\u00f3w, z lepszej jako\u015bci sk\u0142adnik\u00f3w oraz wed\u0142ug tradycyjnych metod, kt\u00f3re zachowuj\u0105 zar\u00f3wno smak, jak i warto\u015bci od\u017cywcze.<\/p>\r\n<p>Od nabia\u0142u i pieczywa, przez w\u0119dliny i wyroby cukiernicze, a\u017c po czekolady \u2014 europejscy producenci stawiaj\u0105 na rzemios\u0142o, a nie na masow\u0105 produkcj\u0119. Dzi\u0119ki temu \u017cywno\u015b\u0107 nie tylko smakuje lepiej, ale te\u017c pozostaje bli\u017csza swojej naturalnej formie. Dla naszych klient\u00f3w oznacza to produkty czystsze, bardziej autentyczne i pe\u0142ne prawdziwego smaku.<\/p>\r\n<p>Oferuj\u0105c je w Deli 4 You Market, dajemy naszej spo\u0142eczno\u015bci mo\u017cliwo\u015b\u0107 si\u0119gni\u0119cia po artyku\u0142y, kt\u00f3re s\u0105 cenione w Europie i uznawane na ca\u0142ym \u015bwiecie za najwy\u017csze standardy jako\u015bci. Robi\u0105c u nas zakupy, nie kupujesz po prostu jedzenia \u2014 wybierasz produkty, kt\u00f3re stawiaj\u0105 <strong>jako\u015b\u0107 na pierwszym miejscu<\/strong>.<\/p>\r\n<!-- \/wp:paragraph -->\r\n<p>&nbsp;<\/p>\r\n<!-- wp:html -->\r\n<figure class=\"wp-block-image size-large\"><a href=\"https:\/\/deliforyou.com\/en\/category\/katering\/\"><img class=\"wp-image-281 img100\" src=\"https:\/\/deliforyou.com\/wp-content\/uploads\/2023\/02\/8031_2023_02_baner-na-strone_Catering_Menu-1-scaled.jpg\" alt=\"\" \/><\/a><\/figure>\r\n<!-- \/wp:html -->\r\n\r\n<!-- wp:paragraph {\"align\":\"center\"} -->\r\n<p class=\"has-text-align-center\">\u00a0<\/p>\r\n<!-- \/wp:paragraph -->","_pl_post_name":"o-nas","_pl_post_excerpt":"Przeczytaj wi\u0119cej o dzia\u0142alno\u015bci Deli 4 You! ","_pl_post_title":"O nas","_en_post_content":"<!-- wp:paragraph -->\r\n<p>&nbsp;<\/p>\r\n<!-- \/wp:paragraph -->\r\n\r\n<!-- wp:paragraph {\"fontSize\":\"medium\"} -->\r\n<p class=\"has-medium-font-size\"><strong>Get to know us<\/strong>!<\/p>\r\n<!-- \/wp:paragraph -->\r\n\r\n<!-- wp:paragraph -->\r\n<p>Deli 4 You Market is more than just a grocery store \u2014 it\u2019s a family passion. Founded and led by <strong>Margaret Antonik<\/strong>, Deli 4 You Market has been serving Chicagoland with authentic Polish and European flavors for over a decade. From one small shop to five thriving locations, Margaret has created a one-of-a-kind shopping experience that blends the charm of a European market with a sleek, modern design you won\u2019t find anywhere else.<\/p>\r\n<p>By her side is her daughter, <strong>Joanna<\/strong>, Margaret\u2019s \u201cright hand\u201d in bringing this vision to life. Together, they\u2019ve built a business rooted in tradition, quality, and care for every customer who walks through the door.<\/p>\r\n<!-- \/wp:paragraph -->\r\n\r\n<!-- wp:html -->\r\n<p>&nbsp;<\/p>\r\n<!-- \/wp:html -->\r\n\r\n<!-- wp:html -->\r\n<figure class=\"wp-block-image size-full\"><img class=\"wp-image-802 imgfloatleft\" src=\"https:\/\/deliforyou.com\/wp-content\/uploads\/2021\/10\/deli-onas-1.jpg\" alt=\"\" \/><\/figure>\r\n<!-- \/wp:html -->\r\n<p>&nbsp;<\/p>\r\n<!-- wp:paragraph -->\r\n<p><strong>A Full-Service European Grocery<\/strong><\/p>\r\n<!-- \/wp:paragraph -->\r\n\r\n<!-- wp:paragraph -->\r\n<p>Step inside Deli 4 You Market and discover fresh produce, a full-service meat department, and one of Chicagoland\u2019s largest deli selections with more than 100 meats sliced to order. You\u2019ll also find hot meals, salads, and soups made daily in our own kitchens, alongside a bakery filled with homemade breads, cheesecakes, paczki, cookies, and rolls.<\/p>\r\n<p>We\u2019re proud to be the only grocery where you can watch pierogi being made right before your eyes. Beyond food, our shelves are stocked with imported goods, dairy, frozen products, cosmetics, seasonal non-food items, and alcohol.<\/p>\r\n<!-- \/wp:paragraph -->\r\n<p>&nbsp;<\/p>\r\n<!-- wp:paragraph -->\r\n<p><strong>Catering That Wows<\/strong><\/p>\r\n<!-- \/wp:paragraph -->\r\n\r\n<!-- wp:paragraph -->\r\n<p>Planning a celebration? Let us take it off your plate. From weddings and baptisms to birthdays and graduations, our catering spreads are crafted with the same care and quality you love in our stores. Whether you\u2019re hosting 20 guests or 300, we\u2019ll make it unforgettable.<\/p>\r\n<p>Visit our Facebook page to explore our <a href=\"https:\/\/www.facebook.com\/media\/set\/?set=a.1713629948714669&amp;type=3\" target=\"_blank\" rel=\"noreferrer noopener\">Catering Album <\/a> and see examples of our work. When you\u2019re ready to order, simply call your nearest Deli 4 You Market, and we\u2019ll handle the rest. You can find our catering <a href=\"https:\/\/deliforyou.com\/en\/category\/catering\/\">menus here<\/a> .<\/p>\r\n<!-- \/wp:paragraph -->\r\n\r\n<!-- wp:html -->\r\n<p>&nbsp;<\/p>\r\n<!-- \/wp:html -->\r\n\r\n<!-- wp:paragraph -->\r\n<p><strong>Why Choose European Products?<\/strong><\/p>\r\n<!-- \/wp:paragraph -->\r\n\r\n<!-- wp:paragraph -->\r\n<p>European products are recognized worldwide for their exceptional standards and dedication to quality. Many are made under strict regulations that safeguard authenticity, safety, and consistency. Choosing European goods often means enjoying foods prepared with fewer additives, premium ingredients, and traditional methods that preserve both flavor and nutrition.<\/p>\r\n<p>From dairy and baked goods to cured meats and chocolates, European producers focus on craftsmanship over mass production. This results in foods that not only taste better, but remain closer to their natural form. For our customers, it means enjoying products that are cleaner, more authentic, and rich with real flavor.<\/p>\r\n<p>By offering these items, Deli 4 You Market brings the community foods that are trusted in Europe and celebrated worldwide for their superior standards. When you shop with us, you\u2019re not just buying groceries \u2014 you\u2019re choosing products that put <strong>quality first<\/strong>.<\/p>\r\n<!-- \/wp:paragraph -->\r\n<p>&nbsp;<\/p>\r\n<!-- wp:html -->\r\n<figure class=\"wp-block-image size-large\"><a href=\"https:\/\/deliforyou.com\/en\/category\/katering\/\"><img class=\"wp-image-281 img100\" src=\"https:\/\/deliforyou.com\/wp-content\/uploads\/2023\/02\/8031_2023_02_baner-na-strone_Catering_Menu-1-scaled.jpg\" alt=\"\" \/><\/a><\/figure>\r\n<!-- \/wp:html -->\r\n\r\n<!-- wp:paragraph {\"align\":\"center\"} -->\r\n<p class=\"has-text-align-center\">\u00a0<\/p>\r\n<!-- \/wp:paragraph -->","_en_post_name":"about-us","_en_post_excerpt":"","_en_post_title":"About us","edit_language":"pl","footnotes":""},"class_list":["post-282","page","type-page","status-publish","has-post-thumbnail","hentry"],"acf":[],"yoast_head":"<!-- This site is optimized with the Yoast SEO plugin v24.5 - https:\/\/yoast.com\/wordpress\/plugins\/seo\/ -->\n<title>O nas - Deli 4 You Market<\/title>\n<meta name=\"robots\" content=\"index, follow, max-snippet:-1, max-image-preview:large, max-video-preview:-1\" \/>\n<link rel=\"canonical\" href=\"https:\/\/deliforyou.com\/en\/about-us\/\" \/>\n<meta name=\"twitter:card\" content=\"summary_large_image\" \/>\n<meta name=\"twitter:title\" content=\"O nas - Deli 4 You Market\" \/>\n<meta name=\"twitter:description\" content=\"Przeczytaj wi\u0119cej o dzia\u0142alno\u015bci Deli 4 You!\" \/>\n<meta name=\"twitter:image\" content=\"https:\/\/deliforyou.com\/wp-content\/uploads\/2021\/08\/stores-1-1.png\" \/>\n<meta name=\"twitter:label1\" content=\"Szacowany czas czytania\" \/>\n\t<meta name=\"twitter:data1\" content=\"4 minuty\" \/>\n<script type=\"application\/ld+json\" class=\"yoast-schema-graph\">{\"@context\":\"https:\/\/schema.org\",\"@graph\":[{\"@type\":\"WebPage\",\"@id\":\"https:\/\/deliforyou.com\/en\/about-us\/\",\"url\":\"https:\/\/deliforyou.com\/en\/about-us\/\",\"name\":\"O nas - Deli 4 You Market\",\"isPartOf\":{\"@id\":\"https:\/\/deliforyou.com\/en\/#website\"},\"primaryImageOfPage\":{\"@id\":\"https:\/\/deliforyou.com\/en\/about-us\/#primaryimage\"},\"image\":{\"@id\":\"https:\/\/deliforyou.com\/en\/about-us\/#primaryimage\"},\"thumbnailUrl\":\"https:\/\/deliforyou.com\/wp-content\/uploads\/2021\/08\/stores-1-1.png\",\"datePublished\":\"2021-06-15T08:27:42+00:00\",\"dateModified\":\"2026-01-05T16:22:46+00:00\",\"breadcrumb\":{\"@id\":\"https:\/\/deliforyou.com\/en\/about-us\/#breadcrumb\"},\"inLanguage\":\"pl-PL\",\"potentialAction\":[{\"@type\":\"ReadAction\",\"target\":[\"https:\/\/deliforyou.com\/en\/about-us\/\"]}]},{\"@type\":\"ImageObject\",\"inLanguage\":\"pl-PL\",\"@id\":\"https:\/\/deliforyou.com\/en\/about-us\/#primaryimage\",\"url\":\"https:\/\/deliforyou.com\/wp-content\/uploads\/2021\/08\/stores-1-1.png\",\"contentUrl\":\"https:\/\/deliforyou.com\/wp-content\/uploads\/2021\/08\/stores-1-1.png\",\"width\":1680,\"height\":490},{\"@type\":\"BreadcrumbList\",\"@id\":\"https:\/\/deliforyou.com\/en\/about-us\/#breadcrumb\",\"itemListElement\":[{\"@type\":\"ListItem\",\"position\":1,\"name\":\"Strona g\u0142\u00f3wna\",\"item\":\"https:\/\/deliforyou.com\/en\/\"},{\"@type\":\"ListItem\",\"position\":2,\"name\":\"O nas\"}]},{\"@type\":\"WebSite\",\"@id\":\"https:\/\/deliforyou.com\/en\/#website\",\"url\":\"https:\/\/deliforyou.com\/en\/\",\"name\":\"Deli 4 You Market\",\"description\":\"\",\"potentialAction\":[{\"@type\":\"SearchAction\",\"target\":{\"@type\":\"EntryPoint\",\"urlTemplate\":\"https:\/\/deliforyou.com\/en\/?s={search_term_string}\"},\"query-input\":{\"@type\":\"PropertyValueSpecification\",\"valueRequired\":true,\"valueName\":\"search_term_string\"}}],\"inLanguage\":\"pl-PL\"}]}<\/script>\n<!-- \/ Yoast SEO plugin. -->","yoast_head_json":{"title":"O nas - Deli 4 You Market","robots":{"index":"index","follow":"follow","max-snippet":"max-snippet:-1","max-image-preview":"max-image-preview:large","max-video-preview":"max-video-preview:-1"},"canonical":"https:\/\/deliforyou.com\/en\/about-us\/","twitter_card":"summary_large_image","twitter_title":"O nas - Deli 4 You Market","twitter_description":"Przeczytaj wi\u0119cej o dzia\u0142alno\u015bci Deli 4 You!","twitter_image":"https:\/\/deliforyou.com\/wp-content\/uploads\/2021\/08\/stores-1-1.png","twitter_misc":{"Szacowany czas czytania":"4 minuty"},"schema":{"@context":"https:\/\/schema.org","@graph":[{"@type":"WebPage","@id":"https:\/\/deliforyou.com\/en\/about-us\/","url":"https:\/\/deliforyou.com\/en\/about-us\/","name":"O nas - Deli 4 You Market","isPartOf":{"@id":"https:\/\/deliforyou.com\/en\/#website"},"primaryImageOfPage":{"@id":"https:\/\/deliforyou.com\/en\/about-us\/#primaryimage"},"image":{"@id":"https:\/\/deliforyou.com\/en\/about-us\/#primaryimage"},"thumbnailUrl":"https:\/\/deliforyou.com\/wp-content\/uploads\/2021\/08\/stores-1-1.png","datePublished":"2021-06-15T08:27:42+00:00","dateModified":"2026-01-05T16:22:46+00:00","breadcrumb":{"@id":"https:\/\/deliforyou.com\/en\/about-us\/#breadcrumb"},"inLanguage":"pl-PL","potentialAction":[{"@type":"ReadAction","target":["https:\/\/deliforyou.com\/en\/about-us\/"]}]},{"@type":"ImageObject","inLanguage":"pl-PL","@id":"https:\/\/deliforyou.com\/en\/about-us\/#primaryimage","url":"https:\/\/deliforyou.com\/wp-content\/uploads\/2021\/08\/stores-1-1.png","contentUrl":"https:\/\/deliforyou.com\/wp-content\/uploads\/2021\/08\/stores-1-1.png","width":1680,"height":490},{"@type":"BreadcrumbList","@id":"https:\/\/deliforyou.com\/en\/about-us\/#breadcrumb","itemListElement":[{"@type":"ListItem","position":1,"name":"Strona g\u0142\u00f3wna","item":"https:\/\/deliforyou.com\/en\/"},{"@type":"ListItem","position":2,"name":"O nas"}]},{"@type":"WebSite","@id":"https:\/\/deliforyou.com\/en\/#website","url":"https:\/\/deliforyou.com\/en\/","name":"Deli 4 You Market","description":"","potentialAction":[{"@type":"SearchAction","target":{"@type":"EntryPoint","urlTemplate":"https:\/\/deliforyou.com\/en\/?s={search_term_string}"},"query-input":{"@type":"PropertyValueSpecification","valueRequired":true,"valueName":"search_term_string"}}],"inLanguage":"pl-PL"}]}},"_links":{"self":[{"href":"https:\/\/deliforyou.com\/pl\/wp-json\/wp\/v2\/pages\/282","targetHints":{"allow":["GET"]}}],"collection":[{"href":"https:\/\/deliforyou.com\/pl\/wp-json\/wp\/v2\/pages"}],"about":[{"href":"https:\/\/deliforyou.com\/pl\/wp-json\/wp\/v2\/types\/page"}],"author":[{"embeddable":true,"href":"https:\/\/deliforyou.com\/pl\/wp-json\/wp\/v2\/users\/1"}],"replies":[{"embeddable":true,"href":"https:\/\/deliforyou.com\/pl\/wp-json\/wp\/v2\/comments?post=282"}],"version-history":[{"count":38,"href":"https:\/\/deliforyou.com\/pl\/wp-json\/wp\/v2\/pages\/282\/revisions"}],"predecessor-version":[{"id":1659,"href":"https:\/\/deliforyou.com\/pl\/wp-json\/wp\/v2\/pages\/282\/revisions\/1659"}],"wp:featuredmedia":[{"embeddable":true,"href":"https:\/\/deliforyou.com\/pl\/wp-json\/wp\/v2\/media\/636"}],"wp:attachment":[{"href":"https:\/\/deliforyou.com\/pl\/wp-json\/wp\/v2\/media?parent=282"}],"curies":[{"name":"wp","href":"https:\/\/api.w.org\/{rel}","templated":true}]}}