{"id":1128,"date":"2023-02-23T03:19:58","date_gmt":"2023-02-23T09:19:58","guid":{"rendered":"https:\/\/deliforyou.com\/pl\/?page_id=1128"},"modified":"2023-02-23T03:20:31","modified_gmt":"2023-02-23T09:20:31","slug":"wysylka-i-dostawa","status":"publish","type":"page","link":"https:\/\/deliforyou.com\/pl\/wysylka-i-dostawa\/","title":{"rendered":"Wysy\u0142ka i dostawa"},"content":{"rendered":"\n<h2 class=\"wp-block-heading\">Wysy\u0142ka i dostawa<\/h2>\n\n\n\n<hr class=\"wp-block-separator has-alpha-channel-opacity\"\/>\n\n\n\n<p>Obecnie nie oferujemy wysy\u0142ki towar\u00f3w poza stan. Mamy nadziej\u0119, \u017ce wkr\u00f3tce b\u0119dzie to dost\u0119pne!<br>Oferujemy dostaw\u0119 zam\u00f3wie\u0144 cateringowych. Aby uzyska\u0107 wi\u0119cej informacji, zadzwo\u0144 do najbli\u017cszego sklepu.<\/p>\n","protected":false},"excerpt":{"rendered":"<p>Wysy\u0142ka i dostawa Obecnie nie oferujemy wysy\u0142ki towar\u00f3w poza stan. Mamy nadziej\u0119, \u017ce wkr\u00f3tce b\u0119dzie to dost\u0119pne!Oferujemy dostaw\u0119 zam\u00f3wie\u0144 cateringowych. Aby uzyska\u0107 wi\u0119cej informacji, zadzwo\u0144 do najbli\u017cszego sklepu.<\/p>\n","protected":false},"author":1,"featured_media":637,"parent":0,"menu_order":0,"comment_status":"closed","ping_status":"closed","template":"","meta":{"_acf_changed":false,"_pl_post_content":"<!-- wp:heading -->\n<h2>Wysy\u0142ka i dostawa<\/h2>\n<!-- \/wp:heading -->\n\n<!-- wp:separator -->\n<hr class=\"wp-block-separator has-alpha-channel-opacity\"\/>\n<!-- \/wp:separator -->\n\n<!-- wp:paragraph -->\n<p>Obecnie nie oferujemy wysy\u0142ki towar\u00f3w poza stan. Mamy nadziej\u0119, \u017ce wkr\u00f3tce b\u0119dzie to dost\u0119pne!<br>Oferujemy dostaw\u0119 zam\u00f3wie\u0144 cateringowych. Aby uzyska\u0107 wi\u0119cej informacji, zadzwo\u0144 do najbli\u017cszego sklepu.<\/p>\n<!-- \/wp:paragraph -->","_pl_post_name":"wysylka-i-dostawa","_pl_post_excerpt":"","_pl_post_title":"Wysy\u0142ka i dostawa","_en_post_content":"<!-- wp:heading -->\n<h2>Shipping &amp; Delivery<\/h2>\n<!-- \/wp:heading -->\n\n<!-- wp:separator -->\n<hr class=\"wp-block-separator has-alpha-channel-opacity\"\/>\n<!-- \/wp:separator -->\n\n<!-- wp:paragraph -->\n<p>We currently do not offer out of state shipping of goods. We hope to have this available soon!<\/p>\n<!-- \/wp:paragraph -->\n\n<!-- wp:paragraph -->\n<p>We do offer delivery for catering orders. Please call your nearest store location for more details.<\/p>\n<!-- \/wp:paragraph -->","_en_post_name":"shipping-amp-delivery","_en_post_excerpt":"","_en_post_title":"Shipping &amp; Delivery","edit_language":"pl","footnotes":""},"class_list":["post-1128","page","type-page","status-publish","has-post-thumbnail","hentry"],"acf":[],"yoast_head":"<!-- This site is optimized with the Yoast SEO plugin v24.5 - https:\/\/yoast.com\/wordpress\/plugins\/seo\/ -->\n<title>Wysy\u0142ka i dostawa - Deli 4 You Market<\/title>\n<meta name=\"robots\" content=\"index, follow, max-snippet:-1, max-image-preview:large, max-video-preview:-1\" \/>\n<link rel=\"canonical\" href=\"https:\/\/deliforyou.com\/wysylka-i-dostawa\/\" \/>\n<meta name=\"twitter:card\" content=\"summary_large_image\" \/>\n<meta name=\"twitter:title\" content=\"Wysy\u0142ka i dostawa - Deli 4 You Market\" \/>\n<meta name=\"twitter:description\" content=\"Wysy\u0142ka i dostawa Obecnie nie oferujemy wysy\u0142ki towar\u00f3w poza stan. Mamy nadziej\u0119, \u017ce wkr\u00f3tce b\u0119dzie to dost\u0119pne!Oferujemy dostaw\u0119 zam\u00f3wie\u0144 cateringowych. Aby uzyska\u0107 wi\u0119cej informacji, zadzwo\u0144 do najbli\u017cszego sklepu.\" \/>\n<meta name=\"twitter:image\" content=\"https:\/\/deliforyou.com\/wp-content\/uploads\/2021\/08\/stores1-1.png\" \/>\n<meta name=\"twitter:label1\" content=\"Szacowany czas czytania\" \/>\n\t<meta name=\"twitter:data1\" content=\"1 minuta\" \/>\n<script type=\"application\/ld+json\" class=\"yoast-schema-graph\">{\"@context\":\"https:\/\/schema.org\",\"@graph\":[{\"@type\":\"WebPage\",\"@id\":\"https:\/\/deliforyou.com\/wysylka-i-dostawa\/\",\"url\":\"https:\/\/deliforyou.com\/wysylka-i-dostawa\/\",\"name\":\"Wysy\u0142ka i dostawa - Deli 4 You Market\",\"isPartOf\":{\"@id\":\"https:\/\/deliforyou.com\/en\/#website\"},\"primaryImageOfPage\":{\"@id\":\"https:\/\/deliforyou.com\/wysylka-i-dostawa\/#primaryimage\"},\"image\":{\"@id\":\"https:\/\/deliforyou.com\/wysylka-i-dostawa\/#primaryimage\"},\"thumbnailUrl\":\"https:\/\/deliforyou.com\/wp-content\/uploads\/2021\/08\/stores1-1.png\",\"datePublished\":\"2023-02-23T09:19:58+00:00\",\"dateModified\":\"2023-02-23T09:20:31+00:00\",\"breadcrumb\":{\"@id\":\"https:\/\/deliforyou.com\/wysylka-i-dostawa\/#breadcrumb\"},\"inLanguage\":\"pl-PL\",\"potentialAction\":[{\"@type\":\"ReadAction\",\"target\":[\"https:\/\/deliforyou.com\/wysylka-i-dostawa\/\"]}]},{\"@type\":\"ImageObject\",\"inLanguage\":\"pl-PL\",\"@id\":\"https:\/\/deliforyou.com\/wysylka-i-dostawa\/#primaryimage\",\"url\":\"https:\/\/deliforyou.com\/wp-content\/uploads\/2021\/08\/stores1-1.png\",\"contentUrl\":\"https:\/\/deliforyou.com\/wp-content\/uploads\/2021\/08\/stores1-1.png\",\"width\":1680,\"height\":490},{\"@type\":\"BreadcrumbList\",\"@id\":\"https:\/\/deliforyou.com\/wysylka-i-dostawa\/#breadcrumb\",\"itemListElement\":[{\"@type\":\"ListItem\",\"position\":1,\"name\":\"Strona g\u0142\u00f3wna\",\"item\":\"https:\/\/deliforyou.com\/en\/\"},{\"@type\":\"ListItem\",\"position\":2,\"name\":\"Wysy\u0142ka i dostawa\"}]},{\"@type\":\"WebSite\",\"@id\":\"https:\/\/deliforyou.com\/en\/#website\",\"url\":\"https:\/\/deliforyou.com\/en\/\",\"name\":\"Deli 4 You Market\",\"description\":\"\",\"potentialAction\":[{\"@type\":\"SearchAction\",\"target\":{\"@type\":\"EntryPoint\",\"urlTemplate\":\"https:\/\/deliforyou.com\/en\/?s={search_term_string}\"},\"query-input\":{\"@type\":\"PropertyValueSpecification\",\"valueRequired\":true,\"valueName\":\"search_term_string\"}}],\"inLanguage\":\"pl-PL\"}]}<\/script>\n<!-- \/ Yoast SEO plugin. -->","yoast_head_json":{"title":"Wysy\u0142ka i dostawa - Deli 4 You Market","robots":{"index":"index","follow":"follow","max-snippet":"max-snippet:-1","max-image-preview":"max-image-preview:large","max-video-preview":"max-video-preview:-1"},"canonical":"https:\/\/deliforyou.com\/wysylka-i-dostawa\/","twitter_card":"summary_large_image","twitter_title":"Wysy\u0142ka i dostawa - Deli 4 You Market","twitter_description":"Wysy\u0142ka i dostawa Obecnie nie oferujemy wysy\u0142ki towar\u00f3w poza stan. Mamy nadziej\u0119, \u017ce wkr\u00f3tce b\u0119dzie to dost\u0119pne!Oferujemy dostaw\u0119 zam\u00f3wie\u0144 cateringowych. Aby uzyska\u0107 wi\u0119cej informacji, zadzwo\u0144 do najbli\u017cszego sklepu.","twitter_image":"https:\/\/deliforyou.com\/wp-content\/uploads\/2021\/08\/stores1-1.png","twitter_misc":{"Szacowany czas czytania":"1 minuta"},"schema":{"@context":"https:\/\/schema.org","@graph":[{"@type":"WebPage","@id":"https:\/\/deliforyou.com\/wysylka-i-dostawa\/","url":"https:\/\/deliforyou.com\/wysylka-i-dostawa\/","name":"Wysy\u0142ka i dostawa - Deli 4 You Market","isPartOf":{"@id":"https:\/\/deliforyou.com\/en\/#website"},"primaryImageOfPage":{"@id":"https:\/\/deliforyou.com\/wysylka-i-dostawa\/#primaryimage"},"image":{"@id":"https:\/\/deliforyou.com\/wysylka-i-dostawa\/#primaryimage"},"thumbnailUrl":"https:\/\/deliforyou.com\/wp-content\/uploads\/2021\/08\/stores1-1.png","datePublished":"2023-02-23T09:19:58+00:00","dateModified":"2023-02-23T09:20:31+00:00","breadcrumb":{"@id":"https:\/\/deliforyou.com\/wysylka-i-dostawa\/#breadcrumb"},"inLanguage":"pl-PL","potentialAction":[{"@type":"ReadAction","target":["https:\/\/deliforyou.com\/wysylka-i-dostawa\/"]}]},{"@type":"ImageObject","inLanguage":"pl-PL","@id":"https:\/\/deliforyou.com\/wysylka-i-dostawa\/#primaryimage","url":"https:\/\/deliforyou.com\/wp-content\/uploads\/2021\/08\/stores1-1.png","contentUrl":"https:\/\/deliforyou.com\/wp-content\/uploads\/2021\/08\/stores1-1.png","width":1680,"height":490},{"@type":"BreadcrumbList","@id":"https:\/\/deliforyou.com\/wysylka-i-dostawa\/#breadcrumb","itemListElement":[{"@type":"ListItem","position":1,"name":"Strona g\u0142\u00f3wna","item":"https:\/\/deliforyou.com\/en\/"},{"@type":"ListItem","position":2,"name":"Wysy\u0142ka i dostawa"}]},{"@type":"WebSite","@id":"https:\/\/deliforyou.com\/en\/#website","url":"https:\/\/deliforyou.com\/en\/","name":"Deli 4 You Market","description":"","potentialAction":[{"@type":"SearchAction","target":{"@type":"EntryPoint","urlTemplate":"https:\/\/deliforyou.com\/en\/?s={search_term_string}"},"query-input":{"@type":"PropertyValueSpecification","valueRequired":true,"valueName":"search_term_string"}}],"inLanguage":"pl-PL"}]}},"_links":{"self":[{"href":"https:\/\/deliforyou.com\/pl\/wp-json\/wp\/v2\/pages\/1128","targetHints":{"allow":["GET"]}}],"collection":[{"href":"https:\/\/deliforyou.com\/pl\/wp-json\/wp\/v2\/pages"}],"about":[{"href":"https:\/\/deliforyou.com\/pl\/wp-json\/wp\/v2\/types\/page"}],"author":[{"embeddable":true,"href":"https:\/\/deliforyou.com\/pl\/wp-json\/wp\/v2\/users\/1"}],"replies":[{"embeddable":true,"href":"https:\/\/deliforyou.com\/pl\/wp-json\/wp\/v2\/comments?post=1128"}],"version-history":[{"count":1,"href":"https:\/\/deliforyou.com\/pl\/wp-json\/wp\/v2\/pages\/1128\/revisions"}],"predecessor-version":[{"id":1129,"href":"https:\/\/deliforyou.com\/pl\/wp-json\/wp\/v2\/pages\/1128\/revisions\/1129"}],"wp:featuredmedia":[{"embeddable":true,"href":"https:\/\/deliforyou.com\/pl\/wp-json\/wp\/v2\/media\/637"}],"wp:attachment":[{"href":"https:\/\/deliforyou.com\/pl\/wp-json\/wp\/v2\/media?parent=1128"}],"curies":[{"name":"wp","href":"https:\/\/api.w.org\/{rel}","templated":true}]}}