{"id":1107,"date":"2023-02-21T06:05:29","date_gmt":"2023-02-21T12:05:29","guid":{"rendered":"https:\/\/deliforyou.com\/pl\/?page_id=1107"},"modified":"2023-02-21T06:07:39","modified_gmt":"2023-02-21T12:07:39","slug":"sprzedawcy","status":"publish","type":"page","link":"https:\/\/deliforyou.com\/pl\/sprzedawcy\/","title":{"rendered":"Sprzedawcy"},"content":{"rendered":"\n<h2 class=\"wp-block-heading\">Sprzedawcy<\/h2>\n\n\n\n<hr class=\"wp-block-separator has-alpha-channel-opacity\"\/>\n\n\n\n<p>UWIELBIAMY testowa\u0107 nowe produkty! Je\u015bli uwa\u017casz, \u017ce pasujesz do naszych sklep\u00f3w, prze\u015blij nam informacje o swojej firmie i linii produkt\u00f3w na adres <a href=\"mailto:office@deli4youmarket.com\">office@deli4youmarket.com<\/a>.<\/p>\n","protected":false},"excerpt":{"rendered":"<p>Sprzedawcy UWIELBIAMY testowa\u0107 nowe produkty! Je\u015bli uwa\u017casz, \u017ce pasujesz do naszych sklep\u00f3w, prze\u015blij nam informacje o swojej firmie i linii produkt\u00f3w na adres office@deli4youmarket.com.<\/p>\n","protected":false},"author":1,"featured_media":630,"parent":0,"menu_order":0,"comment_status":"closed","ping_status":"closed","template":"page-froms.php","meta":{"_acf_changed":false,"_pl_post_content":"<!-- wp:heading -->\n<h2>Sprzedawcy<\/h2>\n<!-- \/wp:heading -->\n\n<!-- wp:separator -->\n<hr class=\"wp-block-separator has-alpha-channel-opacity\"\/>\n<!-- \/wp:separator -->\n\n<!-- wp:paragraph -->\n<p>UWIELBIAMY testowa\u0107 nowe produkty! Je\u015bli uwa\u017casz, \u017ce pasujesz do naszych sklep\u00f3w, prze\u015blij nam informacje o swojej firmie i linii produkt\u00f3w na adres <a href=\"mailto:office@deli4youmarket.com\">office@deli4youmarket.com<\/a>.<\/p>\n<!-- \/wp:paragraph -->","_pl_post_name":"sprzedawcy","_pl_post_excerpt":"","_pl_post_title":"Sprzedawcy","_en_post_content":"<!-- wp:heading -->\n<h2>Vendors<\/h2>\n<!-- \/wp:heading -->\n\n<!-- wp:separator -->\n<hr class=\"wp-block-separator has-alpha-channel-opacity\"\/>\n<!-- \/wp:separator -->\n\n<!-- wp:paragraph -->\n<p>We LOVE trying new products! If you think you are a good fit for our stores, please send us your company and product line information to <a href=\"mailto:office@deli4youmarket.com\">office@deli4youmarket.com<\/a>.<\/p>\n<!-- \/wp:paragraph -->","_en_post_name":"vendors","_en_post_excerpt":"","_en_post_title":"Vendors","edit_language":"pl","footnotes":""},"class_list":["post-1107","page","type-page","status-publish","has-post-thumbnail","hentry"],"acf":[],"yoast_head":"<!-- This site is optimized with the Yoast SEO plugin v24.5 - https:\/\/yoast.com\/wordpress\/plugins\/seo\/ -->\n<title>Sprzedawcy - Deli 4 You Market<\/title>\n<meta name=\"robots\" content=\"index, follow, max-snippet:-1, max-image-preview:large, max-video-preview:-1\" \/>\n<link rel=\"canonical\" href=\"https:\/\/deliforyou.com\/sprzedawcy\/\" \/>\n<meta name=\"twitter:card\" content=\"summary_large_image\" \/>\n<meta name=\"twitter:title\" content=\"Sprzedawcy - Deli 4 You Market\" \/>\n<meta name=\"twitter:description\" content=\"Sprzedawcy UWIELBIAMY testowa\u0107 nowe produkty! Je\u015bli uwa\u017casz, \u017ce pasujesz do naszych sklep\u00f3w, prze\u015blij nam informacje o swojej firmie i linii produkt\u00f3w na adres office@deli4youmarket.com.\" \/>\n<meta name=\"twitter:image\" content=\"https:\/\/deliforyou.com\/wp-content\/uploads\/2021\/08\/podkrecone21-1.png\" \/>\n<meta name=\"twitter:label1\" content=\"Szacowany czas czytania\" \/>\n\t<meta name=\"twitter:data1\" content=\"1 minuta\" \/>\n<script type=\"application\/ld+json\" class=\"yoast-schema-graph\">{\"@context\":\"https:\/\/schema.org\",\"@graph\":[{\"@type\":\"WebPage\",\"@id\":\"https:\/\/deliforyou.com\/sprzedawcy\/\",\"url\":\"https:\/\/deliforyou.com\/sprzedawcy\/\",\"name\":\"Sprzedawcy - Deli 4 You Market\",\"isPartOf\":{\"@id\":\"https:\/\/deliforyou.com\/en\/#website\"},\"primaryImageOfPage\":{\"@id\":\"https:\/\/deliforyou.com\/sprzedawcy\/#primaryimage\"},\"image\":{\"@id\":\"https:\/\/deliforyou.com\/sprzedawcy\/#primaryimage\"},\"thumbnailUrl\":\"https:\/\/deliforyou.com\/wp-content\/uploads\/2021\/08\/podkrecone21-1.png\",\"datePublished\":\"2023-02-21T12:05:29+00:00\",\"dateModified\":\"2023-02-21T12:07:39+00:00\",\"breadcrumb\":{\"@id\":\"https:\/\/deliforyou.com\/sprzedawcy\/#breadcrumb\"},\"inLanguage\":\"pl-PL\",\"potentialAction\":[{\"@type\":\"ReadAction\",\"target\":[\"https:\/\/deliforyou.com\/sprzedawcy\/\"]}]},{\"@type\":\"ImageObject\",\"inLanguage\":\"pl-PL\",\"@id\":\"https:\/\/deliforyou.com\/sprzedawcy\/#primaryimage\",\"url\":\"https:\/\/deliforyou.com\/wp-content\/uploads\/2021\/08\/podkrecone21-1.png\",\"contentUrl\":\"https:\/\/deliforyou.com\/wp-content\/uploads\/2021\/08\/podkrecone21-1.png\",\"width\":1680,\"height\":490},{\"@type\":\"BreadcrumbList\",\"@id\":\"https:\/\/deliforyou.com\/sprzedawcy\/#breadcrumb\",\"itemListElement\":[{\"@type\":\"ListItem\",\"position\":1,\"name\":\"Strona g\u0142\u00f3wna\",\"item\":\"https:\/\/deliforyou.com\/en\/\"},{\"@type\":\"ListItem\",\"position\":2,\"name\":\"Sprzedawcy\"}]},{\"@type\":\"WebSite\",\"@id\":\"https:\/\/deliforyou.com\/en\/#website\",\"url\":\"https:\/\/deliforyou.com\/en\/\",\"name\":\"Deli 4 You Market\",\"description\":\"\",\"potentialAction\":[{\"@type\":\"SearchAction\",\"target\":{\"@type\":\"EntryPoint\",\"urlTemplate\":\"https:\/\/deliforyou.com\/en\/?s={search_term_string}\"},\"query-input\":{\"@type\":\"PropertyValueSpecification\",\"valueRequired\":true,\"valueName\":\"search_term_string\"}}],\"inLanguage\":\"pl-PL\"}]}<\/script>\n<!-- \/ Yoast SEO plugin. -->","yoast_head_json":{"title":"Sprzedawcy - Deli 4 You Market","robots":{"index":"index","follow":"follow","max-snippet":"max-snippet:-1","max-image-preview":"max-image-preview:large","max-video-preview":"max-video-preview:-1"},"canonical":"https:\/\/deliforyou.com\/sprzedawcy\/","twitter_card":"summary_large_image","twitter_title":"Sprzedawcy - Deli 4 You Market","twitter_description":"Sprzedawcy UWIELBIAMY testowa\u0107 nowe produkty! Je\u015bli uwa\u017casz, \u017ce pasujesz do naszych sklep\u00f3w, prze\u015blij nam informacje o swojej firmie i linii produkt\u00f3w na adres office@deli4youmarket.com.","twitter_image":"https:\/\/deliforyou.com\/wp-content\/uploads\/2021\/08\/podkrecone21-1.png","twitter_misc":{"Szacowany czas czytania":"1 minuta"},"schema":{"@context":"https:\/\/schema.org","@graph":[{"@type":"WebPage","@id":"https:\/\/deliforyou.com\/sprzedawcy\/","url":"https:\/\/deliforyou.com\/sprzedawcy\/","name":"Sprzedawcy - Deli 4 You Market","isPartOf":{"@id":"https:\/\/deliforyou.com\/en\/#website"},"primaryImageOfPage":{"@id":"https:\/\/deliforyou.com\/sprzedawcy\/#primaryimage"},"image":{"@id":"https:\/\/deliforyou.com\/sprzedawcy\/#primaryimage"},"thumbnailUrl":"https:\/\/deliforyou.com\/wp-content\/uploads\/2021\/08\/podkrecone21-1.png","datePublished":"2023-02-21T12:05:29+00:00","dateModified":"2023-02-21T12:07:39+00:00","breadcrumb":{"@id":"https:\/\/deliforyou.com\/sprzedawcy\/#breadcrumb"},"inLanguage":"pl-PL","potentialAction":[{"@type":"ReadAction","target":["https:\/\/deliforyou.com\/sprzedawcy\/"]}]},{"@type":"ImageObject","inLanguage":"pl-PL","@id":"https:\/\/deliforyou.com\/sprzedawcy\/#primaryimage","url":"https:\/\/deliforyou.com\/wp-content\/uploads\/2021\/08\/podkrecone21-1.png","contentUrl":"https:\/\/deliforyou.com\/wp-content\/uploads\/2021\/08\/podkrecone21-1.png","width":1680,"height":490},{"@type":"BreadcrumbList","@id":"https:\/\/deliforyou.com\/sprzedawcy\/#breadcrumb","itemListElement":[{"@type":"ListItem","position":1,"name":"Strona g\u0142\u00f3wna","item":"https:\/\/deliforyou.com\/en\/"},{"@type":"ListItem","position":2,"name":"Sprzedawcy"}]},{"@type":"WebSite","@id":"https:\/\/deliforyou.com\/en\/#website","url":"https:\/\/deliforyou.com\/en\/","name":"Deli 4 You Market","description":"","potentialAction":[{"@type":"SearchAction","target":{"@type":"EntryPoint","urlTemplate":"https:\/\/deliforyou.com\/en\/?s={search_term_string}"},"query-input":{"@type":"PropertyValueSpecification","valueRequired":true,"valueName":"search_term_string"}}],"inLanguage":"pl-PL"}]}},"_links":{"self":[{"href":"https:\/\/deliforyou.com\/pl\/wp-json\/wp\/v2\/pages\/1107","targetHints":{"allow":["GET"]}}],"collection":[{"href":"https:\/\/deliforyou.com\/pl\/wp-json\/wp\/v2\/pages"}],"about":[{"href":"https:\/\/deliforyou.com\/pl\/wp-json\/wp\/v2\/types\/page"}],"author":[{"embeddable":true,"href":"https:\/\/deliforyou.com\/pl\/wp-json\/wp\/v2\/users\/1"}],"replies":[{"embeddable":true,"href":"https:\/\/deliforyou.com\/pl\/wp-json\/wp\/v2\/comments?post=1107"}],"version-history":[{"count":1,"href":"https:\/\/deliforyou.com\/pl\/wp-json\/wp\/v2\/pages\/1107\/revisions"}],"predecessor-version":[{"id":1108,"href":"https:\/\/deliforyou.com\/pl\/wp-json\/wp\/v2\/pages\/1107\/revisions\/1108"}],"wp:featuredmedia":[{"embeddable":true,"href":"https:\/\/deliforyou.com\/pl\/wp-json\/wp\/v2\/media\/630"}],"wp:attachment":[{"href":"https:\/\/deliforyou.com\/pl\/wp-json\/wp\/v2\/media?parent=1107"}],"curies":[{"name":"wp","href":"https:\/\/api.w.org\/{rel}","templated":true}]}}