{"id":1084,"date":"2023-02-20T09:32:48","date_gmt":"2023-02-20T15:32:48","guid":{"rendered":"https:\/\/deliforyou.com\/pl\/?page_id=1084"},"modified":"2023-02-20T09:45:44","modified_gmt":"2023-02-20T15:45:44","slug":"polityki","status":"publish","type":"page","link":"https:\/\/deliforyou.com\/pl\/polityki\/","title":{"rendered":"Polityki"},"content":{"rendered":"\n<h2 class=\"wp-block-heading\" id=\"promocji\">Zasady promocji<\/h2>\n\n\n\n<p>Rabat Deli 4 You Market na Dzie\u0144 Seniora i Rabat na Szalon\u0105 \u015arod\u0119 jest dost\u0119pny we wszystkich lokalizacjach sklep\u00f3w ka\u017cdego tygodnia przez ca\u0142y rok (do odwo\u0142ania). Zni\u017cka na Dzie\u0144 Seniora i Zni\u017cka na Szalon\u0105 \u015arod\u0119 nie s\u0105 dost\u0119pne w inne dni tygodnia. Inne codzienne promocje i oferty specjalne mog\u0105 si\u0119 r\u00f3\u017cni\u0107 w zale\u017cno\u015bci od lokalizacji sklepu. Codziennych promocji i ofert specjalnych nie mo\u017cna przenosi\u0107 mi\u0119dzy lokalizacjami sklep\u00f3w.<\/p>\n\n\n\n<p>Z rabatu seniora mog\u0105 skorzysta\u0107 klienci, kt\u00f3rzy uko\u0144czyli 65 lat. Starsi klienci musz\u0105 okaza\u0107 dow\u00f3d to\u017csamo\u015bci potwierdzaj\u0105cy wiek. Je\u015bli starszy klient spe\u0142nia wymagania dotycz\u0105ce rabatu, jest odpowiedzialny za poinformowanie o tym kasjera w celu realizacji rabatu.<\/p>\n\n\n\n<p>Obowi\u0105zuj\u0105 wy\u0142\u0105czenia. Zni\u017cki nie obejmuj\u0105 gazet, czasopism, ksi\u0105\u017cek, lekarstw, kart telefonicznych, artyku\u0142\u00f3w przecenionych (promocje i oferty specjalne), specja\u0142\u00f3w domowych, domowych pierog\u00f3w, alkoholu, cateringu, dostaw i kart podarunkowych. Wy\u0142\u0105czenia mog\u0105 ulec zmianie w dowolnym momencie.<\/p>\n\n\n\n<p>Kwota rabatu nie mo\u017ce zosta\u0107 zrealizowana w formie got\u00f3wki, karty p\u0142atniczej lub karty podarunkowej.<\/p>\n\n\n\n<h2 class=\"wp-block-heading\" id=\"zwroty\">Polityka zwrot\u00f3w<\/h2>\n\n\n\n<p>Deli 4 You Market akceptuje zwroty lub wymiany tylko z oryginalnym paragonem. Nie oferujemy zwrot\u00f3w ani wymiany lek\u00f3w, kosmetyk\u00f3w, kart telefonicznych, gazet, czasopism, ksi\u0105\u017cek, kart podarunkowych, alkoholu i sezonowych artyku\u0142\u00f3w niespo\u017cywczych. Honorujemy zwroty lub wymiany produkt\u00f3w \u0142atwo psuj\u0105cych si\u0119 w ci\u0105gu 2 dni od zakupu, a produkt\u00f3w nietrwa\u0142ych w ci\u0105gu 7 dni od zakupu. Zastrzegamy sobie prawo do ograniczenia lub odmowy zwrotu lub wymiany.<\/p>\n\n\n\n<p>Zwroty s\u0105 mo\u017cliwe <strong>tylko<\/strong> w oryginalnej formie p\u0142atno\u015bci. Dotyczy to r\u00f3wnie\u017c beneficjent\u00f3w programu SNAP.<\/p>\n\n\n\n<p>Deli 4 You Market <strong>nie<\/strong> ponosi odpowiedzialno\u015bci za zakupione przedmioty pozostawione przy kasach oraz wewn\u0105trz w\u00f3zk\u00f3w lub koszyk\u00f3w.<\/p>\n\n\n\n<h2 class=\"wp-block-heading\" id=\"kupony\">Zasady dotycz\u0105ce kupon\u00f3w<\/h2>\n\n\n\n<p>Kupony producenta nie s\u0105 akceptowane we wszystkich lokalizacjach sklep\u00f3w Deli 4 You Market.<\/p>\n\n\n\n<h2 class=\"wp-block-heading\" id=\"platnosci\">Zasady p\u0142atno\u015bci<\/h2>\n\n\n\n<p>Akceptujemy got\u00f3wk\u0119, wszystkie g\u0142\u00f3wne karty kredytowe, karty debetowe oraz p\u0142atno\u015bci SNAP. Nie akceptujemy czek\u00f3w osobistych ani firmowych jako formy p\u0142atno\u015bci.<\/p>\n\n\n\n<h2 class=\"wp-block-heading\" id=\"katering\">Zasady anulowania cateringu<\/h2>\n\n\n\n<p>Anulowanie cateringu mo\u017ce nast\u0105pi\u0107 co najmniej 48 godzin wcze\u015bniej. Anulowanie w ci\u0105gu 24 godzin zostanie obci\u0105\u017cone pe\u0142n\u0105 kwot\u0105. Depozyty za catering nie podlegaj\u0105 zwrotowi w przypadku rezygnacji.<\/p>\n\n\n\n<h2 class=\"wp-block-heading\" id=\"nagabywanie\">Brak zasad rekrutacji<\/h2>\n\n\n\n<p>Nagabywanie klient\u00f3w lub pracownik\u00f3w Deli 4 You Market jest surowo zabronione. Obejmuje to wn\u0119trze sklepu, jego zewn\u0119trzn\u0105 stron\u0119 i parking, w tym materia\u0142y rozprowadzane na samochodach, ulotki i wszelkie inne materia\u0142y marketingowe z dowolnego powodu.<\/p>\n","protected":false},"excerpt":{"rendered":"<p>Zasady promocji Rabat Deli 4 You Market na Dzie\u0144 Seniora i Rabat na Szalon\u0105 \u015arod\u0119 jest dost\u0119pny we wszystkich lokalizacjach sklep\u00f3w ka\u017cdego tygodnia przez ca\u0142y rok (do odwo\u0142ania). Zni\u017cka na Dzie\u0144 Seniora i Zni\u017cka na Szalon\u0105 \u015arod\u0119 nie s\u0105 dost\u0119pne w inne dni tygodnia. Inne codzienne promocje i oferty specjalne mog\u0105 si\u0119 r\u00f3\u017cni\u0107 w zale\u017cno\u015bci [&hellip;]<\/p>\n","protected":false},"author":1,"featured_media":1087,"parent":0,"menu_order":0,"comment_status":"closed","ping_status":"closed","template":"","meta":{"_acf_changed":false,"_pl_post_content":"<!-- wp:heading -->\n<h2 id=\"promocji\">Zasady promocji<\/h2>\n<!-- \/wp:heading -->\n\n<!-- wp:paragraph -->\n<p>Rabat Deli 4 You Market na Dzie\u0144 Seniora i Rabat na Szalon\u0105 \u015arod\u0119 jest dost\u0119pny we wszystkich lokalizacjach sklep\u00f3w ka\u017cdego tygodnia przez ca\u0142y rok (do odwo\u0142ania). Zni\u017cka na Dzie\u0144 Seniora i Zni\u017cka na Szalon\u0105 \u015arod\u0119 nie s\u0105 dost\u0119pne w inne dni tygodnia. Inne codzienne promocje i oferty specjalne mog\u0105 si\u0119 r\u00f3\u017cni\u0107 w zale\u017cno\u015bci od lokalizacji sklepu. Codziennych promocji i ofert specjalnych nie mo\u017cna przenosi\u0107 mi\u0119dzy lokalizacjami sklep\u00f3w.<\/p>\n<!-- \/wp:paragraph -->\n\n<!-- wp:paragraph -->\n<p>Z rabatu seniora mog\u0105 skorzysta\u0107 klienci, kt\u00f3rzy uko\u0144czyli 65 lat. Starsi klienci musz\u0105 okaza\u0107 dow\u00f3d to\u017csamo\u015bci potwierdzaj\u0105cy wiek. Je\u015bli starszy klient spe\u0142nia wymagania dotycz\u0105ce rabatu, jest odpowiedzialny za poinformowanie o tym kasjera w celu realizacji rabatu.<\/p>\n<!-- \/wp:paragraph -->\n\n<!-- wp:paragraph -->\n<p>Obowi\u0105zuj\u0105 wy\u0142\u0105czenia. Zni\u017cki nie obejmuj\u0105 gazet, czasopism, ksi\u0105\u017cek, lekarstw, kart telefonicznych, artyku\u0142\u00f3w przecenionych (promocje i oferty specjalne), specja\u0142\u00f3w domowych, domowych pierog\u00f3w, alkoholu, cateringu, dostaw i kart podarunkowych. Wy\u0142\u0105czenia mog\u0105 ulec zmianie w dowolnym momencie.<\/p>\n<!-- \/wp:paragraph -->\n\n<!-- wp:paragraph -->\n<p>Kwota rabatu nie mo\u017ce zosta\u0107 zrealizowana w formie got\u00f3wki, karty p\u0142atniczej lub karty podarunkowej.<\/p>\n<!-- \/wp:paragraph -->\n\n<!-- wp:heading -->\n<h2 id=\"zwroty\">Polityka zwrot\u00f3w<\/h2>\n<!-- \/wp:heading -->\n\n<!-- wp:paragraph -->\n<p>Deli 4 You Market akceptuje zwroty lub wymiany tylko z oryginalnym paragonem. Nie oferujemy zwrot\u00f3w ani wymiany lek\u00f3w, kosmetyk\u00f3w, kart telefonicznych, gazet, czasopism, ksi\u0105\u017cek, kart podarunkowych, alkoholu i sezonowych artyku\u0142\u00f3w niespo\u017cywczych. Honorujemy zwroty lub wymiany produkt\u00f3w \u0142atwo psuj\u0105cych si\u0119 w ci\u0105gu 2 dni od zakupu, a produkt\u00f3w nietrwa\u0142ych w ci\u0105gu 7 dni od zakupu. Zastrzegamy sobie prawo do ograniczenia lub odmowy zwrotu lub wymiany.<\/p>\n<!-- \/wp:paragraph -->\n\n<!-- wp:paragraph -->\n<p>Zwroty s\u0105 mo\u017cliwe <strong>tylko<\/strong> w oryginalnej formie p\u0142atno\u015bci. Dotyczy to r\u00f3wnie\u017c beneficjent\u00f3w programu SNAP.<\/p>\n<!-- \/wp:paragraph -->\n\n<!-- wp:paragraph -->\n<p>Deli 4 You Market <strong>nie<\/strong> ponosi odpowiedzialno\u015bci za zakupione przedmioty pozostawione przy kasach oraz wewn\u0105trz w\u00f3zk\u00f3w lub koszyk\u00f3w.<\/p>\n<!-- \/wp:paragraph -->\n\n<!-- wp:heading -->\n<h2 id=\"kupony\">Zasady dotycz\u0105ce kupon\u00f3w<\/h2>\n<!-- \/wp:heading -->\n\n<!-- wp:paragraph -->\n<p>Kupony producenta nie s\u0105 akceptowane we wszystkich lokalizacjach sklep\u00f3w Deli 4 You Market.<\/p>\n<!-- \/wp:paragraph -->\n\n<!-- wp:heading -->\n<h2 id=\"platnosci\">Zasady p\u0142atno\u015bci<\/h2>\n<!-- \/wp:heading -->\n\n<!-- wp:paragraph -->\n<p>Akceptujemy got\u00f3wk\u0119, wszystkie g\u0142\u00f3wne karty kredytowe, karty debetowe oraz p\u0142atno\u015bci SNAP. Nie akceptujemy czek\u00f3w osobistych ani firmowych jako formy p\u0142atno\u015bci.<\/p>\n<!-- \/wp:paragraph -->\n\n<!-- wp:heading -->\n<h2 id=\"katering\">Zasady anulowania cateringu<\/h2>\n<!-- \/wp:heading -->\n\n<!-- wp:paragraph -->\n<p>Anulowanie cateringu mo\u017ce nast\u0105pi\u0107 co najmniej 48 godzin wcze\u015bniej. Anulowanie w ci\u0105gu 24 godzin zostanie obci\u0105\u017cone pe\u0142n\u0105 kwot\u0105. Depozyty za catering nie podlegaj\u0105 zwrotowi w przypadku rezygnacji.<\/p>\n<!-- \/wp:paragraph -->\n\n<!-- wp:heading -->\n<h2 id=\"nagabywanie\">Brak zasad rekrutacji<\/h2>\n<!-- \/wp:heading -->\n\n<!-- wp:paragraph -->\n<p>Nagabywanie klient\u00f3w lub pracownik\u00f3w Deli 4 You Market jest surowo zabronione. Obejmuje to wn\u0119trze sklepu, jego zewn\u0119trzn\u0105 stron\u0119 i parking, w tym materia\u0142y rozprowadzane na samochodach, ulotki i wszelkie inne materia\u0142y marketingowe z dowolnego powodu.<\/p>\n<!-- \/wp:paragraph -->","_pl_post_name":"polityki","_pl_post_excerpt":"","_pl_post_title":"Polityki","_en_post_content":"<!-- wp:heading -->\n<h2 id=\"Promotion\">Promotion Policy<\/h2>\n<!-- \/wp:heading -->\n\n<!-- wp:paragraph -->\n<p>Deli 4 You Market\u2019s Senior Day discount and Crazy Wednesday discount is available at all store locations every week all year round (until further notice). Senior Day discount and Crazy Wednesday discount are not accessible any other days of the week. Other daily promotions and specials may vary per store location. These daily promotions and specials are not transferable between store locations.<\/p>\n<!-- \/wp:paragraph -->\n\n<!-- wp:paragraph -->\n<p>Senior discount may be redeemed for customers who are 65+ years old. Senior customers must provide proof of age with a valid ID. If a senior customer meets the requirements for the discount, they are responsible of informing the cashier in order to redeem it.<\/p>\n<!-- \/wp:paragraph -->\n\n<!-- wp:paragraph -->\n<p>Exclusions apply. Discounts do not include newspapers, magazines, books, medicine, phone cards, items with reduced price (promotions and specials), house specialty items, homemade pierogi, alcohol, catering, deliveries, and gift cards. Exclusions are subject to change at any time.<\/p>\n<!-- \/wp:paragraph -->\n\n<!-- wp:paragraph -->\n<p>Discount amount may not be redeemed in a form of cash, credit, or Gift Card.<\/p>\n<!-- \/wp:paragraph -->\n\n<!-- wp:heading -->\n<h2 id=\"Return\">Return Policy<\/h2>\n<!-- \/wp:heading -->\n\n<!-- wp:paragraph -->\n<p>Deli 4 You Market accepts returns or exchanges with the original receipt only. We do not offer returns or exchanges for medicines, cosmetics, phone cards, newspapers, magazines, books, gift cards, alcohol, and seasonal non-food items. We will honor returns or exchanges of perishable items within 2 days of purchase, and non-perishable items within 7 days of purchase. We reserve the right to limit or refuse a return or exchange.<\/p>\n<!-- \/wp:paragraph -->\n\n<!-- wp:paragraph -->\n<p>Refunds are obtainable in the original form of payment <strong>only<\/strong>. This also applies to SNAP beneficiaries.<\/p>\n<!-- \/wp:paragraph -->\n\n<!-- wp:paragraph -->\n<p>Deli 4 You Market is<strong> not<\/strong> responsible for any purchased items left behind by the registers as well as inside carts or baskets.<br><br><\/p>\n<!-- \/wp:paragraph -->\n\n<!-- wp:heading -->\n<h2 id=\"Coupon\">Coupon Policy<\/h2>\n<!-- \/wp:heading -->\n\n<!-- wp:paragraph -->\n<p>Manufacturer Coupons are not accepted at all Deli 4 You Market store locations.<\/p>\n<!-- \/wp:paragraph -->\n\n<!-- wp:heading -->\n<h2 id=\"Payment\">Payment Policy<\/h2>\n<!-- \/wp:heading -->\n\n<!-- wp:paragraph -->\n<p>We accept cash, all major credit cards, debit cards as well as SNAP payments. We do not accept personal or business checks as a form of payment.<\/p>\n<!-- \/wp:paragraph -->\n\n<!-- wp:heading -->\n<h2 id=\"Catering\">Catering Cancellation Policy<\/h2>\n<!-- \/wp:heading -->\n\n<!-- wp:paragraph -->\n<p>All catering cancellations must be completed minimally 48 hours before. Cancellations within 24 hours will be charged the full amount. Catering deposits are nonrefundable per cancellations.<\/p>\n<!-- \/wp:paragraph -->\n\n<!-- wp:heading -->\n<h2 id=\"No-Solicitation\">No Solicitation Policy<\/h2>\n<!-- \/wp:heading -->\n\n<!-- wp:paragraph -->\n<p>Solicitation of Deli 4 You Market customers or employees is strictly prohibited. This includes the store interior, store exterior, and parking lot, including materials distributed on cars, flyers, and any other marketing materials for any reason.<\/p>\n<!-- \/wp:paragraph -->","_en_post_name":"policy","_en_post_excerpt":"","_en_post_title":"Policy","edit_language":"pl","footnotes":""},"class_list":["post-1084","page","type-page","status-publish","has-post-thumbnail","hentry"],"acf":[],"yoast_head":"<!-- This site is optimized with the Yoast SEO plugin v24.5 - https:\/\/yoast.com\/wordpress\/plugins\/seo\/ -->\n<title>Polityki - Deli 4 You Market<\/title>\n<meta name=\"robots\" content=\"index, follow, max-snippet:-1, max-image-preview:large, max-video-preview:-1\" \/>\n<link rel=\"canonical\" href=\"https:\/\/deliforyou.com\/polityki\/\" \/>\n<meta name=\"twitter:card\" content=\"summary_large_image\" \/>\n<meta name=\"twitter:title\" content=\"Polityki - Deli 4 You Market\" \/>\n<meta name=\"twitter:description\" content=\"Zasady promocji Rabat Deli 4 You Market na Dzie\u0144 Seniora i Rabat na Szalon\u0105 \u015arod\u0119 jest dost\u0119pny we wszystkich lokalizacjach sklep\u00f3w ka\u017cdego tygodnia przez ca\u0142y rok (do odwo\u0142ania). Zni\u017cka na Dzie\u0144 Seniora i Zni\u017cka na Szalon\u0105 \u015arod\u0119 nie s\u0105 dost\u0119pne w inne dni tygodnia. Inne codzienne promocje i oferty specjalne mog\u0105 si\u0119 r\u00f3\u017cni\u0107 w zale\u017cno\u015bci [&hellip;]\" \/>\n<meta name=\"twitter:image\" content=\"https:\/\/deliforyou.com\/wp-content\/uploads\/2023\/02\/rules.jpg\" \/>\n<meta name=\"twitter:label1\" content=\"Szacowany czas czytania\" \/>\n\t<meta name=\"twitter:data1\" content=\"2 minuty\" \/>\n<script type=\"application\/ld+json\" class=\"yoast-schema-graph\">{\"@context\":\"https:\/\/schema.org\",\"@graph\":[{\"@type\":\"WebPage\",\"@id\":\"https:\/\/deliforyou.com\/polityki\/\",\"url\":\"https:\/\/deliforyou.com\/polityki\/\",\"name\":\"Polityki - Deli 4 You Market\",\"isPartOf\":{\"@id\":\"https:\/\/deliforyou.com\/en\/#website\"},\"primaryImageOfPage\":{\"@id\":\"https:\/\/deliforyou.com\/polityki\/#primaryimage\"},\"image\":{\"@id\":\"https:\/\/deliforyou.com\/polityki\/#primaryimage\"},\"thumbnailUrl\":\"https:\/\/deliforyou.com\/wp-content\/uploads\/2023\/02\/rules.jpg\",\"datePublished\":\"2023-02-20T15:32:48+00:00\",\"dateModified\":\"2023-02-20T15:45:44+00:00\",\"breadcrumb\":{\"@id\":\"https:\/\/deliforyou.com\/polityki\/#breadcrumb\"},\"inLanguage\":\"pl-PL\",\"potentialAction\":[{\"@type\":\"ReadAction\",\"target\":[\"https:\/\/deliforyou.com\/polityki\/\"]}]},{\"@type\":\"ImageObject\",\"inLanguage\":\"pl-PL\",\"@id\":\"https:\/\/deliforyou.com\/polityki\/#primaryimage\",\"url\":\"https:\/\/deliforyou.com\/wp-content\/uploads\/2023\/02\/rules.jpg\",\"contentUrl\":\"https:\/\/deliforyou.com\/wp-content\/uploads\/2023\/02\/rules.jpg\",\"width\":1920,\"height\":560},{\"@type\":\"BreadcrumbList\",\"@id\":\"https:\/\/deliforyou.com\/polityki\/#breadcrumb\",\"itemListElement\":[{\"@type\":\"ListItem\",\"position\":1,\"name\":\"Strona g\u0142\u00f3wna\",\"item\":\"https:\/\/deliforyou.com\/en\/\"},{\"@type\":\"ListItem\",\"position\":2,\"name\":\"Polityki\"}]},{\"@type\":\"WebSite\",\"@id\":\"https:\/\/deliforyou.com\/en\/#website\",\"url\":\"https:\/\/deliforyou.com\/en\/\",\"name\":\"Deli 4 You Market\",\"description\":\"\",\"potentialAction\":[{\"@type\":\"SearchAction\",\"target\":{\"@type\":\"EntryPoint\",\"urlTemplate\":\"https:\/\/deliforyou.com\/en\/?s={search_term_string}\"},\"query-input\":{\"@type\":\"PropertyValueSpecification\",\"valueRequired\":true,\"valueName\":\"search_term_string\"}}],\"inLanguage\":\"pl-PL\"}]}<\/script>\n<!-- \/ Yoast SEO plugin. -->","yoast_head_json":{"title":"Polityki - Deli 4 You Market","robots":{"index":"index","follow":"follow","max-snippet":"max-snippet:-1","max-image-preview":"max-image-preview:large","max-video-preview":"max-video-preview:-1"},"canonical":"https:\/\/deliforyou.com\/polityki\/","twitter_card":"summary_large_image","twitter_title":"Polityki - Deli 4 You Market","twitter_description":"Zasady promocji Rabat Deli 4 You Market na Dzie\u0144 Seniora i Rabat na Szalon\u0105 \u015arod\u0119 jest dost\u0119pny we wszystkich lokalizacjach sklep\u00f3w ka\u017cdego tygodnia przez ca\u0142y rok (do odwo\u0142ania). Zni\u017cka na Dzie\u0144 Seniora i Zni\u017cka na Szalon\u0105 \u015arod\u0119 nie s\u0105 dost\u0119pne w inne dni tygodnia. Inne codzienne promocje i oferty specjalne mog\u0105 si\u0119 r\u00f3\u017cni\u0107 w zale\u017cno\u015bci [&hellip;]","twitter_image":"https:\/\/deliforyou.com\/wp-content\/uploads\/2023\/02\/rules.jpg","twitter_misc":{"Szacowany czas czytania":"2 minuty"},"schema":{"@context":"https:\/\/schema.org","@graph":[{"@type":"WebPage","@id":"https:\/\/deliforyou.com\/polityki\/","url":"https:\/\/deliforyou.com\/polityki\/","name":"Polityki - Deli 4 You Market","isPartOf":{"@id":"https:\/\/deliforyou.com\/en\/#website"},"primaryImageOfPage":{"@id":"https:\/\/deliforyou.com\/polityki\/#primaryimage"},"image":{"@id":"https:\/\/deliforyou.com\/polityki\/#primaryimage"},"thumbnailUrl":"https:\/\/deliforyou.com\/wp-content\/uploads\/2023\/02\/rules.jpg","datePublished":"2023-02-20T15:32:48+00:00","dateModified":"2023-02-20T15:45:44+00:00","breadcrumb":{"@id":"https:\/\/deliforyou.com\/polityki\/#breadcrumb"},"inLanguage":"pl-PL","potentialAction":[{"@type":"ReadAction","target":["https:\/\/deliforyou.com\/polityki\/"]}]},{"@type":"ImageObject","inLanguage":"pl-PL","@id":"https:\/\/deliforyou.com\/polityki\/#primaryimage","url":"https:\/\/deliforyou.com\/wp-content\/uploads\/2023\/02\/rules.jpg","contentUrl":"https:\/\/deliforyou.com\/wp-content\/uploads\/2023\/02\/rules.jpg","width":1920,"height":560},{"@type":"BreadcrumbList","@id":"https:\/\/deliforyou.com\/polityki\/#breadcrumb","itemListElement":[{"@type":"ListItem","position":1,"name":"Strona g\u0142\u00f3wna","item":"https:\/\/deliforyou.com\/en\/"},{"@type":"ListItem","position":2,"name":"Polityki"}]},{"@type":"WebSite","@id":"https:\/\/deliforyou.com\/en\/#website","url":"https:\/\/deliforyou.com\/en\/","name":"Deli 4 You Market","description":"","potentialAction":[{"@type":"SearchAction","target":{"@type":"EntryPoint","urlTemplate":"https:\/\/deliforyou.com\/en\/?s={search_term_string}"},"query-input":{"@type":"PropertyValueSpecification","valueRequired":true,"valueName":"search_term_string"}}],"inLanguage":"pl-PL"}]}},"_links":{"self":[{"href":"https:\/\/deliforyou.com\/pl\/wp-json\/wp\/v2\/pages\/1084","targetHints":{"allow":["GET"]}}],"collection":[{"href":"https:\/\/deliforyou.com\/pl\/wp-json\/wp\/v2\/pages"}],"about":[{"href":"https:\/\/deliforyou.com\/pl\/wp-json\/wp\/v2\/types\/page"}],"author":[{"embeddable":true,"href":"https:\/\/deliforyou.com\/pl\/wp-json\/wp\/v2\/users\/1"}],"replies":[{"embeddable":true,"href":"https:\/\/deliforyou.com\/pl\/wp-json\/wp\/v2\/comments?post=1084"}],"version-history":[{"count":3,"href":"https:\/\/deliforyou.com\/pl\/wp-json\/wp\/v2\/pages\/1084\/revisions"}],"predecessor-version":[{"id":1088,"href":"https:\/\/deliforyou.com\/pl\/wp-json\/wp\/v2\/pages\/1084\/revisions\/1088"}],"wp:featuredmedia":[{"embeddable":true,"href":"https:\/\/deliforyou.com\/pl\/wp-json\/wp\/v2\/media\/1087"}],"wp:attachment":[{"href":"https:\/\/deliforyou.com\/pl\/wp-json\/wp\/v2\/media?parent=1084"}],"curies":[{"name":"wp","href":"https:\/\/api.w.org\/{rel}","templated":true}]}}