{"id":56,"date":"2021-05-25T12:38:25","date_gmt":"2021-05-25T12:38:25","guid":{"rendered":"https:\/\/deliforyou.com\/?page_id=56"},"modified":"2023-02-23T03:24:26","modified_gmt":"2023-02-23T09:24:26","slug":"contact","status":"publish","type":"page","link":"https:\/\/deliforyou.com\/en\/contact\/","title":{"rendered":"Contact","raw":"Contact"},"content":{"rendered":"","protected":false,"raw":""},"excerpt":{"rendered":"<p>We greatly appreciate you for choosing Deli 4 You Market! Our main priority is to provide each customer an enjoyable shopping experience. We would love to hear from you both positive and constructive feedback. For all other questions or concerns, please use this form to contact us. We will do our absolute best to get back to you as quickly as possible! For all immediate inquiries, please call your local Deli 4 You Market store.<br \/>\n<br \/>\n<strong><br \/>\nPlease note, we do not accept orders through this portal. Submitted orders will not be fulfilled.<\/strong><\/p>\n","protected":false,"raw":"We greatly appreciate you for choosing Deli 4 You Market! Our main priority is to provide each customer an enjoyable shopping experience. We would love to hear from you both positive and constructive feedback. For all other questions or concerns, please use this form to contact us. We will do our absolute best to get back to you as quickly as possible! For all immediate inquiries, please call your local Deli 4 You Market store. \n<br>\n<strong>\nPlease note, we do not accept orders through this portal. Submitted orders will not be fulfilled.<\/strong>"},"author":1,"featured_media":633,"parent":0,"menu_order":0,"comment_status":"closed","ping_status":"closed","template":"page-kontakt.php","meta":{"_acf_changed":false,"_pl_post_content":"<!-- wp:paragraph -->\n<p><\/p>\n<!-- \/wp:paragraph -->\n\n<!-- wp:columns -->\n<div class=\"wp-block-columns\"><!-- wp:column -->\n<div class=\"wp-block-column\"><!-- wp:paragraph -->\n<p><strong>ALGONQUIN<\/strong><\/p>\n<!-- \/wp:paragraph -->\n\n<!-- wp:paragraph -->\n<p>1601 S Randall Rd.<br>Algonquin, IL 60102<br>847-715-6060<\/p>\n<!-- \/wp:paragraph --><\/div>\n<!-- \/wp:column -->\n\n<!-- wp:column -->\n<div class=\"wp-block-column\"><!-- wp:paragraph -->\n<p><strong>SCHAUMBURG<\/strong><\/p>\n<!-- \/wp:paragraph -->\n\n<!-- wp:paragraph -->\n<p>560 S Roselle Rd.<br>Schaumburg, IL 60193<br>847-466-5022<\/p>\n<!-- \/wp:paragraph --><\/div>\n<!-- \/wp:column --><\/div>\n<!-- \/wp:columns -->\n\n<!-- wp:columns -->\n<div class=\"wp-block-columns\"><!-- wp:column -->\n<div class=\"wp-block-column\"><!-- wp:paragraph -->\n<p> <strong>NORRIDGE<\/strong><\/p>\n<!-- \/wp:paragraph -->\n\n<!-- wp:paragraph -->\n<p>4353 N. Harlem Ave.<br>Norridge, IL 60706<br>708-457-1700<\/p>\n<!-- \/wp:paragraph -->\n\n<!-- wp:paragraph -->\n<p><strong>NILES<\/strong><\/p>\n<!-- \/wp:paragraph -->\n\n<!-- wp:paragraph -->\n<p>8526 W Golf Rd.<br>Niles, IL 60714<br>847-398-0210<\/p>\n<!-- \/wp:paragraph --><\/div>\n<!-- \/wp:column -->\n\n<!-- wp:column -->\n<div class=\"wp-block-column\"><!-- wp:paragraph -->\n<p><strong> PROSPECT HEIGHTS<\/strong><\/p>\n<!-- \/wp:paragraph -->\n\n<!-- wp:paragraph -->\n<p>9 E. Camp McDonald Rd.<br>Prospect Heights, IL 60070<br>847-398-3838<\/p>\n<!-- \/wp:paragraph --><\/div>\n<!-- \/wp:column --><\/div>\n<!-- \/wp:columns -->\n\n<!-- wp:paragraph -->\n<p><\/p>\n<!-- \/wp:paragraph -->","_pl_post_name":"kontakt","_pl_post_excerpt":"Jeste\u015bmy bardzo wdzi\u0119czni za wyb\u00f3r Deli 4 You Market! Naszym g\u0142\u00f3wnym priorytetem jest zapewnienie ka\u017cdemu klientowi przyjemnych zakup\u00f3w. Chcieliby\u015bmy us\u0142ysze\u0107 od Ciebie zar\u00f3wno pozytywne, jak i konstruktywne opinie. W przypadku wszystkich innych pyta\u0144 lub w\u0105tpliwo\u015bci skorzystaj z tego formularza, aby si\u0119 z nami skontaktowa\u0107. Do\u0142o\u017cymy wszelkich stara\u0144, aby wr\u00f3ci\u0107 do Ciebie tak szybko, jak to mo\u017cliwe! W przypadku natychmiastowych zapyta\u0144 prosimy o kontakt z lokalnym sklepem Deli 4 You Market.\n<br>\n<strong>\nUwaga: nie przyjmujemy zam\u00f3wie\u0144 za po\u015brednictwem tego portalu. Z\u0142o\u017cone zam\u00f3wienia nie zostan\u0105 zrealizowane.<\/strong>","_pl_post_title":"Kontakt","_en_post_content":"","_en_post_name":"contact","_en_post_excerpt":"We greatly appreciate you for choosing Deli 4 You Market! Our main priority is to provide each customer an enjoyable shopping experience. We would love to hear from you both positive and constructive feedback. For all other questions or concerns, please use this form to contact us. We will do our absolute best to get back to you as quickly as possible! For all immediate inquiries, please call your local Deli 4 You Market store. \n<br>\n<strong>\nPlease note, we do not accept orders through this portal. Submitted orders will not be fulfilled.<\/strong>","_en_post_title":"Contact","edit_language":"en","footnotes":""},"class_list":["post-56","page","type-page","status-publish","has-post-thumbnail","hentry"],"acf":[],"yoast_head":"<!-- This site is optimized with the Yoast SEO plugin v24.5 - https:\/\/yoast.com\/wordpress\/plugins\/seo\/ -->\n<title>Kontakt - Deli 4 You Market<\/title>\n<meta name=\"robots\" content=\"index, follow, max-snippet:-1, max-image-preview:large, max-video-preview:-1\" \/>\n<link rel=\"canonical\" href=\"https:\/\/deliforyou.com\/kontakt\/\" \/>\n<meta name=\"twitter:card\" content=\"summary_large_image\" \/>\n<meta name=\"twitter:title\" content=\"Kontakt - Deli 4 You Market\" \/>\n<meta name=\"twitter:description\" content=\"Jeste\u015bmy bardzo wdzi\u0119czni za wyb\u00f3r Deli 4 You Market! Naszym g\u0142\u00f3wnym priorytetem jest zapewnienie ka\u017cdemu klientowi przyjemnych zakup\u00f3w. Chcieliby\u015bmy us\u0142ysze\u0107 od Ciebie zar\u00f3wno pozytywne, jak i konstruktywne opinie. W przypadku wszystkich innych pyta\u0144 lub w\u0105tpliwo\u015bci skorzystaj z tego formularza, aby si\u0119 z nami skontaktowa\u0107. Do\u0142o\u017cymy wszelkich stara\u0144, aby wr\u00f3ci\u0107 do Ciebie tak szybko, jak to mo\u017cliwe! W przypadku natychmiastowych zapyta\u0144 prosimy o kontakt z lokalnym sklepem Deli 4 You Market.  Uwaga: nie przyjmujemy zam\u00f3wie\u0144 za po\u015brednictwem tego portalu. Z\u0142o\u017cone zam\u00f3wienia nie zostan\u0105 zrealizowane.\" \/>\n<meta name=\"twitter:image\" content=\"https:\/\/deliforyou.com\/wp-content\/uploads\/2021\/08\/about-us.png\" \/>\n<meta name=\"twitter:label1\" content=\"Est. reading time\" \/>\n\t<meta name=\"twitter:data1\" content=\"1 minute\" \/>\n<script type=\"application\/ld+json\" class=\"yoast-schema-graph\">{\"@context\":\"https:\/\/schema.org\",\"@graph\":[{\"@type\":\"WebPage\",\"@id\":\"https:\/\/deliforyou.com\/kontakt\/\",\"url\":\"https:\/\/deliforyou.com\/kontakt\/\",\"name\":\"Kontakt - Deli 4 You Market\",\"isPartOf\":{\"@id\":\"https:\/\/deliforyou.com\/en\/#website\"},\"primaryImageOfPage\":{\"@id\":\"https:\/\/deliforyou.com\/kontakt\/#primaryimage\"},\"image\":{\"@id\":\"https:\/\/deliforyou.com\/kontakt\/#primaryimage\"},\"thumbnailUrl\":\"https:\/\/deliforyou.com\/wp-content\/uploads\/2021\/08\/about-us.png\",\"datePublished\":\"2021-05-25T12:38:25+00:00\",\"dateModified\":\"2023-02-23T09:24:26+00:00\",\"breadcrumb\":{\"@id\":\"https:\/\/deliforyou.com\/kontakt\/#breadcrumb\"},\"inLanguage\":\"\",\"potentialAction\":[{\"@type\":\"ReadAction\",\"target\":[\"https:\/\/deliforyou.com\/kontakt\/\"]}]},{\"@type\":\"ImageObject\",\"inLanguage\":\"\",\"@id\":\"https:\/\/deliforyou.com\/kontakt\/#primaryimage\",\"url\":\"https:\/\/deliforyou.com\/wp-content\/uploads\/2021\/08\/about-us.png\",\"contentUrl\":\"https:\/\/deliforyou.com\/wp-content\/uploads\/2021\/08\/about-us.png\",\"width\":1680,\"height\":490},{\"@type\":\"BreadcrumbList\",\"@id\":\"https:\/\/deliforyou.com\/kontakt\/#breadcrumb\",\"itemListElement\":[{\"@type\":\"ListItem\",\"position\":1,\"name\":\"Strona g\u0142\u00f3wna\",\"item\":\"https:\/\/deliforyou.com\/en\/\"},{\"@type\":\"ListItem\",\"position\":2,\"name\":\"Kontakt\"}]},{\"@type\":\"WebSite\",\"@id\":\"https:\/\/deliforyou.com\/en\/#website\",\"url\":\"https:\/\/deliforyou.com\/en\/\",\"name\":\"Deli 4 You Market\",\"description\":\"\",\"potentialAction\":[{\"@type\":\"SearchAction\",\"target\":{\"@type\":\"EntryPoint\",\"urlTemplate\":\"https:\/\/deliforyou.com\/en\/?s={search_term_string}\"},\"query-input\":{\"@type\":\"PropertyValueSpecification\",\"valueRequired\":true,\"valueName\":\"search_term_string\"}}],\"inLanguage\":\"\"}]}<\/script>\n<!-- \/ Yoast SEO plugin. -->","yoast_head_json":{"title":"Kontakt - Deli 4 You Market","robots":{"index":"index","follow":"follow","max-snippet":"max-snippet:-1","max-image-preview":"max-image-preview:large","max-video-preview":"max-video-preview:-1"},"canonical":"https:\/\/deliforyou.com\/kontakt\/","twitter_card":"summary_large_image","twitter_title":"Kontakt - Deli 4 You Market","twitter_description":"Jeste\u015bmy bardzo wdzi\u0119czni za wyb\u00f3r Deli 4 You Market! Naszym g\u0142\u00f3wnym priorytetem jest zapewnienie ka\u017cdemu klientowi przyjemnych zakup\u00f3w. Chcieliby\u015bmy us\u0142ysze\u0107 od Ciebie zar\u00f3wno pozytywne, jak i konstruktywne opinie. W przypadku wszystkich innych pyta\u0144 lub w\u0105tpliwo\u015bci skorzystaj z tego formularza, aby si\u0119 z nami skontaktowa\u0107. Do\u0142o\u017cymy wszelkich stara\u0144, aby wr\u00f3ci\u0107 do Ciebie tak szybko, jak to mo\u017cliwe! W przypadku natychmiastowych zapyta\u0144 prosimy o kontakt z lokalnym sklepem Deli 4 You Market.  Uwaga: nie przyjmujemy zam\u00f3wie\u0144 za po\u015brednictwem tego portalu. Z\u0142o\u017cone zam\u00f3wienia nie zostan\u0105 zrealizowane.","twitter_image":"https:\/\/deliforyou.com\/wp-content\/uploads\/2021\/08\/about-us.png","twitter_misc":{"Est. reading time":"1 minute"},"schema":{"@context":"https:\/\/schema.org","@graph":[{"@type":"WebPage","@id":"https:\/\/deliforyou.com\/kontakt\/","url":"https:\/\/deliforyou.com\/kontakt\/","name":"Kontakt - Deli 4 You Market","isPartOf":{"@id":"https:\/\/deliforyou.com\/en\/#website"},"primaryImageOfPage":{"@id":"https:\/\/deliforyou.com\/kontakt\/#primaryimage"},"image":{"@id":"https:\/\/deliforyou.com\/kontakt\/#primaryimage"},"thumbnailUrl":"https:\/\/deliforyou.com\/wp-content\/uploads\/2021\/08\/about-us.png","datePublished":"2021-05-25T12:38:25+00:00","dateModified":"2023-02-23T09:24:26+00:00","breadcrumb":{"@id":"https:\/\/deliforyou.com\/kontakt\/#breadcrumb"},"inLanguage":"","potentialAction":[{"@type":"ReadAction","target":["https:\/\/deliforyou.com\/kontakt\/"]}]},{"@type":"ImageObject","inLanguage":"","@id":"https:\/\/deliforyou.com\/kontakt\/#primaryimage","url":"https:\/\/deliforyou.com\/wp-content\/uploads\/2021\/08\/about-us.png","contentUrl":"https:\/\/deliforyou.com\/wp-content\/uploads\/2021\/08\/about-us.png","width":1680,"height":490},{"@type":"BreadcrumbList","@id":"https:\/\/deliforyou.com\/kontakt\/#breadcrumb","itemListElement":[{"@type":"ListItem","position":1,"name":"Strona g\u0142\u00f3wna","item":"https:\/\/deliforyou.com\/en\/"},{"@type":"ListItem","position":2,"name":"Kontakt"}]},{"@type":"WebSite","@id":"https:\/\/deliforyou.com\/en\/#website","url":"https:\/\/deliforyou.com\/en\/","name":"Deli 4 You Market","description":"","potentialAction":[{"@type":"SearchAction","target":{"@type":"EntryPoint","urlTemplate":"https:\/\/deliforyou.com\/en\/?s={search_term_string}"},"query-input":{"@type":"PropertyValueSpecification","valueRequired":true,"valueName":"search_term_string"}}],"inLanguage":""}]}},"_links":{"self":[{"href":"https:\/\/deliforyou.com\/en\/wp-json\/wp\/v2\/pages\/56","targetHints":{"allow":["GET"]}}],"collection":[{"href":"https:\/\/deliforyou.com\/en\/wp-json\/wp\/v2\/pages"}],"about":[{"href":"https:\/\/deliforyou.com\/en\/wp-json\/wp\/v2\/types\/page"}],"author":[{"embeddable":true,"href":"https:\/\/deliforyou.com\/en\/wp-json\/wp\/v2\/users\/1"}],"replies":[{"embeddable":true,"href":"https:\/\/deliforyou.com\/en\/wp-json\/wp\/v2\/comments?post=56"}],"version-history":[{"count":9,"href":"https:\/\/deliforyou.com\/en\/wp-json\/wp\/v2\/pages\/56\/revisions"}],"predecessor-version":[{"id":1131,"href":"https:\/\/deliforyou.com\/en\/wp-json\/wp\/v2\/pages\/56\/revisions\/1131"}],"wp:featuredmedia":[{"embeddable":true,"href":"https:\/\/deliforyou.com\/en\/wp-json\/wp\/v2\/media\/633"}],"wp:attachment":[{"href":"https:\/\/deliforyou.com\/en\/wp-json\/wp\/v2\/media?parent=56"}],"curies":[{"name":"wp","href":"https:\/\/api.w.org\/{rel}","templated":true}]}}