{"id":1095,"date":"2023-02-21T04:56:05","date_gmt":"2023-02-21T10:56:05","guid":{"rendered":"https:\/\/deliforyou.com\/pl\/?page_id=1095"},"modified":"2023-02-23T03:56:37","modified_gmt":"2023-02-23T09:56:37","slug":"apply-for-job","status":"publish","type":"page","link":"https:\/\/deliforyou.com\/en\/apply-for-job\/","title":{"rendered":"Apply for Job","raw":"Apply for Job"},"content":{"rendered":"\n<h2 class=\"wp-block-heading\">Apply for Job<\/h2>\n\n\n\n<hr class=\"wp-block-separator has-alpha-channel-opacity\"\/>\n\n\n\n<p>Join our Deli 4 You Market team! Our company is growing, and we need team players who are looking to grow with us. If you are interested in learning more or applying for a position, please fill out your information below or visit one of our stores.<\/p>\n\n\n\n<p>Please note: We are unable to respond to all applicants at this time due to the high volume of applicants. If you do not hear from us immediately, don\u2019t worry! Your application will be saved for future openings.<\/p>\n\n\n\n<h2 class=\"wp-block-heading\">Fill out info application:<\/h2>\n\n\n\n<p>All must be answered to submit.<\/p>\n\n\n\n<p><strong>Must be at least 16 years of age to apply.<\/strong><\/p>\n\n\n\n<div class=\"wpcf7 no-js\" id=\"wpcf7-f1099-o2\" lang=\"pl-PL\" dir=\"ltr\" data-wpcf7-id=\"1099\">\n<div class=\"screen-reader-response\"><p role=\"status\" aria-live=\"polite\" aria-atomic=\"true\"><\/p> <ul><\/ul><\/div>\n<form action=\"\/en\/wp-json\/wp\/v2\/pages\/1095#wpcf7-f1099-o2\" method=\"post\" class=\"wpcf7-form init\" aria-label=\"Contact form\" novalidate=\"novalidate\" data-status=\"init\">\n<div style=\"display: none;\">\n<input type=\"hidden\" name=\"_wpcf7\" value=\"1099\" \/>\n<input type=\"hidden\" name=\"_wpcf7_version\" value=\"6.0.4\" \/>\n<input type=\"hidden\" name=\"_wpcf7_locale\" value=\"pl_PL\" \/>\n<input type=\"hidden\" name=\"_wpcf7_unit_tag\" value=\"wpcf7-f1099-o2\" \/>\n<input type=\"hidden\" name=\"_wpcf7_container_post\" value=\"0\" \/>\n<input type=\"hidden\" name=\"_wpcf7_posted_data_hash\" value=\"\" \/>\n<input type=\"hidden\" name=\"_wpcf7_recaptcha_response\" value=\"\" \/>\n<\/div>\n<div class=\"row\">\n\t<div class=\"col-lg-4 col-xs-12\">\n\t\t<p><label style=\"text-align:left;font-size:12px;width:100%;\">Location:<\/label><br \/>\n<span class=\"wpcf7-form-control-wrap\" data-name=\"location\"><select class=\"wpcf7-form-control wpcf7-select wpcf7-validates-as-required\" aria-required=\"true\" aria-invalid=\"false\" name=\"location\"><option value=\"Prospect\">Prospect<\/option><option value=\"Norridge\">Norridge<\/option><option value=\"Schaumburg\">Schaumburg<\/option><option value=\"Algonquin\">Algonquin<\/option><option value=\"Niles\">Niles<\/option><\/select><\/span>\n\t\t<\/p>\n\t<\/div>\n\t<div class=\"col-lg-4 col-xs-12\">\n\t\t<p><label style=\"text-align:left;font-size:12px;width:100%;\">First Name:<\/label><br \/>\n<span class=\"wpcf7-form-control-wrap\" data-name=\"imie\"><input size=\"40\" maxlength=\"400\" class=\"wpcf7-form-control wpcf7-text wpcf7-validates-as-required\" aria-required=\"true\" aria-invalid=\"false\" placeholder=\"First Name\" value=\"\" type=\"text\" name=\"imie\" \/><\/span>\n\t\t<\/p>\n\t<\/div>\n\t<div class=\"col-lg-4 col-xs-12\">\n\t\t<p><label style=\"text-align:left;font-size:12px;width:100%;\">Last Name:<\/label><br \/>\n<span class=\"wpcf7-form-control-wrap\" data-name=\"nazwisko\"><input size=\"40\" maxlength=\"400\" class=\"wpcf7-form-control wpcf7-text wpcf7-validates-as-required\" aria-required=\"true\" aria-invalid=\"false\" placeholder=\"Last Name\" value=\"\" type=\"text\" name=\"nazwisko\" \/><\/span>\n\t\t<\/p>\n\t<\/div>\n\t<div class=\"col-lg-4 col-xs-12\">\n\t\t<p><label style=\"text-align:left;font-size:12px;width:100%;\">Date of Birth:<\/label><br \/>\n<span class=\"wpcf7-form-control-wrap\" data-name=\"dataurodzenia\"><input class=\"wpcf7-form-control wpcf7-date wpcf7-validates-as-required wpcf7-validates-as-date\" aria-required=\"true\" aria-invalid=\"false\" placeholder=\"Date of Birth\" value=\"\" type=\"date\" name=\"dataurodzenia\" \/><\/span>\n\t\t<\/p>\n\t<\/div>\n\t<div class=\"col-lg-4 col-xs-12\">\n\t\t<p><label style=\"text-align:left;font-size:12px;width:100%;\">Address:<\/label><br \/>\n<span class=\"wpcf7-form-control-wrap\" data-name=\"adres\"><input size=\"40\" maxlength=\"400\" class=\"wpcf7-form-control wpcf7-text wpcf7-validates-as-required\" aria-required=\"true\" aria-invalid=\"false\" placeholder=\"Address\" value=\"\" type=\"text\" name=\"adres\" \/><\/span>\n\t\t<\/p>\n\t<\/div>\n\t<div class=\"col-lg-4 col-xs-12\">\n\t\t<p><label style=\"text-align:left;font-size:12px;width:100%;\">City:<\/label><br \/>\n<span class=\"wpcf7-form-control-wrap\" data-name=\"miasto\"><input size=\"40\" maxlength=\"400\" class=\"wpcf7-form-control wpcf7-text wpcf7-validates-as-required\" aria-required=\"true\" aria-invalid=\"false\" placeholder=\"City\" value=\"\" type=\"text\" name=\"miasto\" \/><\/span>\n\t\t<\/p>\n\t<\/div>\n\t<div class=\"col-lg-4 col-xs-12\">\n\t\t<p><label style=\"text-align:left;font-size:12px;width:100%;\">State:<\/label><br \/>\n<span class=\"wpcf7-form-control-wrap\" data-name=\"state\"><select class=\"wpcf7-form-control wpcf7-select wpcf7-validates-as-required\" aria-required=\"true\" aria-invalid=\"false\" name=\"state\"><option value=\"Alabama\">Alabama<\/option><option value=\"Alaska\">Alaska<\/option><option value=\"Arizona\">Arizona<\/option><option value=\"Arkansas\">Arkansas<\/option><option value=\"California\">California<\/option><option value=\"Colorado\">Colorado<\/option><option value=\"Connecticut\">Connecticut<\/option><option value=\"Delaware\">Delaware<\/option><option value=\"District Of Columbia\">District Of Columbia<\/option><option value=\"Florida\">Florida<\/option><option value=\"Georgia\">Georgia<\/option><option value=\"Hawaii\">Hawaii<\/option><option value=\"Idaho\">Idaho<\/option><option value=\"Illinois\">Illinois<\/option><option value=\"Indiana\">Indiana<\/option><option value=\"Iowa\">Iowa<\/option><option value=\"Kansas\">Kansas<\/option><option value=\"Kentucky\">Kentucky<\/option><option value=\"Louisiana\">Louisiana<\/option><option value=\"Maine\">Maine<\/option><option value=\"Maryland\">Maryland<\/option><option value=\"Massachusetts\">Massachusetts<\/option><option value=\"Michigan\">Michigan<\/option><option value=\"Minnesota\">Minnesota<\/option><option value=\"Mississippi\">Mississippi<\/option><option value=\"Missouri\">Missouri<\/option><option value=\"Montana\">Montana<\/option><option value=\"Nebraska\">Nebraska<\/option><option value=\"Nevada\">Nevada<\/option><option value=\"New Hampshire\">New Hampshire<\/option><option value=\"New Jersey\">New Jersey<\/option><option value=\"New Mexico\">New Mexico<\/option><option value=\"New York\">New York<\/option><option value=\"North Carolina\">North Carolina<\/option><option value=\"North Dakota\">North Dakota<\/option><option value=\"Ohio\">Ohio<\/option><option value=\"Oklahoma\">Oklahoma<\/option><option value=\"Oregon\">Oregon<\/option><option value=\"Pennsylvania\">Pennsylvania<\/option><option value=\"Rhode Island\">Rhode Island<\/option><option value=\"South Carolina\">South Carolina<\/option><option value=\"South Dakota\">South Dakota<\/option><option value=\"Tennessee\">Tennessee<\/option><option value=\"Texas\">Texas<\/option><option value=\"Utah\">Utah<\/option><option value=\"Vermont\">Vermont<\/option><option value=\"Virginia\">Virginia<\/option><option value=\"Washington\">Washington<\/option><option value=\"West Virginia\">West Virginia<\/option><option value=\"Wisconsin\">Wisconsin<\/option><option value=\"Wyoming\">Wyoming<\/option><\/select><\/span>\n\t\t<\/p>\n\t<\/div>\n\t<div class=\"col-lg-4 col-xs-12\">\n\t\t<p><label style=\"text-align:left;font-size:12px;width:100%;\">Zip code:<\/label><br \/>\n<span class=\"wpcf7-form-control-wrap\" data-name=\"kod\"><input size=\"40\" maxlength=\"400\" class=\"wpcf7-form-control wpcf7-text wpcf7-validates-as-required\" aria-required=\"true\" aria-invalid=\"false\" placeholder=\"Zip code\" value=\"\" type=\"text\" name=\"kod\" \/><\/span>\n\t\t<\/p>\n\t<\/div>\n\t<div class=\"col-lg-4 col-xs-12\">\n\t\t<p><label style=\"text-align:left;font-size:12px;width:100%;\">E-mail:<\/label><br \/>\n<span class=\"wpcf7-form-control-wrap\" data-name=\"email\"><input size=\"40\" maxlength=\"400\" class=\"wpcf7-form-control wpcf7-email wpcf7-validates-as-required wpcf7-text wpcf7-validates-as-email\" aria-required=\"true\" aria-invalid=\"false\" placeholder=\"E-mail\" value=\"\" type=\"email\" name=\"email\" \/><\/span>\n\t\t<\/p>\n\t<\/div>\n\t<div class=\"col-lg-4 col-xs-12\">\n\t\t<p><label style=\"text-align:left;font-size:12px;width:100%;\">Phone Number:<\/label><br \/>\n<span class=\"wpcf7-form-control-wrap\" data-name=\"phone\"><input size=\"40\" maxlength=\"400\" class=\"wpcf7-form-control wpcf7-text wpcf7-validates-as-required\" aria-required=\"true\" aria-invalid=\"false\" placeholder=\"Phone Number\" value=\"\" type=\"text\" name=\"phone\" \/><\/span>\n\t\t<\/p>\n\t<\/div>\n\t<div class=\"col-lg-4 col-xs-12\">\n\t\t<p><label style=\"text-align:left;font-size:12px;width:100%;\">Start Date:<\/label><br \/>\n<span class=\"wpcf7-form-control-wrap\" data-name=\"kiedymozeszzaczac\"><input class=\"wpcf7-form-control wpcf7-date wpcf7-validates-as-required wpcf7-validates-as-date\" aria-required=\"true\" aria-invalid=\"false\" placeholder=\"Start Date\" value=\"\" type=\"date\" name=\"kiedymozeszzaczac\" \/><\/span>\n\t\t<\/p>\n\t<\/div>\n\t<div class=\"col-lg-4 col-xs-12\">\n\t\t<p><label style=\"text-align:left;font-size:12px;width:100%;\">Full Time or Part Time: <\/label><br \/>\n<span class=\"wpcf7-form-control-wrap\" data-name=\"etat\"><select class=\"wpcf7-form-control wpcf7-select wpcf7-validates-as-required\" aria-required=\"true\" aria-invalid=\"false\" name=\"etat\"><option value=\"Full Time\">Full Time<\/option><option value=\"Part Time\">Part Time<\/option><\/select><\/span>\n\t\t<\/p>\n\t<\/div>\n\t<div class=\"col-lg-12 col-xs-12\">\n\t\t<p><label style=\"text-align:left;font-size:12px;width:100%;\">Experience\/Position Applying For: <small>(max 200 characters)<\/small><\/label><br \/>\n<span class=\"wpcf7-form-control-wrap\" data-name=\"doswiadczenie\"><textarea cols=\"40\" rows=\"10\" maxlength=\"200\" class=\"wpcf7-form-control wpcf7-textarea\" aria-invalid=\"false\" placeholder=\"Content\" name=\"doswiadczenie\"><\/textarea><\/span>\n\t\t<\/p>\n\t<\/div>\n\t<div class=\"col-lg-12 col-xs-12\">\n\t\t<p><label style=\"text-align:left;font-size:12px;width:100%;\">Additional Information: <small>(max 200 characters)<\/small><\/label><br \/>\n<span class=\"wpcf7-form-control-wrap\" data-name=\"informacje\"><textarea cols=\"40\" rows=\"10\" maxlength=\"200\" class=\"wpcf7-form-control wpcf7-textarea\" aria-invalid=\"false\" placeholder=\"Content\" name=\"informacje\"><\/textarea><\/span>\n\t\t<\/p>\n\t<\/div>\n\t<div class=\"col-lg-12\">\n\t\t<p><label style=\"text-align:left;font-size:12px;width:100%;\">How did you hear of us?:<\/label><br \/>\n<span class=\"wpcf7-form-control-wrap\" data-name=\"skad\"><select class=\"wpcf7-form-control wpcf7-select wpcf7-validates-as-required\" aria-required=\"true\" aria-invalid=\"false\" name=\"skad\"><option value=\"Friends\">Friends<\/option><option value=\"Social Media\">Social Media<\/option><option value=\"Customer\">Customer<\/option><option value=\"Other\">Other<\/option><\/select><\/span>\n\t\t<\/p>\n\t<\/div>\n\t<div class=\"col-lg-12\">\n\t\t<p><input class=\"wpcf7-form-control wpcf7-submit has-spinner\" type=\"submit\" value=\"Send\" \/>\n\t\t<\/p>\n\t<\/div>\n<\/div><div class=\"wpcf7-response-output\" aria-hidden=\"true\"><\/div>\n<\/form>\n<\/div>\n\n","protected":false,"raw":"<!-- wp:heading -->\n<h2>Apply for Job<\/h2>\n<!-- \/wp:heading -->\n\n<!-- wp:separator -->\n<hr class=\"wp-block-separator has-alpha-channel-opacity\"\/>\n<!-- \/wp:separator -->\n\n<!-- wp:paragraph -->\n<p>Join our Deli 4 You Market team! Our company is growing, and we need team players who are looking to grow with us. If you are interested in learning more or applying for a position, please fill out your information below or visit one of our stores.<\/p>\n<!-- \/wp:paragraph -->\n\n<!-- wp:paragraph -->\n<p>Please note: We are unable to respond to all applicants at this time due to the high volume of applicants. If you do not hear from us immediately, don\u2019t worry! Your application will be saved for future openings.<\/p>\n<!-- \/wp:paragraph -->\n\n<!-- wp:heading -->\n<h2>Fill out info application:<\/h2>\n<!-- \/wp:heading -->\n\n<!-- wp:paragraph -->\n<p>All must be answered to submit.<\/p>\n<!-- \/wp:paragraph -->\n\n<!-- wp:paragraph -->\n<p><strong>Must be at least 16 years of age to apply.<\/strong><\/p>\n<!-- \/wp:paragraph -->\n\n<!-- wp:shortcode -->\n[contact-form-7 id=\"1099\" title=\"Aplikuj o prac\u0119 EN\"]\n<!-- \/wp:shortcode -->"},"excerpt":{"rendered":"","protected":false,"raw":""},"author":1,"featured_media":677,"parent":0,"menu_order":0,"comment_status":"closed","ping_status":"closed","template":"page-froms.php","meta":{"_acf_changed":false,"_pl_post_content":"<!-- wp:heading -->\n<h2>Aplikuj o prac\u0119<\/h2>\n<!-- \/wp:heading -->\n\n<!-- wp:separator -->\n<hr class=\"wp-block-separator has-alpha-channel-opacity\"\/>\n<!-- \/wp:separator -->\n\n<!-- wp:paragraph -->\n<p>Do\u0142\u0105cz do naszego zespo\u0142u Deli 4 You Market! Nasza firma si\u0119 rozwija i potrzebujemy graczy zespo\u0142owych, kt\u00f3rzy chc\u0105 rozwija\u0107 si\u0119 razem z nami. Je\u015bli chcesz dowiedzie\u0107 si\u0119 wi\u0119cej lub ubiega\u0107 si\u0119 o stanowisko, wype\u0142nij poni\u017csze informacje lub odwied\u017a jeden z naszych sklep\u00f3w.<\/p>\n<!-- \/wp:paragraph -->\n\n<!-- wp:paragraph -->\n<p>Uwaga: w tej chwili nie jeste\u015bmy w stanie odpowiedzie\u0107 wszystkim kandydatom ze wzgl\u0119du na du\u017c\u0105 liczb\u0119 zg\u0142osze\u0144. Je\u015bli nie otrzymasz od nas wiadomo\u015bci od razu, nie martw si\u0119! Twoja aplikacja zostanie zapisana na potrzeby przysz\u0142ych ofert pracy.<\/p>\n<!-- \/wp:paragraph -->\n\n<!-- wp:heading -->\n<h2>Wype\u0142nij ankiet\u0119 informacyjn\u0105:<\/h2>\n<!-- \/wp:heading -->\n\n<!-- wp:paragraph -->\n<p>Aby przes\u0142a\u0107, nale\u017cy odpowiedzie\u0107 na wszystkie pytania.<\/p>\n<!-- \/wp:paragraph -->\n\n<!-- wp:paragraph -->\n<p><strong>Aby z\u0142o\u017cy\u0107 wniosek, nale\u017cy mie\u0107 uko\u0144czone 16 lat.<\/strong><\/p>\n<!-- \/wp:paragraph -->\n\n<!-- wp:shortcode -->\n[contact-form-7 id=\"1097\" title=\"Aplikuj o prac\u0119 PL\"]\n<!-- \/wp:shortcode -->","_pl_post_name":"aplikuj-o-prace","_pl_post_excerpt":"","_pl_post_title":"Aplikuj o prac\u0119","_en_post_content":"<!-- wp:heading -->\n<h2>Apply for Job<\/h2>\n<!-- \/wp:heading -->\n\n<!-- wp:separator -->\n<hr class=\"wp-block-separator has-alpha-channel-opacity\"\/>\n<!-- \/wp:separator -->\n\n<!-- wp:paragraph -->\n<p>Join our Deli 4 You Market team! Our company is growing, and we need team players who are looking to grow with us. If you are interested in learning more or applying for a position, please fill out your information below or visit one of our stores.<\/p>\n<!-- \/wp:paragraph -->\n\n<!-- wp:paragraph -->\n<p>Please note: We are unable to respond to all applicants at this time due to the high volume of applicants. If you do not hear from us immediately, don\u2019t worry! Your application will be saved for future openings.<\/p>\n<!-- \/wp:paragraph -->\n\n<!-- wp:heading -->\n<h2>Fill out info application:<\/h2>\n<!-- \/wp:heading -->\n\n<!-- wp:paragraph -->\n<p>All must be answered to submit.<\/p>\n<!-- \/wp:paragraph -->\n\n<!-- wp:paragraph -->\n<p><strong>Must be at least 16 years of age to apply.<\/strong><\/p>\n<!-- \/wp:paragraph -->\n\n<!-- wp:shortcode -->\n[contact-form-7 id=\"1099\" title=\"Aplikuj o prac\u0119 EN\"]\n<!-- \/wp:shortcode -->","_en_post_name":"apply-for-job","_en_post_excerpt":"","_en_post_title":"Apply for Job","edit_language":"en","footnotes":""},"class_list":["post-1095","page","type-page","status-publish","has-post-thumbnail","hentry"],"acf":[],"yoast_head":"<!-- This site is optimized with the Yoast SEO plugin v24.5 - https:\/\/yoast.com\/wordpress\/plugins\/seo\/ -->\n<title>Aplikuj o prac\u0119 - Deli 4 You Market<\/title>\n<meta name=\"robots\" content=\"index, follow, max-snippet:-1, max-image-preview:large, max-video-preview:-1\" \/>\n<link rel=\"canonical\" href=\"https:\/\/deliforyou.com\/aplikuj-o-prace\/\" \/>\n<meta name=\"twitter:card\" content=\"summary_large_image\" \/>\n<meta name=\"twitter:title\" content=\"Aplikuj o prac\u0119 - Deli 4 You Market\" \/>\n<meta name=\"twitter:description\" content=\"Aplikuj o prac\u0119 Do\u0142\u0105cz do naszego zespo\u0142u Deli 4 You Market! Nasza firma si\u0119 rozwija i potrzebujemy graczy zespo\u0142owych, kt\u00f3rzy chc\u0105 rozwija\u0107 si\u0119 razem z nami. Je\u015bli chcesz dowiedzie\u0107 si\u0119 wi\u0119cej lub ubiega\u0107 si\u0119 o stanowisko, wype\u0142nij poni\u017csze informacje lub odwied\u017a jeden z naszych sklep\u00f3w. Uwaga: w tej chwili nie jeste\u015bmy w stanie odpowiedzie\u0107 wszystkim [&hellip;]\" \/>\n<meta name=\"twitter:image\" content=\"https:\/\/deliforyou.com\/wp-content\/uploads\/2021\/08\/stores233.png\" \/>\n<meta name=\"twitter:label1\" content=\"Est. reading time\" \/>\n\t<meta name=\"twitter:data1\" content=\"1 minute\" \/>\n<script type=\"application\/ld+json\" class=\"yoast-schema-graph\">{\"@context\":\"https:\/\/schema.org\",\"@graph\":[{\"@type\":\"WebPage\",\"@id\":\"https:\/\/deliforyou.com\/aplikuj-o-prace\/\",\"url\":\"https:\/\/deliforyou.com\/aplikuj-o-prace\/\",\"name\":\"Aplikuj o prac\u0119 - Deli 4 You Market\",\"isPartOf\":{\"@id\":\"https:\/\/deliforyou.com\/en\/#website\"},\"primaryImageOfPage\":{\"@id\":\"https:\/\/deliforyou.com\/aplikuj-o-prace\/#primaryimage\"},\"image\":{\"@id\":\"https:\/\/deliforyou.com\/aplikuj-o-prace\/#primaryimage\"},\"thumbnailUrl\":\"https:\/\/deliforyou.com\/wp-content\/uploads\/2021\/08\/stores233.png\",\"datePublished\":\"2023-02-21T10:56:05+00:00\",\"dateModified\":\"2023-02-23T09:56:37+00:00\",\"breadcrumb\":{\"@id\":\"https:\/\/deliforyou.com\/aplikuj-o-prace\/#breadcrumb\"},\"inLanguage\":\"\",\"potentialAction\":[{\"@type\":\"ReadAction\",\"target\":[\"https:\/\/deliforyou.com\/aplikuj-o-prace\/\"]}]},{\"@type\":\"ImageObject\",\"inLanguage\":\"\",\"@id\":\"https:\/\/deliforyou.com\/aplikuj-o-prace\/#primaryimage\",\"url\":\"https:\/\/deliforyou.com\/wp-content\/uploads\/2021\/08\/stores233.png\",\"contentUrl\":\"https:\/\/deliforyou.com\/wp-content\/uploads\/2021\/08\/stores233.png\",\"width\":1680,\"height\":490},{\"@type\":\"BreadcrumbList\",\"@id\":\"https:\/\/deliforyou.com\/aplikuj-o-prace\/#breadcrumb\",\"itemListElement\":[{\"@type\":\"ListItem\",\"position\":1,\"name\":\"Strona g\u0142\u00f3wna\",\"item\":\"https:\/\/deliforyou.com\/en\/\"},{\"@type\":\"ListItem\",\"position\":2,\"name\":\"Aplikuj o prac\u0119\"}]},{\"@type\":\"WebSite\",\"@id\":\"https:\/\/deliforyou.com\/en\/#website\",\"url\":\"https:\/\/deliforyou.com\/en\/\",\"name\":\"Deli 4 You Market\",\"description\":\"\",\"potentialAction\":[{\"@type\":\"SearchAction\",\"target\":{\"@type\":\"EntryPoint\",\"urlTemplate\":\"https:\/\/deliforyou.com\/en\/?s={search_term_string}\"},\"query-input\":{\"@type\":\"PropertyValueSpecification\",\"valueRequired\":true,\"valueName\":\"search_term_string\"}}],\"inLanguage\":\"\"}]}<\/script>\n<!-- \/ Yoast SEO plugin. -->","yoast_head_json":{"title":"Aplikuj o prac\u0119 - Deli 4 You Market","robots":{"index":"index","follow":"follow","max-snippet":"max-snippet:-1","max-image-preview":"max-image-preview:large","max-video-preview":"max-video-preview:-1"},"canonical":"https:\/\/deliforyou.com\/aplikuj-o-prace\/","twitter_card":"summary_large_image","twitter_title":"Aplikuj o prac\u0119 - Deli 4 You Market","twitter_description":"Aplikuj o prac\u0119 Do\u0142\u0105cz do naszego zespo\u0142u Deli 4 You Market! Nasza firma si\u0119 rozwija i potrzebujemy graczy zespo\u0142owych, kt\u00f3rzy chc\u0105 rozwija\u0107 si\u0119 razem z nami. Je\u015bli chcesz dowiedzie\u0107 si\u0119 wi\u0119cej lub ubiega\u0107 si\u0119 o stanowisko, wype\u0142nij poni\u017csze informacje lub odwied\u017a jeden z naszych sklep\u00f3w. Uwaga: w tej chwili nie jeste\u015bmy w stanie odpowiedzie\u0107 wszystkim [&hellip;]","twitter_image":"https:\/\/deliforyou.com\/wp-content\/uploads\/2021\/08\/stores233.png","twitter_misc":{"Est. reading time":"1 minute"},"schema":{"@context":"https:\/\/schema.org","@graph":[{"@type":"WebPage","@id":"https:\/\/deliforyou.com\/aplikuj-o-prace\/","url":"https:\/\/deliforyou.com\/aplikuj-o-prace\/","name":"Aplikuj o prac\u0119 - Deli 4 You Market","isPartOf":{"@id":"https:\/\/deliforyou.com\/en\/#website"},"primaryImageOfPage":{"@id":"https:\/\/deliforyou.com\/aplikuj-o-prace\/#primaryimage"},"image":{"@id":"https:\/\/deliforyou.com\/aplikuj-o-prace\/#primaryimage"},"thumbnailUrl":"https:\/\/deliforyou.com\/wp-content\/uploads\/2021\/08\/stores233.png","datePublished":"2023-02-21T10:56:05+00:00","dateModified":"2023-02-23T09:56:37+00:00","breadcrumb":{"@id":"https:\/\/deliforyou.com\/aplikuj-o-prace\/#breadcrumb"},"inLanguage":"","potentialAction":[{"@type":"ReadAction","target":["https:\/\/deliforyou.com\/aplikuj-o-prace\/"]}]},{"@type":"ImageObject","inLanguage":"","@id":"https:\/\/deliforyou.com\/aplikuj-o-prace\/#primaryimage","url":"https:\/\/deliforyou.com\/wp-content\/uploads\/2021\/08\/stores233.png","contentUrl":"https:\/\/deliforyou.com\/wp-content\/uploads\/2021\/08\/stores233.png","width":1680,"height":490},{"@type":"BreadcrumbList","@id":"https:\/\/deliforyou.com\/aplikuj-o-prace\/#breadcrumb","itemListElement":[{"@type":"ListItem","position":1,"name":"Strona g\u0142\u00f3wna","item":"https:\/\/deliforyou.com\/en\/"},{"@type":"ListItem","position":2,"name":"Aplikuj o prac\u0119"}]},{"@type":"WebSite","@id":"https:\/\/deliforyou.com\/en\/#website","url":"https:\/\/deliforyou.com\/en\/","name":"Deli 4 You Market","description":"","potentialAction":[{"@type":"SearchAction","target":{"@type":"EntryPoint","urlTemplate":"https:\/\/deliforyou.com\/en\/?s={search_term_string}"},"query-input":{"@type":"PropertyValueSpecification","valueRequired":true,"valueName":"search_term_string"}}],"inLanguage":""}]}},"_links":{"self":[{"href":"https:\/\/deliforyou.com\/en\/wp-json\/wp\/v2\/pages\/1095","targetHints":{"allow":["GET"]}}],"collection":[{"href":"https:\/\/deliforyou.com\/en\/wp-json\/wp\/v2\/pages"}],"about":[{"href":"https:\/\/deliforyou.com\/en\/wp-json\/wp\/v2\/types\/page"}],"author":[{"embeddable":true,"href":"https:\/\/deliforyou.com\/en\/wp-json\/wp\/v2\/users\/1"}],"replies":[{"embeddable":true,"href":"https:\/\/deliforyou.com\/en\/wp-json\/wp\/v2\/comments?post=1095"}],"version-history":[{"count":3,"href":"https:\/\/deliforyou.com\/en\/wp-json\/wp\/v2\/pages\/1095\/revisions"}],"predecessor-version":[{"id":1132,"href":"https:\/\/deliforyou.com\/en\/wp-json\/wp\/v2\/pages\/1095\/revisions\/1132"}],"wp:featuredmedia":[{"embeddable":true,"href":"https:\/\/deliforyou.com\/en\/wp-json\/wp\/v2\/media\/677"}],"wp:attachment":[{"href":"https:\/\/deliforyou.com\/en\/wp-json\/wp\/v2\/media?parent=1095"}],"curies":[{"name":"wp","href":"https:\/\/api.w.org\/{rel}","templated":true}]}}