{"id":1089,"date":"2023-02-21T03:25:49","date_gmt":"2023-02-21T09:25:49","guid":{"rendered":"https:\/\/deliforyou.com\/pl\/?page_id=1089"},"modified":"2023-02-21T04:09:34","modified_gmt":"2023-02-21T10:09:34","slug":"satisfaction-survey","status":"publish","type":"page","link":"https:\/\/deliforyou.com\/en\/satisfaction-survey\/","title":{"rendered":"Satisfaction Survey","raw":"Satisfaction Survey"},"content":{"rendered":"\n<h2 class=\"wp-block-heading\">Satisfaction Survey<\/h2>\n\n\n\n<hr class=\"wp-block-separator has-alpha-channel-opacity\"\/>\n\n\n\n<div class=\"wpcf7 no-js\" id=\"wpcf7-f1094-o2\" lang=\"pl-PL\" dir=\"ltr\" data-wpcf7-id=\"1094\">\n<div class=\"screen-reader-response\"><p role=\"status\" aria-live=\"polite\" aria-atomic=\"true\"><\/p> <ul><\/ul><\/div>\n<form action=\"\/en\/wp-json\/wp\/v2\/pages\/1089#wpcf7-f1094-o2\" method=\"post\" class=\"wpcf7-form init\" aria-label=\"Contact form\" novalidate=\"novalidate\" data-status=\"init\">\n<div style=\"display: none;\">\n<input type=\"hidden\" name=\"_wpcf7\" value=\"1094\" \/>\n<input type=\"hidden\" name=\"_wpcf7_version\" value=\"6.0.4\" \/>\n<input type=\"hidden\" name=\"_wpcf7_locale\" value=\"pl_PL\" \/>\n<input type=\"hidden\" name=\"_wpcf7_unit_tag\" value=\"wpcf7-f1094-o2\" \/>\n<input type=\"hidden\" name=\"_wpcf7_container_post\" value=\"0\" \/>\n<input type=\"hidden\" name=\"_wpcf7_posted_data_hash\" value=\"\" \/>\n<input type=\"hidden\" name=\"_wpcf7_recaptcha_response\" value=\"\" \/>\n<\/div>\n<div class=\"row\">\n\t<div class=\"col-lg-4 col-xs-12\">\n\t\t<p><label style=\"text-align:left;font-size:12px;width:100%;\">Store Location:<\/label><br \/>\n<span class=\"wpcf7-form-control-wrap\" data-name=\"location\"><select class=\"wpcf7-form-control wpcf7-select wpcf7-validates-as-required\" aria-required=\"true\" aria-invalid=\"false\" name=\"location\"><option value=\"Prospect\">Prospect<\/option><option value=\"Norridge\">Norridge<\/option><option value=\"Schaumburg\">Schaumburg<\/option><option value=\"Algonquin\">Algonquin<\/option><option value=\"Niles\">Niles<\/option><\/select><\/span>\n\t\t<\/p>\n\t<\/div>\n\t<div class=\"col-lg-4 col-xs-12\">\n\t\t<p><label style=\"text-align:left;font-size:12px;width:100%;\">Service:<\/label><br \/>\n<span class=\"wpcf7-form-control-wrap\" data-name=\"obsluga\"><select class=\"wpcf7-form-control wpcf7-select wpcf7-validates-as-required\" aria-required=\"true\" aria-invalid=\"false\" name=\"obsluga\"><option value=\"Excellent\">Excellent<\/option><option value=\"Helpful\">Helpful<\/option><option value=\"Average\">Average<\/option><option value=\"Not Helpful\">Not Helpful<\/option><option value=\"Terrible\">Terrible<\/option><\/select><\/span>\n\t\t<\/p>\n\t<\/div>\n\t<div class=\"col-lg-4 col-xs-12\">\n\t\t<p><label style=\"text-align:left;font-size:12px;width:100%;\">Cleanliness:<\/label><br \/>\n<span class=\"wpcf7-form-control-wrap\" data-name=\"czystosc\"><select class=\"wpcf7-form-control wpcf7-select wpcf7-validates-as-required\" aria-required=\"true\" aria-invalid=\"false\" name=\"czystosc\"><option value=\"Very Clean\">Very Clean<\/option><option value=\"Clean\">Clean<\/option><option value=\"Average\">Average<\/option><option value=\"Dirty\">Dirty<\/option><\/select><\/span>\n\t\t<\/p>\n\t<\/div>\n\t<div class=\"col-lg-4 col-xs-12\">\n\t\t<p><label style=\"text-align:left;font-size:12px;width:100%;\">Product Quality:<\/label><br \/>\n<span class=\"wpcf7-form-control-wrap\" data-name=\"jakosc\"><select class=\"wpcf7-form-control wpcf7-select wpcf7-validates-as-required\" aria-required=\"true\" aria-invalid=\"false\" name=\"jakosc\"><option value=\"Excellent\">Excellent<\/option><option value=\"Average\">Average<\/option><option value=\"Terrible\">Terrible<\/option><\/select><\/span>\n\t\t<\/p>\n\t<\/div>\n\t<div class=\"col-lg-4 col-xs-12\">\n\t\t<p><label style=\"text-align:left;font-size:12px;width:100%;\">Product Selection:<\/label><br \/>\n<span class=\"wpcf7-form-control-wrap\" data-name=\"wybor\"><select class=\"wpcf7-form-control wpcf7-select wpcf7-validates-as-required\" aria-required=\"true\" aria-invalid=\"false\" name=\"wybor\"><option value=\"Excellent\">Excellent<\/option><option value=\"Average\">Average<\/option><option value=\"Terrible\">Terrible<\/option><\/select><\/span>\n\t\t<\/p>\n\t<\/div>\n\t<div class=\"col-lg-4 col-xs-12\">\n\t\t<p><label style=\"text-align:left;font-size:12px;width:100%;\">Price:<\/label><br \/>\n<span class=\"wpcf7-form-control-wrap\" data-name=\"cena\"><select class=\"wpcf7-form-control wpcf7-select wpcf7-validates-as-required\" aria-required=\"true\" aria-invalid=\"false\" name=\"cena\"><option value=\"Affordable\">Affordable<\/option><option value=\"Average\">Average<\/option><option value=\"Expensive\">Expensive<\/option><\/select><\/span>\n\t\t<\/p>\n\t<\/div>\n\t<div class=\"col-lg-4 col-xs-12\">\n\t\t<p><label style=\"text-align:left;font-size:12px;width:100%;\">Favorite Department: <\/label><br \/>\n<span class=\"wpcf7-form-control-wrap\" data-name=\"ulubionydzial\"><select class=\"wpcf7-form-control wpcf7-select wpcf7-validates-as-required\" aria-required=\"true\" aria-invalid=\"false\" name=\"ulubionydzial\"><option value=\"Produce\">Produce<\/option><option value=\"Meat\">Meat<\/option><option value=\"Deli\">Deli<\/option><option value=\"Hot Food\/Salads\">Hot Food\/Salads<\/option><option value=\"Bakery\">Bakery<\/option><option value=\"Pierogi\">Pierogi<\/option><option value=\"Grocery\">Grocery<\/option><option value=\"Dairy\">Dairy<\/option><\/select><\/span>\n\t\t<\/p>\n\t<\/div>\n\t<div class=\"col-lg-4 col-xs-12\">\n\t\t<p><label style=\"text-align:left;font-size:12px;width:100%;\">Will you return to this location?:<\/label><br \/>\n<span class=\"wpcf7-form-control-wrap\" data-name=\"wrocisz\"><select class=\"wpcf7-form-control wpcf7-select wpcf7-validates-as-required\" aria-required=\"true\" aria-invalid=\"false\" name=\"wrocisz\"><option value=\"Definitely\">Definitely<\/option><option value=\"Maybe\">Maybe<\/option><option value=\"No\">No<\/option><\/select><\/span>\n\t\t<\/p>\n\t<\/div>\n\t<div class=\"col-lg-4 col-xs-12\">\n\t\t<p><label style=\"text-align:left;font-size:12px;width:100%;\">Overall Experience:<\/label><br \/>\n<span class=\"wpcf7-form-control-wrap\" data-name=\"wrazenia\"><select class=\"wpcf7-form-control wpcf7-select wpcf7-validates-as-required\" aria-required=\"true\" aria-invalid=\"false\" name=\"wrazenia\"><option value=\"Excellent\">Excellent<\/option><option value=\"Good\">Good<\/option><option value=\"Average\">Average<\/option><option value=\"Underwhelmed\">Underwhelmed<\/option><option value=\"Terrible\">Terrible<\/option><\/select><\/span>\n\t\t<\/p>\n\t<\/div>\n\t<div class=\"col-lg-12\">\n\t\t<p><label style=\"text-align:left;font-size:12px;width:100%;\">Other comments\/suggestions:<\/label><br \/>\n<span class=\"wpcf7-form-control-wrap\" data-name=\"uwagi\"><textarea cols=\"40\" rows=\"10\" maxlength=\"2000\" class=\"wpcf7-form-control wpcf7-textarea\" aria-invalid=\"false\" placeholder=\"Content\" name=\"uwagi\"><\/textarea><\/span>\n\t\t<\/p>\n\t<\/div>\n\t<div class=\"col-lg-4 col-xs-12\">\n\t\t<p><label style=\"text-align:left;font-size:12px;width:100%;\">Name:<\/label><br \/>\n<span class=\"wpcf7-form-control-wrap\" data-name=\"nazwa\"><input size=\"40\" maxlength=\"400\" class=\"wpcf7-form-control wpcf7-text wpcf7-validates-as-required\" aria-required=\"true\" aria-invalid=\"false\" placeholder=\"Name\" value=\"\" type=\"text\" name=\"nazwa\" \/><\/span>\n\t\t<\/p>\n\t<\/div>\n\t<div class=\"col-lg-4 col-xs-12\">\n\t\t<p><label style=\"text-align:left;font-size:12px;width:100%;\">E-mail:<\/label><br \/>\n<span class=\"wpcf7-form-control-wrap\" data-name=\"email\"><input size=\"40\" maxlength=\"400\" class=\"wpcf7-form-control wpcf7-email wpcf7-validates-as-required wpcf7-text wpcf7-validates-as-email\" aria-required=\"true\" aria-invalid=\"false\" placeholder=\"E-mail\" value=\"\" type=\"email\" name=\"email\" \/><\/span>\n\t\t<\/p>\n\t<\/div>\n\t<div class=\"col-lg-4 col-xs-12\">\n\t\t<p><label style=\"text-align:left;font-size:12px;width:100%;\">Phone:<\/label><br \/>\n<span class=\"wpcf7-form-control-wrap\" data-name=\"phone\"><input size=\"40\" maxlength=\"400\" class=\"wpcf7-form-control wpcf7-text wpcf7-validates-as-required\" aria-required=\"true\" aria-invalid=\"false\" placeholder=\"Phone number\" value=\"\" type=\"text\" name=\"phone\" \/><\/span>\n\t\t<\/p>\n\t<\/div>\n\t<div class=\"col-lg-12\">\n\t\t<p><input class=\"wpcf7-form-control wpcf7-submit has-spinner\" type=\"submit\" value=\"Send\" \/>\n\t\t<\/p>\n\t<\/div>\n<\/div><div class=\"wpcf7-response-output\" aria-hidden=\"true\"><\/div>\n<\/form>\n<\/div>\n\n","protected":false,"raw":"<!-- wp:heading -->\n<h2>Satisfaction Survey<\/h2>\n<!-- \/wp:heading -->\n\n<!-- wp:separator -->\n<hr class=\"wp-block-separator has-alpha-channel-opacity\"\/>\n<!-- \/wp:separator -->\n\n<!-- wp:shortcode -->\n[contact-form-7 id=\"1094\" title=\"Zadowolenie_EN\"]\n<!-- \/wp:shortcode -->"},"excerpt":{"rendered":"","protected":false,"raw":""},"author":1,"featured_media":634,"parent":0,"menu_order":0,"comment_status":"closed","ping_status":"closed","template":"page-froms.php","meta":{"_acf_changed":false,"_pl_post_content":"<!-- wp:heading -->\n<h2>Badanie zadowolenia<\/h2>\n<!-- \/wp:heading -->\n\n<!-- wp:separator -->\n<hr class=\"wp-block-separator has-alpha-channel-opacity\"\/>\n<!-- \/wp:separator -->\n\n<!-- wp:paragraph -->\n<p>Aby przes\u0142a\u0107, nale\u017cy odpowiedzie\u0107 na wszystkie.<\/p>\n<!-- \/wp:paragraph -->\n\n<!-- wp:shortcode -->\n[contact-form-7 id=\"1092\" title=\"Zadowolenie_PL\"]\n<!-- \/wp:shortcode -->","_pl_post_name":"badanie-zadowolenia","_pl_post_excerpt":"","_pl_post_title":"Badanie zadowolenia","_en_post_content":"<!-- wp:heading -->\n<h2>Satisfaction Survey<\/h2>\n<!-- \/wp:heading -->\n\n<!-- wp:separator -->\n<hr class=\"wp-block-separator has-alpha-channel-opacity\"\/>\n<!-- \/wp:separator -->\n\n<!-- wp:shortcode -->\n[contact-form-7 id=\"1094\" title=\"Zadowolenie_EN\"]\n<!-- \/wp:shortcode -->","_en_post_name":"satisfaction-survey","_en_post_excerpt":"","_en_post_title":"Satisfaction Survey","edit_language":"en","footnotes":""},"class_list":["post-1089","page","type-page","status-publish","has-post-thumbnail","hentry"],"acf":[],"yoast_head":"<!-- This site is optimized with the Yoast SEO plugin v24.5 - https:\/\/yoast.com\/wordpress\/plugins\/seo\/ -->\n<title>Badanie zadowolenia - Deli 4 You Market<\/title>\n<meta name=\"robots\" content=\"index, follow, max-snippet:-1, max-image-preview:large, max-video-preview:-1\" \/>\n<link rel=\"canonical\" href=\"https:\/\/deliforyou.com\/badanie-zadowolenia\/\" \/>\n<meta name=\"twitter:card\" content=\"summary_large_image\" \/>\n<meta name=\"twitter:title\" content=\"Badanie zadowolenia - Deli 4 You Market\" \/>\n<meta name=\"twitter:description\" content=\"Badanie zadowolenia Aby przes\u0142a\u0107, nale\u017cy odpowiedzie\u0107 na wszystkie.\" \/>\n<meta name=\"twitter:image\" content=\"https:\/\/deliforyou.com\/wp-content\/uploads\/2021\/08\/stores-1.png\" \/>\n<meta name=\"twitter:label1\" content=\"Est. reading time\" \/>\n\t<meta name=\"twitter:data1\" content=\"1 minute\" \/>\n<script type=\"application\/ld+json\" class=\"yoast-schema-graph\">{\"@context\":\"https:\/\/schema.org\",\"@graph\":[{\"@type\":\"WebPage\",\"@id\":\"https:\/\/deliforyou.com\/badanie-zadowolenia\/\",\"url\":\"https:\/\/deliforyou.com\/badanie-zadowolenia\/\",\"name\":\"Badanie zadowolenia - Deli 4 You Market\",\"isPartOf\":{\"@id\":\"https:\/\/deliforyou.com\/en\/#website\"},\"primaryImageOfPage\":{\"@id\":\"https:\/\/deliforyou.com\/badanie-zadowolenia\/#primaryimage\"},\"image\":{\"@id\":\"https:\/\/deliforyou.com\/badanie-zadowolenia\/#primaryimage\"},\"thumbnailUrl\":\"https:\/\/deliforyou.com\/wp-content\/uploads\/2021\/08\/stores-1.png\",\"datePublished\":\"2023-02-21T09:25:49+00:00\",\"dateModified\":\"2023-02-21T10:09:34+00:00\",\"breadcrumb\":{\"@id\":\"https:\/\/deliforyou.com\/badanie-zadowolenia\/#breadcrumb\"},\"inLanguage\":\"\",\"potentialAction\":[{\"@type\":\"ReadAction\",\"target\":[\"https:\/\/deliforyou.com\/badanie-zadowolenia\/\"]}]},{\"@type\":\"ImageObject\",\"inLanguage\":\"\",\"@id\":\"https:\/\/deliforyou.com\/badanie-zadowolenia\/#primaryimage\",\"url\":\"https:\/\/deliforyou.com\/wp-content\/uploads\/2021\/08\/stores-1.png\",\"contentUrl\":\"https:\/\/deliforyou.com\/wp-content\/uploads\/2021\/08\/stores-1.png\",\"width\":1680,\"height\":490},{\"@type\":\"BreadcrumbList\",\"@id\":\"https:\/\/deliforyou.com\/badanie-zadowolenia\/#breadcrumb\",\"itemListElement\":[{\"@type\":\"ListItem\",\"position\":1,\"name\":\"Strona g\u0142\u00f3wna\",\"item\":\"https:\/\/deliforyou.com\/en\/\"},{\"@type\":\"ListItem\",\"position\":2,\"name\":\"Badanie zadowolenia\"}]},{\"@type\":\"WebSite\",\"@id\":\"https:\/\/deliforyou.com\/en\/#website\",\"url\":\"https:\/\/deliforyou.com\/en\/\",\"name\":\"Deli 4 You Market\",\"description\":\"\",\"potentialAction\":[{\"@type\":\"SearchAction\",\"target\":{\"@type\":\"EntryPoint\",\"urlTemplate\":\"https:\/\/deliforyou.com\/en\/?s={search_term_string}\"},\"query-input\":{\"@type\":\"PropertyValueSpecification\",\"valueRequired\":true,\"valueName\":\"search_term_string\"}}],\"inLanguage\":\"\"}]}<\/script>\n<!-- \/ Yoast SEO plugin. -->","yoast_head_json":{"title":"Badanie zadowolenia - Deli 4 You Market","robots":{"index":"index","follow":"follow","max-snippet":"max-snippet:-1","max-image-preview":"max-image-preview:large","max-video-preview":"max-video-preview:-1"},"canonical":"https:\/\/deliforyou.com\/badanie-zadowolenia\/","twitter_card":"summary_large_image","twitter_title":"Badanie zadowolenia - Deli 4 You Market","twitter_description":"Badanie zadowolenia Aby przes\u0142a\u0107, nale\u017cy odpowiedzie\u0107 na wszystkie.","twitter_image":"https:\/\/deliforyou.com\/wp-content\/uploads\/2021\/08\/stores-1.png","twitter_misc":{"Est. reading time":"1 minute"},"schema":{"@context":"https:\/\/schema.org","@graph":[{"@type":"WebPage","@id":"https:\/\/deliforyou.com\/badanie-zadowolenia\/","url":"https:\/\/deliforyou.com\/badanie-zadowolenia\/","name":"Badanie zadowolenia - Deli 4 You Market","isPartOf":{"@id":"https:\/\/deliforyou.com\/en\/#website"},"primaryImageOfPage":{"@id":"https:\/\/deliforyou.com\/badanie-zadowolenia\/#primaryimage"},"image":{"@id":"https:\/\/deliforyou.com\/badanie-zadowolenia\/#primaryimage"},"thumbnailUrl":"https:\/\/deliforyou.com\/wp-content\/uploads\/2021\/08\/stores-1.png","datePublished":"2023-02-21T09:25:49+00:00","dateModified":"2023-02-21T10:09:34+00:00","breadcrumb":{"@id":"https:\/\/deliforyou.com\/badanie-zadowolenia\/#breadcrumb"},"inLanguage":"","potentialAction":[{"@type":"ReadAction","target":["https:\/\/deliforyou.com\/badanie-zadowolenia\/"]}]},{"@type":"ImageObject","inLanguage":"","@id":"https:\/\/deliforyou.com\/badanie-zadowolenia\/#primaryimage","url":"https:\/\/deliforyou.com\/wp-content\/uploads\/2021\/08\/stores-1.png","contentUrl":"https:\/\/deliforyou.com\/wp-content\/uploads\/2021\/08\/stores-1.png","width":1680,"height":490},{"@type":"BreadcrumbList","@id":"https:\/\/deliforyou.com\/badanie-zadowolenia\/#breadcrumb","itemListElement":[{"@type":"ListItem","position":1,"name":"Strona g\u0142\u00f3wna","item":"https:\/\/deliforyou.com\/en\/"},{"@type":"ListItem","position":2,"name":"Badanie zadowolenia"}]},{"@type":"WebSite","@id":"https:\/\/deliforyou.com\/en\/#website","url":"https:\/\/deliforyou.com\/en\/","name":"Deli 4 You Market","description":"","potentialAction":[{"@type":"SearchAction","target":{"@type":"EntryPoint","urlTemplate":"https:\/\/deliforyou.com\/en\/?s={search_term_string}"},"query-input":{"@type":"PropertyValueSpecification","valueRequired":true,"valueName":"search_term_string"}}],"inLanguage":""}]}},"_links":{"self":[{"href":"https:\/\/deliforyou.com\/en\/wp-json\/wp\/v2\/pages\/1089","targetHints":{"allow":["GET"]}}],"collection":[{"href":"https:\/\/deliforyou.com\/en\/wp-json\/wp\/v2\/pages"}],"about":[{"href":"https:\/\/deliforyou.com\/en\/wp-json\/wp\/v2\/types\/page"}],"author":[{"embeddable":true,"href":"https:\/\/deliforyou.com\/en\/wp-json\/wp\/v2\/users\/1"}],"replies":[{"embeddable":true,"href":"https:\/\/deliforyou.com\/en\/wp-json\/wp\/v2\/comments?post=1089"}],"version-history":[{"count":2,"href":"https:\/\/deliforyou.com\/en\/wp-json\/wp\/v2\/pages\/1089\/revisions"}],"predecessor-version":[{"id":1093,"href":"https:\/\/deliforyou.com\/en\/wp-json\/wp\/v2\/pages\/1089\/revisions\/1093"}],"wp:featuredmedia":[{"embeddable":true,"href":"https:\/\/deliforyou.com\/en\/wp-json\/wp\/v2\/media\/634"}],"wp:attachment":[{"href":"https:\/\/deliforyou.com\/en\/wp-json\/wp\/v2\/media?parent=1089"}],"curies":[{"name":"wp","href":"https:\/\/api.w.org\/{rel}","templated":true}]}}