{"id":1080,"date":"2023-02-20T09:25:35","date_gmt":"2023-02-20T15:25:35","guid":{"rendered":"https:\/\/deliforyou.com\/pl\/?page_id=1080"},"modified":"2023-02-23T02:58:05","modified_gmt":"2023-02-23T08:58:05","slug":"gift-cards","status":"publish","type":"page","link":"https:\/\/deliforyou.com\/en\/gift-cards\/","title":{"rendered":"Gift Cards","raw":"Gift Cards"},"content":{"rendered":"\n<h2 class=\"wp-block-heading\">Gift Cards<\/h2>\n\n\n\n<hr class=\"wp-block-separator has-alpha-channel-opacity\"\/>\n\n\n\n<p>We have Gift Cards available to purchase at all Deli 4 You Market locations. You can find them by the registers \u2013 they can be purchased with cash, credit, or debit.&nbsp;The value of the Gift Cards must be greater than $5.00. There is no limit when adding worth to Gift Cards. Deli 4 You Market Gift Cards do not expire. Gift Cards may be used at any of our store <a href=\"https:\/\/deliforyou.com\/en\/stores\/\">locations<\/a> and can be reloaded at any time.<\/p>\n\n\n\n<p>Gift Cards may be used for partial payment for your cart. The remaining difference can be paid with cash, credit, or debit. Deli 4 You Market Gift Cards cannot be used to purchase other Gift Cards. If lost or stolen, we do not offer replacements.<br>\u00a0<br>How to check Gift Card balance:<\/p>\n\n\n\n1 .Visit\u00a0<a href=\"http:\/\/balance.worldpay.us\">http:\/\/balance.worldpay.us<\/a>\n<Br>2. Call 800-803-1222\n<br>3.\u00a0Ask one of our cashiers\n\n\n\n<p><br><em><strong>Terms\u00a0&amp; Conditions:<\/strong>\u00a0Deli 4 You Market Gift Cards are issued by WorldPay US, Inc. and may only be used for the purchase of merchandise at Deli 4 You Market stores. Deli 4 You Market Gift Cards have no fees for non-use and do not have an expiration date. Deli 4 You Market Gift Cards are not for resale, are not redeemable for cash or credit, and cannot be returned for a cash or credit refund.<\/em><\/p>\n","protected":false,"raw":"<!-- wp:heading -->\n<h2>Gift Cards<\/h2>\n<!-- \/wp:heading -->\n\n<!-- wp:separator -->\n<hr class=\"wp-block-separator has-alpha-channel-opacity\"\/>\n<!-- \/wp:separator -->\n\n<!-- wp:paragraph -->\n<p>We have Gift Cards available to purchase at all Deli 4 You Market locations. You can find them by the registers \u2013 they can be purchased with cash, credit, or debit.&nbsp;The value of the Gift Cards must be greater than $5.00. There is no limit when adding worth to Gift Cards. Deli 4 You Market Gift Cards do not expire. Gift Cards may be used at any of our store <a href=\"https:\/\/deliforyou.com\/en\/stores\/\">locations<\/a> and can be reloaded at any time.<\/p>\n<!-- \/wp:paragraph -->\n\n<!-- wp:paragraph -->\n<p>Gift Cards may be used for partial payment for your cart. The remaining difference can be paid with cash, credit, or debit. Deli 4 You Market Gift Cards cannot be used to purchase other Gift Cards. If lost or stolen, we do not offer replacements.<br>\u00a0<br>How to check Gift Card balance:<\/p>\n<!-- \/wp:paragraph -->\n\n<!-- wp:html -->\n1 .Visit\u00a0<a href=\"http:\/\/balance.worldpay.us\">http:\/\/balance.worldpay.us<\/a>\n<Br>2. Call 800-803-1222\n<br>3.\u00a0Ask one of our cashiers\n<!-- \/wp:html -->\n\n<!-- wp:paragraph -->\n<p><br><em><strong>Terms\u00a0&amp; Conditions:<\/strong>\u00a0Deli 4 You Market Gift Cards are issued by WorldPay US, Inc. and may only be used for the purchase of merchandise at Deli 4 You Market stores. Deli 4 You Market Gift Cards have no fees for non-use and do not have an expiration date. Deli 4 You Market Gift Cards are not for resale, are not redeemable for cash or credit, and cannot be returned for a cash or credit refund.<\/em><\/p>\n<!-- \/wp:paragraph -->"},"excerpt":{"rendered":"","protected":false,"raw":""},"author":1,"featured_media":1083,"parent":0,"menu_order":0,"comment_status":"closed","ping_status":"closed","template":"","meta":{"_acf_changed":false,"_pl_post_content":"<!-- wp:heading -->\n<h2>Karty podarunkowe<\/h2>\n<!-- \/wp:heading -->\n\n<!-- wp:separator -->\n<hr class=\"wp-block-separator has-alpha-channel-opacity\"\/>\n<!-- \/wp:separator -->\n\n<!-- wp:paragraph -->\n<p>We wszystkich lokalizacjach Deli 4 You Market dost\u0119pne s\u0105 karty podarunkowe. Znajdziesz je przy kasach \u2013 mo\u017cna je kupi\u0107 za got\u00f3wk\u0119, kart\u0119 kredytow\u0105 lub debetow\u0105. Warto\u015b\u0107 kart podarunkowych musi przekracza\u0107 5,00 USD. Nie ma ogranicze\u0144 w dodawaniu warto\u015bci do kart podarunkowych. Karty podarunkowe Deli 4 You Market nie trac\u0105 wa\u017cno\u015bci. Karty podarunkowe mog\u0105 by\u0107 u\u017cywane w dowolnej lokalizacji naszych sklep\u00f3w i mog\u0105 by\u0107 do\u0142adowywane w dowolnym momencie.<\/p>\n<!-- \/wp:paragraph -->\n\n<!-- wp:paragraph -->\n<p>Karty Podarunkowe mog\u0105 by\u0107 wykorzystane do cz\u0119\u015bciowej zap\u0142aty za Tw\u00f3j koszyk. Pozosta\u0142\u0105 r\u00f3\u017cnic\u0119 mo\u017cna zap\u0142aci\u0107 got\u00f3wk\u0105, kart\u0105 kredytow\u0105 lub debetow\u0105. Kart Podarunkowych Deli 4 You Market nie mo\u017cna wykorzysta\u0107 do zakupu innych Kart Podarunkowych. W przypadku zagubienia lub kradzie\u017cy nie oferujemy zamiennik\u00f3w.<\/p>\n<!-- \/wp:paragraph -->\n\n<!-- wp:paragraph -->\n<p>Jak sprawdzi\u0107 saldo karty podarunkowej:<\/p>\n<!-- \/wp:paragraph -->\n\n<!-- wp:paragraph -->\n<p>1. Odwied\u017a stron\u0119 http:\/\/balance.worldpay.us<\/p>\n<!-- \/wp:paragraph -->\n\n<!-- wp:paragraph -->\n<p>2. Zadzwo\u0144 pod numer 800-803-1222<\/p>\n<!-- \/wp:paragraph -->\n\n<!-- wp:paragraph -->\n<p>3. Zapytaj jednego z naszych kasjer\u00f3w!<\/p>\n<!-- \/wp:paragraph -->\n\n<!-- wp:paragraph -->\n<p><em><strong>Zasady i warunki<\/strong><\/em><em>: Karty podarunkowe Deli 4 You Market s\u0105 wydawane przez WorldPay US, Inc. i mog\u0105 by\u0107 wykorzystywane wy\u0142\u0105cznie do zakupu towar\u00f3w w sklepach Deli 4 You Market. Korzystanie z karty podarunkowej Deli 4 You Market jest bezp\u0142atne i bezterminowe. Karty upominkowe Deli 4 You Market nie s\u0105 przeznaczone do odsprzeda\u017cy, nie mo\u017cna ich wymieni\u0107 na got\u00f3wk\u0119 czy kart\u0119 p\u0142atnicz\u0105 ani nie mo\u017cna ich zwr\u00f3ci\u0107 w celu uzyskania zwrotu got\u00f3wki lub na kart\u0119 p\u0142atnicz\u0105.<\/em><\/p>\n<!-- \/wp:paragraph -->","_pl_post_name":"karty-podarunkowe","_pl_post_excerpt":"","_pl_post_title":"Karty podarunkowe","_en_post_content":"<!-- wp:heading -->\n<h2>Gift Cards<\/h2>\n<!-- \/wp:heading -->\n\n<!-- wp:separator -->\n<hr class=\"wp-block-separator has-alpha-channel-opacity\"\/>\n<!-- \/wp:separator -->\n\n<!-- wp:paragraph -->\n<p>We have Gift Cards available to purchase at all Deli 4 You Market locations. You can find them by the registers \u2013 they can be purchased with cash, credit, or debit.&nbsp;The value of the Gift Cards must be greater than $5.00. There is no limit when adding worth to Gift Cards. Deli 4 You Market Gift Cards do not expire. Gift Cards may be used at any of our store <a href=\"https:\/\/deliforyou.com\/en\/stores\/\">locations<\/a> and can be reloaded at any time.<\/p>\n<!-- \/wp:paragraph -->\n\n<!-- wp:paragraph -->\n<p>Gift Cards may be used for partial payment for your cart. The remaining difference can be paid with cash, credit, or debit. Deli 4 You Market Gift Cards cannot be used to purchase other Gift Cards. If lost or stolen, we do not offer replacements.<br>\u00a0<br>How to check Gift Card balance:<\/p>\n<!-- \/wp:paragraph -->\n\n<!-- wp:html -->\n1 .Visit\u00a0<a href=\"http:\/\/balance.worldpay.us\">http:\/\/balance.worldpay.us<\/a>\n<Br>2. Call 800-803-1222\n<br>3.\u00a0Ask one of our cashiers\n<!-- \/wp:html -->\n\n<!-- wp:paragraph -->\n<p><br><em><strong>Terms\u00a0&amp; Conditions:<\/strong>\u00a0Deli 4 You Market Gift Cards are issued by WorldPay US, Inc. and may only be used for the purchase of merchandise at Deli 4 You Market stores. Deli 4 You Market Gift Cards have no fees for non-use and do not have an expiration date. Deli 4 You Market Gift Cards are not for resale, are not redeemable for cash or credit, and cannot be returned for a cash or credit refund.<\/em><\/p>\n<!-- \/wp:paragraph -->","_en_post_name":"gift-cards","_en_post_excerpt":"","_en_post_title":"Gift Cards","edit_language":"en","footnotes":""},"class_list":["post-1080","page","type-page","status-publish","has-post-thumbnail","hentry"],"acf":[],"yoast_head":"<!-- This site is optimized with the Yoast SEO plugin v24.5 - https:\/\/yoast.com\/wordpress\/plugins\/seo\/ -->\n<title>Karty podarunkowe - Deli 4 You Market<\/title>\n<meta name=\"robots\" content=\"index, follow, max-snippet:-1, max-image-preview:large, max-video-preview:-1\" \/>\n<link rel=\"canonical\" href=\"https:\/\/deliforyou.com\/karty-podarunkowe\/\" \/>\n<meta name=\"twitter:card\" content=\"summary_large_image\" \/>\n<meta name=\"twitter:title\" content=\"Karty podarunkowe - Deli 4 You Market\" \/>\n<meta name=\"twitter:description\" content=\"Karty podarunkowe We wszystkich lokalizacjach Deli 4 You Market dost\u0119pne s\u0105 karty podarunkowe. Znajdziesz je przy kasach \u2013 mo\u017cna je kupi\u0107 za got\u00f3wk\u0119, kart\u0119 kredytow\u0105 lub debetow\u0105. Warto\u015b\u0107 kart podarunkowych musi przekracza\u0107 5,00 USD. Nie ma ogranicze\u0144 w dodawaniu warto\u015bci do kart podarunkowych. Karty podarunkowe Deli 4 You Market nie trac\u0105 wa\u017cno\u015bci. Karty podarunkowe mog\u0105 [&hellip;]\" \/>\n<meta name=\"twitter:image\" content=\"https:\/\/deliforyou.com\/wp-content\/uploads\/2023\/02\/giftcards.jpg\" \/>\n<meta name=\"twitter:label1\" content=\"Est. reading time\" \/>\n\t<meta name=\"twitter:data1\" content=\"1 minute\" \/>\n<script type=\"application\/ld+json\" class=\"yoast-schema-graph\">{\"@context\":\"https:\/\/schema.org\",\"@graph\":[{\"@type\":\"WebPage\",\"@id\":\"https:\/\/deliforyou.com\/karty-podarunkowe\/\",\"url\":\"https:\/\/deliforyou.com\/karty-podarunkowe\/\",\"name\":\"Karty podarunkowe - Deli 4 You Market\",\"isPartOf\":{\"@id\":\"https:\/\/deliforyou.com\/en\/#website\"},\"primaryImageOfPage\":{\"@id\":\"https:\/\/deliforyou.com\/karty-podarunkowe\/#primaryimage\"},\"image\":{\"@id\":\"https:\/\/deliforyou.com\/karty-podarunkowe\/#primaryimage\"},\"thumbnailUrl\":\"https:\/\/deliforyou.com\/wp-content\/uploads\/2023\/02\/giftcards.jpg\",\"datePublished\":\"2023-02-20T15:25:35+00:00\",\"dateModified\":\"2023-02-23T08:58:05+00:00\",\"breadcrumb\":{\"@id\":\"https:\/\/deliforyou.com\/karty-podarunkowe\/#breadcrumb\"},\"inLanguage\":\"\",\"potentialAction\":[{\"@type\":\"ReadAction\",\"target\":[\"https:\/\/deliforyou.com\/karty-podarunkowe\/\"]}]},{\"@type\":\"ImageObject\",\"inLanguage\":\"\",\"@id\":\"https:\/\/deliforyou.com\/karty-podarunkowe\/#primaryimage\",\"url\":\"https:\/\/deliforyou.com\/wp-content\/uploads\/2023\/02\/giftcards.jpg\",\"contentUrl\":\"https:\/\/deliforyou.com\/wp-content\/uploads\/2023\/02\/giftcards.jpg\",\"width\":1920,\"height\":560},{\"@type\":\"BreadcrumbList\",\"@id\":\"https:\/\/deliforyou.com\/karty-podarunkowe\/#breadcrumb\",\"itemListElement\":[{\"@type\":\"ListItem\",\"position\":1,\"name\":\"Strona g\u0142\u00f3wna\",\"item\":\"https:\/\/deliforyou.com\/en\/\"},{\"@type\":\"ListItem\",\"position\":2,\"name\":\"Karty podarunkowe\"}]},{\"@type\":\"WebSite\",\"@id\":\"https:\/\/deliforyou.com\/en\/#website\",\"url\":\"https:\/\/deliforyou.com\/en\/\",\"name\":\"Deli 4 You Market\",\"description\":\"\",\"potentialAction\":[{\"@type\":\"SearchAction\",\"target\":{\"@type\":\"EntryPoint\",\"urlTemplate\":\"https:\/\/deliforyou.com\/en\/?s={search_term_string}\"},\"query-input\":{\"@type\":\"PropertyValueSpecification\",\"valueRequired\":true,\"valueName\":\"search_term_string\"}}],\"inLanguage\":\"\"}]}<\/script>\n<!-- \/ Yoast SEO plugin. -->","yoast_head_json":{"title":"Karty podarunkowe - Deli 4 You Market","robots":{"index":"index","follow":"follow","max-snippet":"max-snippet:-1","max-image-preview":"max-image-preview:large","max-video-preview":"max-video-preview:-1"},"canonical":"https:\/\/deliforyou.com\/karty-podarunkowe\/","twitter_card":"summary_large_image","twitter_title":"Karty podarunkowe - Deli 4 You Market","twitter_description":"Karty podarunkowe We wszystkich lokalizacjach Deli 4 You Market dost\u0119pne s\u0105 karty podarunkowe. Znajdziesz je przy kasach \u2013 mo\u017cna je kupi\u0107 za got\u00f3wk\u0119, kart\u0119 kredytow\u0105 lub debetow\u0105. Warto\u015b\u0107 kart podarunkowych musi przekracza\u0107 5,00 USD. Nie ma ogranicze\u0144 w dodawaniu warto\u015bci do kart podarunkowych. Karty podarunkowe Deli 4 You Market nie trac\u0105 wa\u017cno\u015bci. Karty podarunkowe mog\u0105 [&hellip;]","twitter_image":"https:\/\/deliforyou.com\/wp-content\/uploads\/2023\/02\/giftcards.jpg","twitter_misc":{"Est. reading time":"1 minute"},"schema":{"@context":"https:\/\/schema.org","@graph":[{"@type":"WebPage","@id":"https:\/\/deliforyou.com\/karty-podarunkowe\/","url":"https:\/\/deliforyou.com\/karty-podarunkowe\/","name":"Karty podarunkowe - Deli 4 You Market","isPartOf":{"@id":"https:\/\/deliforyou.com\/en\/#website"},"primaryImageOfPage":{"@id":"https:\/\/deliforyou.com\/karty-podarunkowe\/#primaryimage"},"image":{"@id":"https:\/\/deliforyou.com\/karty-podarunkowe\/#primaryimage"},"thumbnailUrl":"https:\/\/deliforyou.com\/wp-content\/uploads\/2023\/02\/giftcards.jpg","datePublished":"2023-02-20T15:25:35+00:00","dateModified":"2023-02-23T08:58:05+00:00","breadcrumb":{"@id":"https:\/\/deliforyou.com\/karty-podarunkowe\/#breadcrumb"},"inLanguage":"","potentialAction":[{"@type":"ReadAction","target":["https:\/\/deliforyou.com\/karty-podarunkowe\/"]}]},{"@type":"ImageObject","inLanguage":"","@id":"https:\/\/deliforyou.com\/karty-podarunkowe\/#primaryimage","url":"https:\/\/deliforyou.com\/wp-content\/uploads\/2023\/02\/giftcards.jpg","contentUrl":"https:\/\/deliforyou.com\/wp-content\/uploads\/2023\/02\/giftcards.jpg","width":1920,"height":560},{"@type":"BreadcrumbList","@id":"https:\/\/deliforyou.com\/karty-podarunkowe\/#breadcrumb","itemListElement":[{"@type":"ListItem","position":1,"name":"Strona g\u0142\u00f3wna","item":"https:\/\/deliforyou.com\/en\/"},{"@type":"ListItem","position":2,"name":"Karty podarunkowe"}]},{"@type":"WebSite","@id":"https:\/\/deliforyou.com\/en\/#website","url":"https:\/\/deliforyou.com\/en\/","name":"Deli 4 You Market","description":"","potentialAction":[{"@type":"SearchAction","target":{"@type":"EntryPoint","urlTemplate":"https:\/\/deliforyou.com\/en\/?s={search_term_string}"},"query-input":{"@type":"PropertyValueSpecification","valueRequired":true,"valueName":"search_term_string"}}],"inLanguage":""}]}},"_links":{"self":[{"href":"https:\/\/deliforyou.com\/en\/wp-json\/wp\/v2\/pages\/1080","targetHints":{"allow":["GET"]}}],"collection":[{"href":"https:\/\/deliforyou.com\/en\/wp-json\/wp\/v2\/pages"}],"about":[{"href":"https:\/\/deliforyou.com\/en\/wp-json\/wp\/v2\/types\/page"}],"author":[{"embeddable":true,"href":"https:\/\/deliforyou.com\/en\/wp-json\/wp\/v2\/users\/1"}],"replies":[{"embeddable":true,"href":"https:\/\/deliforyou.com\/en\/wp-json\/wp\/v2\/comments?post=1080"}],"version-history":[{"count":2,"href":"https:\/\/deliforyou.com\/en\/wp-json\/wp\/v2\/pages\/1080\/revisions"}],"predecessor-version":[{"id":1082,"href":"https:\/\/deliforyou.com\/en\/wp-json\/wp\/v2\/pages\/1080\/revisions\/1082"}],"wp:featuredmedia":[{"embeddable":true,"href":"https:\/\/deliforyou.com\/en\/wp-json\/wp\/v2\/media\/1083"}],"wp:attachment":[{"href":"https:\/\/deliforyou.com\/en\/wp-json\/wp\/v2\/media?parent=1080"}],"curies":[{"name":"wp","href":"https:\/\/api.w.org\/{rel}","templated":true}]}}