{"id":1072,"date":"2023-02-20T09:10:47","date_gmt":"2023-02-20T15:10:47","guid":{"rendered":"https:\/\/deliforyou.com\/pl\/?page_id=1072"},"modified":"2023-02-23T04:51:30","modified_gmt":"2023-02-23T10:51:30","slug":"","status":"publish","type":"page","link":"https:\/\/deliforyou.com\/en\/social-media\/","title":{"rendered":"Social Media","raw":"Social Media"},"content":{"rendered":"\n<h2 class=\"wp-block-heading\">Social Media<\/h2>\n\n\n\n<p>Deli 4 You Market strongly encourages employees and customers to follow our social media pages. We consistently post updates including our merchandise, employees, customers, events and more!<\/p>\n\n\n\n<a target=\"_blank\" style=\"color:#6cba4d;\" href=\"https:\/\/www.facebook.com\/Deli4You\">Facebook<a>\n<br>\n<a target=\"_blank\" style=\"color:#6cba4d;\" href=\"https:\/\/www.instagram.com\/deli4you_\/\">Instagram<a>\n<br>\n<a target=\"_blank\" style=\"color:#6cba4d;\" href=\"https:\/\/www.youtube.com\/channel\/UC1URiKfsvmDr1ur9tmGbohA\/featured\">YouTube<a>\n<br><br>\n\n\n\n<p>We ask all contributions to our posts be respectful, lawful, and relevant. We reserve the right to remove content that is done by a fake profile, not relevant, disrespectful, spam or promotional links to third party websites.<\/p>\n\n\n\n<p>Social media defamation is described as when false or harassing content about a person or business is published to a social media website, platform, or app. Deli 4 You Market takes social media defamation very seriously &#8211; publishing defamatory statements online about our business could lead to consequences including, but not limited to, civil liability lawsuits or criminal charges.<\/p>\n","protected":false,"raw":"<!-- wp:heading -->\n<h2>Social Media<\/h2>\n<!-- \/wp:heading -->\n\n<!-- wp:paragraph -->\n<p>Deli 4 You Market strongly encourages employees and customers to follow our social media pages. We consistently post updates including our merchandise, employees, customers, events and more!<\/p>\n<!-- \/wp:paragraph -->\n\n<!-- wp:html -->\n<a target=\"_blank\" style=\"color:#6cba4d;\" href=\"https:\/\/www.facebook.com\/Deli4You\">Facebook<a>\n<br>\n<a target=\"_blank\" style=\"color:#6cba4d;\" href=\"https:\/\/www.instagram.com\/deli4you_\/\">Instagram<a>\n<br>\n<a target=\"_blank\" style=\"color:#6cba4d;\" href=\"https:\/\/www.youtube.com\/channel\/UC1URiKfsvmDr1ur9tmGbohA\/featured\">YouTube<a>\n<br><br>\n<!-- \/wp:html -->\n\n<!-- wp:paragraph -->\n<p>We ask all contributions to our posts be respectful, lawful, and relevant. We reserve the right to remove content that is done by a fake profile, not relevant, disrespectful, spam or promotional links to third party websites.<\/p>\n<!-- \/wp:paragraph -->\n\n<!-- wp:paragraph -->\n<p>Social media defamation is described as when false or harassing content about a person or business is published to a social media website, platform, or app. Deli 4 You Market takes social media defamation very seriously - publishing defamatory statements online about our business could lead to consequences including, but not limited to, civil liability lawsuits or criminal charges.<\/p>\n<!-- \/wp:paragraph -->"},"excerpt":{"rendered":"","protected":false,"raw":""},"author":1,"featured_media":1075,"parent":0,"menu_order":0,"comment_status":"closed","ping_status":"closed","template":"","meta":{"_acf_changed":false,"_pl_post_content":"<!-- wp:heading -->\n<h2>Media spo\u0142eczno\u015bciowe<\/h2>\n<!-- \/wp:heading -->\n\n<!-- wp:separator -->\n<hr class=\"wp-block-separator has-alpha-channel-opacity\"\/>\n<!-- \/wp:separator -->\n\n<!-- wp:paragraph -->\n<p>Deli 4 You Market zdecydowanie zach\u0119ca pracownik\u00f3w i klient\u00f3w do \u015bledzenia naszych stron w mediach spo\u0142eczno\u015bciowych. Konsekwentnie publikujemy aktualizacje, w tym nasze towary, pracownik\u00f3w, klient\u00f3w, wydarzenia i wiele wi\u0119cej!<\/p>\n<!-- \/wp:paragraph -->\n\n<!-- wp:html -->\n<a target=\"_blank\" style=\"color:#6cba4d;\" href=\"https:\/\/www.facebook.com\/Deli4You\" rel=\"noopener\">Facebook<a>\n<br>\n<a target=\"_blank\" style=\"color:#6cba4d;\" href=\"https:\/\/www.instagram.com\/deli4you_\/\" rel=\"noopener\">Instagram<a>\n<br>\n<a target=\"_blank\" style=\"color:#6cba4d;\" href=\"https:\/\/www.youtube.com\/channel\/UC1URiKfsvmDr1ur9tmGbohA\/featured\" rel=\"noopener\">YouTube<a>\n<br><br>\n<!-- \/wp:html -->\n\n<!-- wp:paragraph -->\n<p>Prosimy, aby ka\u017cdy wk\u0142ad w nasze posty by\u0142 pe\u0142en szacunku, zgodny z prawem i odpowiedni. Zastrzegamy sobie prawo do usuwania tre\u015bci, kt\u00f3re s\u0105 wykonywane przez fa\u0142szywy profil, nieistotne, lekcewa\u017c\u0105ce, spamowe lub promocyjne linki do stron internetowych os\u00f3b trzecich.<\/p>\n<!-- \/wp:paragraph -->\n\n<!-- wp:paragraph -->\n<p>Znies\u0142awienie w mediach spo\u0142eczno\u015bciowych to sytuacja, w kt\u00f3rej fa\u0142szywe lub napastliwe tre\u015bci dotycz\u0105ce osoby lub firmy s\u0105 publikowane w witrynie, platformie lub aplikacji spo\u0142eczno\u015bciowej. Deli 4 You Market bardzo powa\u017cnie traktuje znies\u0142awienie w mediach spo\u0142eczno\u015bciowych \u2014 publikowanie w Internecie znies\u0142awiaj\u0105cych o\u015bwiadcze\u0144 na temat naszej dzia\u0142alno\u015bci mo\u017ce prowadzi\u0107 do konsekwencji, w tym mi\u0119dzy innymi pozw\u00f3w z tytu\u0142u odpowiedzialno\u015bci cywilnej lub zarzut\u00f3w karnych.<\/p>\n<!-- \/wp:paragraph -->","_pl_post_name":"social-media","_pl_post_excerpt":"","_pl_post_title":"Media spo\u0142eczno\u015bciowe","_en_post_content":"<!-- wp:heading -->\n<h2>Social Media<\/h2>\n<!-- \/wp:heading -->\n\n<!-- wp:paragraph -->\n<p>Deli 4 You Market strongly encourages employees and customers to follow our social media pages. We consistently post updates including our merchandise, employees, customers, events and more!<\/p>\n<!-- \/wp:paragraph -->\n\n<!-- wp:html -->\n<a target=\"_blank\" style=\"color:#6cba4d;\" href=\"https:\/\/www.facebook.com\/Deli4You\">Facebook<a>\n<br>\n<a target=\"_blank\" style=\"color:#6cba4d;\" href=\"https:\/\/www.instagram.com\/deli4you_\/\">Instagram<a>\n<br>\n<a target=\"_blank\" style=\"color:#6cba4d;\" href=\"https:\/\/www.youtube.com\/channel\/UC1URiKfsvmDr1ur9tmGbohA\/featured\">YouTube<a>\n<br><br>\n<!-- \/wp:html -->\n\n<!-- wp:paragraph -->\n<p>We ask all contributions to our posts be respectful, lawful, and relevant. We reserve the right to remove content that is done by a fake profile, not relevant, disrespectful, spam or promotional links to third party websites.<\/p>\n<!-- \/wp:paragraph -->\n\n<!-- wp:paragraph -->\n<p>Social media defamation is described as when false or harassing content about a person or business is published to a social media website, platform, or app. Deli 4 You Market takes social media defamation very seriously - publishing defamatory statements online about our business could lead to consequences including, but not limited to, civil liability lawsuits or criminal charges.<\/p>\n<!-- \/wp:paragraph -->","_en_post_name":"","_en_post_excerpt":"","_en_post_title":"Social Media","edit_language":"en","footnotes":""},"class_list":["post-1072","page","type-page","status-publish","has-post-thumbnail","hentry"],"acf":[],"yoast_head":"<!-- This site is optimized with the Yoast SEO plugin v24.5 - https:\/\/yoast.com\/wordpress\/plugins\/seo\/ -->\n<title>Media spo\u0142eczno\u015bciowe - Deli 4 You Market<\/title>\n<meta name=\"robots\" content=\"index, follow, max-snippet:-1, max-image-preview:large, max-video-preview:-1\" \/>\n<link rel=\"canonical\" href=\"https:\/\/deliforyou.com\/social-media\/\" \/>\n<meta name=\"twitter:card\" content=\"summary_large_image\" \/>\n<meta name=\"twitter:title\" content=\"Media spo\u0142eczno\u015bciowe - Deli 4 You Market\" \/>\n<meta name=\"twitter:description\" content=\"Media spo\u0142eczno\u015bciowe Deli 4 You Market zdecydowanie zach\u0119ca pracownik\u00f3w i klient\u00f3w do \u015bledzenia naszych stron w mediach spo\u0142eczno\u015bciowych. Konsekwentnie publikujemy aktualizacje, w tym nasze towary, pracownik\u00f3w, klient\u00f3w, wydarzenia i wiele wi\u0119cej! Facebook Instagram YouTube Prosimy, aby ka\u017cdy wk\u0142ad w nasze posty by\u0142 pe\u0142en szacunku, zgodny z prawem i odpowiedni. Zastrzegamy sobie prawo do usuwania tre\u015bci, [&hellip;]\" \/>\n<meta name=\"twitter:image\" content=\"https:\/\/deliforyou.com\/wp-content\/uploads\/2023\/02\/social.jpg\" \/>\n<meta name=\"twitter:label1\" content=\"Est. reading time\" \/>\n\t<meta name=\"twitter:data1\" content=\"1 minute\" \/>\n<script type=\"application\/ld+json\" class=\"yoast-schema-graph\">{\"@context\":\"https:\/\/schema.org\",\"@graph\":[{\"@type\":\"WebPage\",\"@id\":\"https:\/\/deliforyou.com\/social-media\/\",\"url\":\"https:\/\/deliforyou.com\/social-media\/\",\"name\":\"Media spo\u0142eczno\u015bciowe - Deli 4 You Market\",\"isPartOf\":{\"@id\":\"https:\/\/deliforyou.com\/en\/#website\"},\"primaryImageOfPage\":{\"@id\":\"https:\/\/deliforyou.com\/social-media\/#primaryimage\"},\"image\":{\"@id\":\"https:\/\/deliforyou.com\/social-media\/#primaryimage\"},\"thumbnailUrl\":\"https:\/\/deliforyou.com\/wp-content\/uploads\/2023\/02\/social.jpg\",\"datePublished\":\"2023-02-20T15:10:47+00:00\",\"dateModified\":\"2023-02-23T10:51:30+00:00\",\"breadcrumb\":{\"@id\":\"https:\/\/deliforyou.com\/social-media\/#breadcrumb\"},\"inLanguage\":\"\",\"potentialAction\":[{\"@type\":\"ReadAction\",\"target\":[\"https:\/\/deliforyou.com\/social-media\/\"]}]},{\"@type\":\"ImageObject\",\"inLanguage\":\"\",\"@id\":\"https:\/\/deliforyou.com\/social-media\/#primaryimage\",\"url\":\"https:\/\/deliforyou.com\/wp-content\/uploads\/2023\/02\/social.jpg\",\"contentUrl\":\"https:\/\/deliforyou.com\/wp-content\/uploads\/2023\/02\/social.jpg\",\"width\":1920,\"height\":560},{\"@type\":\"BreadcrumbList\",\"@id\":\"https:\/\/deliforyou.com\/social-media\/#breadcrumb\",\"itemListElement\":[{\"@type\":\"ListItem\",\"position\":1,\"name\":\"Strona g\u0142\u00f3wna\",\"item\":\"https:\/\/deliforyou.com\/en\/\"},{\"@type\":\"ListItem\",\"position\":2,\"name\":\"Media spo\u0142eczno\u015bciowe\"}]},{\"@type\":\"WebSite\",\"@id\":\"https:\/\/deliforyou.com\/en\/#website\",\"url\":\"https:\/\/deliforyou.com\/en\/\",\"name\":\"Deli 4 You Market\",\"description\":\"\",\"potentialAction\":[{\"@type\":\"SearchAction\",\"target\":{\"@type\":\"EntryPoint\",\"urlTemplate\":\"https:\/\/deliforyou.com\/en\/?s={search_term_string}\"},\"query-input\":{\"@type\":\"PropertyValueSpecification\",\"valueRequired\":true,\"valueName\":\"search_term_string\"}}],\"inLanguage\":\"\"}]}<\/script>\n<!-- \/ Yoast SEO plugin. -->","yoast_head_json":{"title":"Media spo\u0142eczno\u015bciowe - Deli 4 You Market","robots":{"index":"index","follow":"follow","max-snippet":"max-snippet:-1","max-image-preview":"max-image-preview:large","max-video-preview":"max-video-preview:-1"},"canonical":"https:\/\/deliforyou.com\/social-media\/","twitter_card":"summary_large_image","twitter_title":"Media spo\u0142eczno\u015bciowe - Deli 4 You Market","twitter_description":"Media spo\u0142eczno\u015bciowe Deli 4 You Market zdecydowanie zach\u0119ca pracownik\u00f3w i klient\u00f3w do \u015bledzenia naszych stron w mediach spo\u0142eczno\u015bciowych. Konsekwentnie publikujemy aktualizacje, w tym nasze towary, pracownik\u00f3w, klient\u00f3w, wydarzenia i wiele wi\u0119cej! Facebook Instagram YouTube Prosimy, aby ka\u017cdy wk\u0142ad w nasze posty by\u0142 pe\u0142en szacunku, zgodny z prawem i odpowiedni. Zastrzegamy sobie prawo do usuwania tre\u015bci, [&hellip;]","twitter_image":"https:\/\/deliforyou.com\/wp-content\/uploads\/2023\/02\/social.jpg","twitter_misc":{"Est. reading time":"1 minute"},"schema":{"@context":"https:\/\/schema.org","@graph":[{"@type":"WebPage","@id":"https:\/\/deliforyou.com\/social-media\/","url":"https:\/\/deliforyou.com\/social-media\/","name":"Media spo\u0142eczno\u015bciowe - Deli 4 You Market","isPartOf":{"@id":"https:\/\/deliforyou.com\/en\/#website"},"primaryImageOfPage":{"@id":"https:\/\/deliforyou.com\/social-media\/#primaryimage"},"image":{"@id":"https:\/\/deliforyou.com\/social-media\/#primaryimage"},"thumbnailUrl":"https:\/\/deliforyou.com\/wp-content\/uploads\/2023\/02\/social.jpg","datePublished":"2023-02-20T15:10:47+00:00","dateModified":"2023-02-23T10:51:30+00:00","breadcrumb":{"@id":"https:\/\/deliforyou.com\/social-media\/#breadcrumb"},"inLanguage":"","potentialAction":[{"@type":"ReadAction","target":["https:\/\/deliforyou.com\/social-media\/"]}]},{"@type":"ImageObject","inLanguage":"","@id":"https:\/\/deliforyou.com\/social-media\/#primaryimage","url":"https:\/\/deliforyou.com\/wp-content\/uploads\/2023\/02\/social.jpg","contentUrl":"https:\/\/deliforyou.com\/wp-content\/uploads\/2023\/02\/social.jpg","width":1920,"height":560},{"@type":"BreadcrumbList","@id":"https:\/\/deliforyou.com\/social-media\/#breadcrumb","itemListElement":[{"@type":"ListItem","position":1,"name":"Strona g\u0142\u00f3wna","item":"https:\/\/deliforyou.com\/en\/"},{"@type":"ListItem","position":2,"name":"Media spo\u0142eczno\u015bciowe"}]},{"@type":"WebSite","@id":"https:\/\/deliforyou.com\/en\/#website","url":"https:\/\/deliforyou.com\/en\/","name":"Deli 4 You Market","description":"","potentialAction":[{"@type":"SearchAction","target":{"@type":"EntryPoint","urlTemplate":"https:\/\/deliforyou.com\/en\/?s={search_term_string}"},"query-input":{"@type":"PropertyValueSpecification","valueRequired":true,"valueName":"search_term_string"}}],"inLanguage":""}]}},"_links":{"self":[{"href":"https:\/\/deliforyou.com\/en\/wp-json\/wp\/v2\/pages\/1072","targetHints":{"allow":["GET"]}}],"collection":[{"href":"https:\/\/deliforyou.com\/en\/wp-json\/wp\/v2\/pages"}],"about":[{"href":"https:\/\/deliforyou.com\/en\/wp-json\/wp\/v2\/types\/page"}],"author":[{"embeddable":true,"href":"https:\/\/deliforyou.com\/en\/wp-json\/wp\/v2\/users\/1"}],"replies":[{"embeddable":true,"href":"https:\/\/deliforyou.com\/en\/wp-json\/wp\/v2\/comments?post=1072"}],"version-history":[{"count":7,"href":"https:\/\/deliforyou.com\/en\/wp-json\/wp\/v2\/pages\/1072\/revisions"}],"predecessor-version":[{"id":1133,"href":"https:\/\/deliforyou.com\/en\/wp-json\/wp\/v2\/pages\/1072\/revisions\/1133"}],"wp:featuredmedia":[{"embeddable":true,"href":"https:\/\/deliforyou.com\/en\/wp-json\/wp\/v2\/media\/1075"}],"wp:attachment":[{"href":"https:\/\/deliforyou.com\/en\/wp-json\/wp\/v2\/media?parent=1072"}],"curies":[{"name":"wp","href":"https:\/\/api.w.org\/{rel}","templated":true}]}}