{"id":1068,"date":"2023-02-20T09:01:27","date_gmt":"2023-02-20T15:01:27","guid":{"rendered":"https:\/\/deliforyou.com\/pl\/?page_id=1068"},"modified":"2024-06-06T09:42:18","modified_gmt":"2024-06-06T14:42:18","slug":"promotions","status":"publish","type":"page","link":"https:\/\/deliforyou.com\/en\/promotions\/","title":{"rendered":"Promotions","raw":"Promotions"},"content":{"rendered":"\n<p><\/p>\n\n\n\n<h2 class=\"wp-block-heading\">Promotions<\/h2>\n\n\n\n<hr class=\"wp-block-separator has-alpha-channel-opacity\"\/>\n\n\n\n<p>Every Tuesday is Senior Day! 20% off* for all seniors!<\/p>\n\n\n\n<p>Every Wednesday is Crazy Wednesday! 20% off* for everyone!<\/p>\n\n\n\n<p>You can find more daily promotions and specials at your local Deli 4 You Market!<\/p>\n\n\n\n<p>*Requirements and exclusions apply. Please see our <strong><a href=\"https:\/\/deliforyou.com\/en\/policy\/\">Promotion Policy<\/a><\/strong> for more information.<\/p>\n","protected":false,"raw":"<!-- wp:paragraph -->\n<p><\/p>\n<!-- \/wp:paragraph -->\n\n<!-- wp:heading -->\n<h2 class=\"wp-block-heading\">Promotions<\/h2>\n<!-- \/wp:heading -->\n\n<!-- wp:separator -->\n<hr class=\"wp-block-separator has-alpha-channel-opacity\"\/>\n<!-- \/wp:separator -->\n\n<!-- wp:paragraph -->\n<p>Every Tuesday is Senior Day! 20% off* for all seniors!<\/p>\n<!-- \/wp:paragraph -->\n\n<!-- wp:paragraph -->\n<p>Every Wednesday is Crazy Wednesday! 20% off* for everyone!<\/p>\n<!-- \/wp:paragraph -->\n\n<!-- wp:paragraph -->\n<p>You can find more daily promotions and specials at your local Deli 4 You Market!<\/p>\n<!-- \/wp:paragraph -->\n\n<!-- wp:paragraph -->\n<p>*Requirements and exclusions apply. Please see our <strong><a href=\"https:\/\/deliforyou.com\/en\/policy\/\">Promotion Policy<\/a><\/strong> for more information.<\/p>\n<!-- \/wp:paragraph -->"},"excerpt":{"rendered":"","protected":false,"raw":""},"author":1,"featured_media":1186,"parent":0,"menu_order":0,"comment_status":"closed","ping_status":"closed","template":"page-promotions.php","meta":{"_acf_changed":false,"_pl_post_content":"<!-- wp:heading -->\n<h2 class=\"wp-block-heading\">Promocje<\/h2>\n<!-- \/wp:heading -->\n\n<!-- wp:separator -->\n<hr class=\"wp-block-separator has-alpha-channel-opacity\"\/>\n<!-- \/wp:separator -->\n\n<!-- wp:paragraph -->\n<p>Ka\u017cdy wtorek to Dzie\u0144 Seniora! 20% zni\u017cki* dla wszystkich senior\u00f3w!<\/p>\n<!-- \/wp:paragraph -->\n\n<!-- wp:paragraph -->\n<p>Ka\u017cda \u015broda to Szalona \u015aroda! 20% zni\u017cki* dla wszystkich!<\/p>\n<!-- \/wp:paragraph -->\n\n<!-- wp:paragraph -->\n<p>Wi\u0119cej codziennych promocji i ofert specjalnych znajdziesz w lokalnym Deli 4 You Market!<\/p>\n<!-- \/wp:paragraph -->\n\n<!-- wp:paragraph -->\n<p>*Obowi\u0105zuj\u0105 wymagania i wy\u0142\u0105czenia. Wi\u0119cej informacji mo\u017cna znale\u017a\u0107 w naszych <strong><a href=\"https:\/\/deliforyou.com\/pl\/polityki\/\">Zasadach promocji<\/a> <\/strong><\/p>\n<!-- \/wp:paragraph -->","_pl_post_name":"promocje","_pl_post_excerpt":"","_pl_post_title":"Promocje","_en_post_content":"<!-- wp:paragraph -->\n<p><\/p>\n<!-- \/wp:paragraph -->\n\n<!-- wp:heading -->\n<h2 class=\"wp-block-heading\">Promotions<\/h2>\n<!-- \/wp:heading -->\n\n<!-- wp:separator -->\n<hr class=\"wp-block-separator has-alpha-channel-opacity\"\/>\n<!-- \/wp:separator -->\n\n<!-- wp:paragraph -->\n<p>Every Tuesday is Senior Day! 20% off* for all seniors!<\/p>\n<!-- \/wp:paragraph -->\n\n<!-- wp:paragraph -->\n<p>Every Wednesday is Crazy Wednesday! 20% off* for everyone!<\/p>\n<!-- \/wp:paragraph -->\n\n<!-- wp:paragraph -->\n<p>You can find more daily promotions and specials at your local Deli 4 You Market!<\/p>\n<!-- \/wp:paragraph -->\n\n<!-- wp:paragraph -->\n<p>*Requirements and exclusions apply. Please see our <strong><a href=\"https:\/\/deliforyou.com\/en\/policy\/\">Promotion Policy<\/a><\/strong> for more information.<\/p>\n<!-- \/wp:paragraph -->","_en_post_name":"promotions","_en_post_excerpt":"","_en_post_title":"Promotions","edit_language":"en","footnotes":""},"class_list":["post-1068","page","type-page","status-publish","has-post-thumbnail","hentry"],"acf":[],"yoast_head":"<!-- This site is optimized with the Yoast SEO plugin v24.5 - https:\/\/yoast.com\/wordpress\/plugins\/seo\/ -->\n<title>Promocje - Deli 4 You Market<\/title>\n<meta name=\"robots\" content=\"index, follow, max-snippet:-1, max-image-preview:large, max-video-preview:-1\" \/>\n<link rel=\"canonical\" href=\"https:\/\/deliforyou.com\/promocje\/\" \/>\n<meta name=\"twitter:card\" content=\"summary_large_image\" \/>\n<meta name=\"twitter:title\" content=\"Promocje - Deli 4 You Market\" \/>\n<meta name=\"twitter:description\" content=\"Promocje Ka\u017cdy wtorek to Dzie\u0144 Seniora! 20% zni\u017cki* dla wszystkich senior\u00f3w! Ka\u017cda \u015broda to Szalona \u015aroda! 20% zni\u017cki* dla wszystkich! Wi\u0119cej codziennych promocji i ofert specjalnych znajdziesz w lokalnym Deli 4 You Market! *Obowi\u0105zuj\u0105 wymagania i wy\u0142\u0105czenia. Wi\u0119cej informacji mo\u017cna znale\u017a\u0107 w naszych Zasadach promocji\" \/>\n<meta name=\"twitter:image\" content=\"https:\/\/deliforyou.com\/wp-content\/uploads\/2023\/09\/8433_2023_08_-Poster-and-Banner-15OFF-EN-1.jpg\" \/>\n<meta name=\"twitter:label1\" content=\"Est. reading time\" \/>\n\t<meta name=\"twitter:data1\" content=\"1 minute\" \/>\n<script type=\"application\/ld+json\" class=\"yoast-schema-graph\">{\"@context\":\"https:\/\/schema.org\",\"@graph\":[{\"@type\":\"WebPage\",\"@id\":\"https:\/\/deliforyou.com\/promocje\/\",\"url\":\"https:\/\/deliforyou.com\/promocje\/\",\"name\":\"Promocje - Deli 4 You Market\",\"isPartOf\":{\"@id\":\"https:\/\/deliforyou.com\/en\/#website\"},\"primaryImageOfPage\":{\"@id\":\"https:\/\/deliforyou.com\/promocje\/#primaryimage\"},\"image\":{\"@id\":\"https:\/\/deliforyou.com\/promocje\/#primaryimage\"},\"thumbnailUrl\":\"https:\/\/deliforyou.com\/wp-content\/uploads\/2023\/09\/8433_2023_08_-Poster-and-Banner-15OFF-EN-1.jpg\",\"datePublished\":\"2023-02-20T15:01:27+00:00\",\"dateModified\":\"2024-06-06T14:42:18+00:00\",\"breadcrumb\":{\"@id\":\"https:\/\/deliforyou.com\/promocje\/#breadcrumb\"},\"inLanguage\":\"\",\"potentialAction\":[{\"@type\":\"ReadAction\",\"target\":[\"https:\/\/deliforyou.com\/promocje\/\"]}]},{\"@type\":\"ImageObject\",\"inLanguage\":\"\",\"@id\":\"https:\/\/deliforyou.com\/promocje\/#primaryimage\",\"url\":\"https:\/\/deliforyou.com\/wp-content\/uploads\/2023\/09\/8433_2023_08_-Poster-and-Banner-15OFF-EN-1.jpg\",\"contentUrl\":\"https:\/\/deliforyou.com\/wp-content\/uploads\/2023\/09\/8433_2023_08_-Poster-and-Banner-15OFF-EN-1.jpg\",\"width\":2560,\"height\":747},{\"@type\":\"BreadcrumbList\",\"@id\":\"https:\/\/deliforyou.com\/promocje\/#breadcrumb\",\"itemListElement\":[{\"@type\":\"ListItem\",\"position\":1,\"name\":\"Strona g\u0142\u00f3wna\",\"item\":\"https:\/\/deliforyou.com\/en\/\"},{\"@type\":\"ListItem\",\"position\":2,\"name\":\"Promocje\"}]},{\"@type\":\"WebSite\",\"@id\":\"https:\/\/deliforyou.com\/en\/#website\",\"url\":\"https:\/\/deliforyou.com\/en\/\",\"name\":\"Deli 4 You Market\",\"description\":\"\",\"potentialAction\":[{\"@type\":\"SearchAction\",\"target\":{\"@type\":\"EntryPoint\",\"urlTemplate\":\"https:\/\/deliforyou.com\/en\/?s={search_term_string}\"},\"query-input\":{\"@type\":\"PropertyValueSpecification\",\"valueRequired\":true,\"valueName\":\"search_term_string\"}}],\"inLanguage\":\"\"}]}<\/script>\n<!-- \/ Yoast SEO plugin. -->","yoast_head_json":{"title":"Promocje - Deli 4 You Market","robots":{"index":"index","follow":"follow","max-snippet":"max-snippet:-1","max-image-preview":"max-image-preview:large","max-video-preview":"max-video-preview:-1"},"canonical":"https:\/\/deliforyou.com\/promocje\/","twitter_card":"summary_large_image","twitter_title":"Promocje - Deli 4 You Market","twitter_description":"Promocje Ka\u017cdy wtorek to Dzie\u0144 Seniora! 20% zni\u017cki* dla wszystkich senior\u00f3w! Ka\u017cda \u015broda to Szalona \u015aroda! 20% zni\u017cki* dla wszystkich! Wi\u0119cej codziennych promocji i ofert specjalnych znajdziesz w lokalnym Deli 4 You Market! *Obowi\u0105zuj\u0105 wymagania i wy\u0142\u0105czenia. Wi\u0119cej informacji mo\u017cna znale\u017a\u0107 w naszych Zasadach promocji","twitter_image":"https:\/\/deliforyou.com\/wp-content\/uploads\/2023\/09\/8433_2023_08_-Poster-and-Banner-15OFF-EN-1.jpg","twitter_misc":{"Est. reading time":"1 minute"},"schema":{"@context":"https:\/\/schema.org","@graph":[{"@type":"WebPage","@id":"https:\/\/deliforyou.com\/promocje\/","url":"https:\/\/deliforyou.com\/promocje\/","name":"Promocje - Deli 4 You Market","isPartOf":{"@id":"https:\/\/deliforyou.com\/en\/#website"},"primaryImageOfPage":{"@id":"https:\/\/deliforyou.com\/promocje\/#primaryimage"},"image":{"@id":"https:\/\/deliforyou.com\/promocje\/#primaryimage"},"thumbnailUrl":"https:\/\/deliforyou.com\/wp-content\/uploads\/2023\/09\/8433_2023_08_-Poster-and-Banner-15OFF-EN-1.jpg","datePublished":"2023-02-20T15:01:27+00:00","dateModified":"2024-06-06T14:42:18+00:00","breadcrumb":{"@id":"https:\/\/deliforyou.com\/promocje\/#breadcrumb"},"inLanguage":"","potentialAction":[{"@type":"ReadAction","target":["https:\/\/deliforyou.com\/promocje\/"]}]},{"@type":"ImageObject","inLanguage":"","@id":"https:\/\/deliforyou.com\/promocje\/#primaryimage","url":"https:\/\/deliforyou.com\/wp-content\/uploads\/2023\/09\/8433_2023_08_-Poster-and-Banner-15OFF-EN-1.jpg","contentUrl":"https:\/\/deliforyou.com\/wp-content\/uploads\/2023\/09\/8433_2023_08_-Poster-and-Banner-15OFF-EN-1.jpg","width":2560,"height":747},{"@type":"BreadcrumbList","@id":"https:\/\/deliforyou.com\/promocje\/#breadcrumb","itemListElement":[{"@type":"ListItem","position":1,"name":"Strona g\u0142\u00f3wna","item":"https:\/\/deliforyou.com\/en\/"},{"@type":"ListItem","position":2,"name":"Promocje"}]},{"@type":"WebSite","@id":"https:\/\/deliforyou.com\/en\/#website","url":"https:\/\/deliforyou.com\/en\/","name":"Deli 4 You Market","description":"","potentialAction":[{"@type":"SearchAction","target":{"@type":"EntryPoint","urlTemplate":"https:\/\/deliforyou.com\/en\/?s={search_term_string}"},"query-input":{"@type":"PropertyValueSpecification","valueRequired":true,"valueName":"search_term_string"}}],"inLanguage":""}]}},"_links":{"self":[{"href":"https:\/\/deliforyou.com\/en\/wp-json\/wp\/v2\/pages\/1068","targetHints":{"allow":["GET"]}}],"collection":[{"href":"https:\/\/deliforyou.com\/en\/wp-json\/wp\/v2\/pages"}],"about":[{"href":"https:\/\/deliforyou.com\/en\/wp-json\/wp\/v2\/types\/page"}],"author":[{"embeddable":true,"href":"https:\/\/deliforyou.com\/en\/wp-json\/wp\/v2\/users\/1"}],"replies":[{"embeddable":true,"href":"https:\/\/deliforyou.com\/en\/wp-json\/wp\/v2\/comments?post=1068"}],"version-history":[{"count":7,"href":"https:\/\/deliforyou.com\/en\/wp-json\/wp\/v2\/pages\/1068\/revisions"}],"predecessor-version":[{"id":1307,"href":"https:\/\/deliforyou.com\/en\/wp-json\/wp\/v2\/pages\/1068\/revisions\/1307"}],"wp:featuredmedia":[{"embeddable":true,"href":"https:\/\/deliforyou.com\/en\/wp-json\/wp\/v2\/media\/1186"}],"wp:attachment":[{"href":"https:\/\/deliforyou.com\/en\/wp-json\/wp\/v2\/media?parent=1068"}],"curies":[{"name":"wp","href":"https:\/\/api.w.org\/{rel}","templated":true}]}}